{"id":30168,"date":"2021-10-22T16:36:20","date_gmt":"2021-10-22T14:36:20","guid":{"rendered":"https:\/\/select-luxury.travel\/?page_id=30168"},"modified":"2026-03-13T16:51:00","modified_gmt":"2026-03-13T15:51:00","slug":"5%e2%98%85-the-ocean-club-a-four-seasons-resort-bahamas","status":"publish","type":"page","link":"https:\/\/select-luxury.travel\/en\/selections\/island-selections\/5%e2%98%85-the-ocean-club-a-four-seasons-resort-bahamas","title":{"rendered":"5\u2605 The Ocean Club, A Four Seasons Resort, Bahamas"},"content":{"rendered":"<p><strong>Caribbean hideaway in a garden like Versailles<\/strong><\/p>\n<p>Since its opening in 1962, The Ocean Club, A Four Seasons Resort, Bahamas has been a stomping ground for celebrities and discerning travellers on eight kilometres of natural white sand beach on Paradise Island. Experience the beauty of the Bahamas in an enclave of remarkable seclusion, where intimate low-rise buildings are nestled in 14 acres of Versailles-inspired lawns and gardens. Wake up with breakfast on your private balcony, then indulge in a relaxing treatment at one of the Balinese-style spa villas or play a round of golf at the Ocean Club Golf Course. However you spend your day, be sure to stop by the Martini Bar and Lounge for a nightcap.<\/p>\n<p>&nbsp;<\/p>","protected":false},"excerpt":{"rendered":"<p>Karibisches Hideaway in einem Garten wie in Versailles Seit seiner Er\u00f6ffnung im Jahr 1962 ist The Ocean Club, A Four Seasons Resort, Bahamas ein Tummelplatz f\u00fcr Prominente und anspruchsvolle Reisende an einem acht Kilometer langen, nat\u00fcrlichen, wei\u00dfen Sandstrand auf Paradise Island. Erleben Sie die Sch\u00f6nheit der Bahamas in einer Enklave von bemerkenswerter Abgeschiedenheit, in der [&hellip;]<\/p>","protected":false},"author":4,"featured_media":0,"parent":3048,"menu_order":0,"comment_status":"closed","ping_status":"closed","template":"page-reise_detail5.php","meta":{"_acf_changed":false,"inline_featured_image":false,"footnotes":""},"categories":[12,8],"tags":[],"class_list":["post-30168","page","type-page","status-publish","hentry","category-island-selections","category-reisen"],"acf":[],"_links":{"self":[{"href":"https:\/\/select-luxury.travel\/en\/wp-json\/wp\/v2\/pages\/30168","targetHints":{"allow":["GET"]}}],"collection":[{"href":"https:\/\/select-luxury.travel\/en\/wp-json\/wp\/v2\/pages"}],"about":[{"href":"https:\/\/select-luxury.travel\/en\/wp-json\/wp\/v2\/types\/page"}],"author":[{"embeddable":true,"href":"https:\/\/select-luxury.travel\/en\/wp-json\/wp\/v2\/users\/4"}],"replies":[{"embeddable":true,"href":"https:\/\/select-luxury.travel\/en\/wp-json\/wp\/v2\/comments?post=30168"}],"version-history":[{"count":24,"href":"https:\/\/select-luxury.travel\/en\/wp-json\/wp\/v2\/pages\/30168\/revisions"}],"predecessor-version":[{"id":69401,"href":"https:\/\/select-luxury.travel\/en\/wp-json\/wp\/v2\/pages\/30168\/revisions\/69401"}],"up":[{"embeddable":true,"href":"https:\/\/select-luxury.travel\/en\/wp-json\/wp\/v2\/pages\/3048"}],"wp:attachment":[{"href":"https:\/\/select-luxury.travel\/en\/wp-json\/wp\/v2\/media?parent=30168"}],"wp:term":[{"taxonomy":"category","embeddable":true,"href":"https:\/\/select-luxury.travel\/en\/wp-json\/wp\/v2\/categories?post=30168"},{"taxonomy":"post_tag","embeddable":true,"href":"https:\/\/select-luxury.travel\/en\/wp-json\/wp\/v2\/tags?post=30168"}],"curies":[{"name":"wp","href":"https:\/\/api.w.org\/{rel}","templated":true}]}}