{"id":30065,"date":"2021-10-21T15:19:53","date_gmt":"2021-10-21T13:19:53","guid":{"rendered":"https:\/\/select-luxury.travel\/?page_id=30065"},"modified":"2022-12-21T15:27:23","modified_gmt":"2022-12-21T14:27:23","slug":"5%e2%98%85-como-parrot-cay-turks-caicos","status":"publish","type":"page","link":"https:\/\/select-luxury.travel\/en\/selections\/island-selections\/5%e2%98%85-como-parrot-cay-turks-caicos","title":{"rendered":"5\u2605 COMO Parrot Cay, Turks &amp; Caicos"},"content":{"rendered":"<p><span class=\"text-braun\">COMO retreat in the Caribbean<\/span><\/p>\n<p>The award-winning private island resort on the Turks and Caicos Islands is a true luxury paradise: 1,000 hectares of unspoilt land, 1.5 km of white sand, peaceful beach houses and large, light-filled private residences. It's a place to retreat to in order to nourish body, mind and soul. The simple elegance of the COMO-style furnishings also contributes to this: Clear, bright colours and numerous wooden elements define the interior. In addition to the pool and beach, the award-winning spa guarantees relaxing hours with wellness treatments and Ayurveda treatments. The fitness centre not only offers state-of-the-art equipment, but also Pilates and yoga classes. The restaurants will spoil you with Mediterranean and Asian-inspired cuisine.<\/p>","protected":false},"excerpt":{"rendered":"<p>COMO-Refugium in der Karibik Das preisgekr\u00f6nte private Inselresort auf den Turks- und Caicos-Inseln ist ein wahres Luxusparadies: 1.000 Hektar unber\u00fchrtes Land, 1,5 km wei\u00dfer Sand, friedliche Strandh\u00e4user und gro\u00dfe, lichtdurchflutete Privatresidenzen. Es ist ein Ort, an den man sich zur\u00fcckziehen kann, um K\u00f6rper, Geist und Seele zu n\u00e4hren. Dazu tr\u00e4gt auch die schlichte Eleganz der [&hellip;]<\/p>\n","protected":false},"author":4,"featured_media":0,"parent":3048,"menu_order":0,"comment_status":"closed","ping_status":"closed","template":"page-reise_detail5.php","meta":{"_acf_changed":false,"inline_featured_image":false,"footnotes":""},"categories":[12,8,2],"tags":[],"class_list":["post-30065","page","type-page","status-publish","hentry","category-island-selections","category-reisen","category-unkategorisiert"],"acf":[],"_links":{"self":[{"href":"https:\/\/select-luxury.travel\/en\/wp-json\/wp\/v2\/pages\/30065","targetHints":{"allow":["GET"]}}],"collection":[{"href":"https:\/\/select-luxury.travel\/en\/wp-json\/wp\/v2\/pages"}],"about":[{"href":"https:\/\/select-luxury.travel\/en\/wp-json\/wp\/v2\/types\/page"}],"author":[{"embeddable":true,"href":"https:\/\/select-luxury.travel\/en\/wp-json\/wp\/v2\/users\/4"}],"replies":[{"embeddable":true,"href":"https:\/\/select-luxury.travel\/en\/wp-json\/wp\/v2\/comments?post=30065"}],"version-history":[{"count":39,"href":"https:\/\/select-luxury.travel\/en\/wp-json\/wp\/v2\/pages\/30065\/revisions"}],"predecessor-version":[{"id":36953,"href":"https:\/\/select-luxury.travel\/en\/wp-json\/wp\/v2\/pages\/30065\/revisions\/36953"}],"up":[{"embeddable":true,"href":"https:\/\/select-luxury.travel\/en\/wp-json\/wp\/v2\/pages\/3048"}],"wp:attachment":[{"href":"https:\/\/select-luxury.travel\/en\/wp-json\/wp\/v2\/media?parent=30065"}],"wp:term":[{"taxonomy":"category","embeddable":true,"href":"https:\/\/select-luxury.travel\/en\/wp-json\/wp\/v2\/categories?post=30065"},{"taxonomy":"post_tag","embeddable":true,"href":"https:\/\/select-luxury.travel\/en\/wp-json\/wp\/v2\/tags?post=30065"}],"curies":[{"name":"wp","href":"https:\/\/api.w.org\/{rel}","templated":true}]}}