{"id":2991,"date":"2018-08-03T11:51:41","date_gmt":"2018-08-03T09:51:41","guid":{"rendered":"https:\/\/select-luxury.travel\/?page_id=2991"},"modified":"2024-07-12T13:00:45","modified_gmt":"2024-07-12T11:00:45","slug":"north-island","status":"publish","type":"page","link":"https:\/\/select-luxury.travel\/en\/selections\/island-selections\/north-island","title":{"rendered":"6\u2605 North Island, Seychelles"},"content":{"rendered":"<p><span class=\"text-braun\">Unspoilt nature and unique luxury merge into pure happiness <\/span><\/p>\n<p>Probably no other place deserves the title of \"paradise\" as much as this completely secluded luxury island in the Inner Seychelles, just 30 kilometres from the main island of Mah\u00e9. Covering an area of just 2 square kilometres, you will see nothing but tropical nature and white dream beaches, framed by the bright turquoise of the Indian Ocean. And there, between towering coconut palms and evergreen takamaka trees, you will come across one of the most exclusive luxury retreats in the world. At this secluded location, you will feel the true Robinson Crusoe atmosphere in every fibre of your body. Spend carefree days enjoying unforgettable diving and snorkelling experiences in the breathtaking coral worlds off the island. Enjoy water sports in every conceivable form. Relax like never before with intensive yoga sessions or customised wellness treatments while listening to the cheerful chirping of numerous exotic bird species. Feel the unbridled power of nature and encounter impressive giant tortoises during extensive hikes or relaxing walks through the dense greenery. Whatever you do: There's a good chance that famous guests such as Prince Harry or actor George Clooney have already done it in the same place before you.<\/p>\n<p>The island can be reached in a 15-minute flight exclusively by helicopter from Mah\u00e9. Enjoy this seclusion in one of the few oversized, airy and light-flooded villas or reserve the island exclusively for friends and family. It goes without saying that the resort sets completely new standards in terms of service, enjoyment and comfort. Equally unique are the management's environmental protection endeavours, which focus on actively preserving and expanding the local flora and fauna.<\/p>","protected":false},"excerpt":{"rendered":"<p>Unber\u00fchrte Natur und einzigartiger Luxus verschmelzen zu reinem Gl\u00fcck Wahrscheinlich verdient kein anderer Ort das Pr\u00e4dikat \u201eparadiesisch\u201c so sehr wie diese v\u00f6llig abgeschiedene Luxusinsel der Inneren Seychellen, nur etwa 30 Kilometer von der Hauptinsel Mah\u00e9 entfernt. Auf einer Fl\u00e4che von nur 2 Quadratkilometern erblickt Ihr Auge ausschlie\u00dflich tropische Natur und wei\u00dfe Traumstr\u00e4nde, eingerahmt vom leuchtenden [&hellip;]<\/p>","protected":false},"author":3,"featured_media":0,"parent":3048,"menu_order":8,"comment_status":"closed","ping_status":"closed","template":"page-reise_detail5.php","meta":{"_acf_changed":false,"inline_featured_image":false,"footnotes":""},"categories":[12,8],"tags":[],"class_list":["post-2991","page","type-page","status-publish","hentry","category-island-selections","category-reisen"],"acf":[],"_links":{"self":[{"href":"https:\/\/select-luxury.travel\/en\/wp-json\/wp\/v2\/pages\/2991","targetHints":{"allow":["GET"]}}],"collection":[{"href":"https:\/\/select-luxury.travel\/en\/wp-json\/wp\/v2\/pages"}],"about":[{"href":"https:\/\/select-luxury.travel\/en\/wp-json\/wp\/v2\/types\/page"}],"author":[{"embeddable":true,"href":"https:\/\/select-luxury.travel\/en\/wp-json\/wp\/v2\/users\/3"}],"replies":[{"embeddable":true,"href":"https:\/\/select-luxury.travel\/en\/wp-json\/wp\/v2\/comments?post=2991"}],"version-history":[{"count":28,"href":"https:\/\/select-luxury.travel\/en\/wp-json\/wp\/v2\/pages\/2991\/revisions"}],"predecessor-version":[{"id":42903,"href":"https:\/\/select-luxury.travel\/en\/wp-json\/wp\/v2\/pages\/2991\/revisions\/42903"}],"up":[{"embeddable":true,"href":"https:\/\/select-luxury.travel\/en\/wp-json\/wp\/v2\/pages\/3048"}],"wp:attachment":[{"href":"https:\/\/select-luxury.travel\/en\/wp-json\/wp\/v2\/media?parent=2991"}],"wp:term":[{"taxonomy":"category","embeddable":true,"href":"https:\/\/select-luxury.travel\/en\/wp-json\/wp\/v2\/categories?post=2991"},{"taxonomy":"post_tag","embeddable":true,"href":"https:\/\/select-luxury.travel\/en\/wp-json\/wp\/v2\/tags?post=2991"}],"curies":[{"name":"wp","href":"https:\/\/api.w.org\/{rel}","templated":true}]}}