{"id":29824,"date":"2021-10-20T14:04:04","date_gmt":"2021-10-20T12:04:04","guid":{"rendered":"https:\/\/select-luxury.travel\/?page_id=29824"},"modified":"2025-01-27T12:01:35","modified_gmt":"2025-01-27T11:01:35","slug":"5%e2%98%85-four-seasons-resort-nevis","status":"publish","type":"page","link":"https:\/\/select-luxury.travel\/en\/selections\/island-selections\/5%e2%98%85-four-seasons-resort-nevis","title":{"rendered":"5\u2605 Four Seasons Resort Nevis"},"content":{"rendered":"<p><span class=\"text-braun\">Exclusive oasis of peace between the Caribbean and the Atlantic<\/span><br \/>\nThe Four Seasons Resort Nevis is located on the picturesque island of Nevis, one of the unspoilt jewels of the Caribbean. Nestled between the gentle lapping of the Atlantic Ocean and the lush green hills of Nevis Peak, the resort combines natural beauty with timeless elegance. The expansive tropical garden, interspersed with palm groves and bougainvillea, invites you to take a stroll, while the golden sandy beach, which borders directly on the resort, offers the perfect retreat for those seeking relaxation.<\/p>\n<p>A highlight is the sustainable construction, which is harmoniously integrated into the natural surroundings and gives guests a feeling of exclusivity without detracting from the beauty of the environment. The airport is only a short drive away and yet you feel like you are in a secluded oasis, far away from the hustle and bustle of everyday life.<\/p>","protected":false},"excerpt":{"rendered":"<p>Exklusive Ruheoase zwischen Karibik und Atlantik Das Four Seasons Resort Nevis liegt auf der malerischen Insel Nevis, einem der unber\u00fchrten Juwelen der Karibik. Eingebettet zwischen dem sanften Rauschen des Atlantiks und den \u00fcppig gr\u00fcnen H\u00fcgeln des Nevis Peak, vereint das Resort nat\u00fcrliche Sch\u00f6nheit mit zeitloser Eleganz. Der weitl\u00e4ufige tropische Garten, durchzogen von Palmenhainen und Bougainvillea, [&hellip;]<\/p>","protected":false},"author":4,"featured_media":0,"parent":3048,"menu_order":0,"comment_status":"closed","ping_status":"closed","template":"page-reise_detail5.php","meta":{"_acf_changed":false,"inline_featured_image":false,"footnotes":""},"categories":[12,8,2],"tags":[],"class_list":["post-29824","page","type-page","status-publish","hentry","category-island-selections","category-reisen","category-unkategorisiert"],"acf":[],"_links":{"self":[{"href":"https:\/\/select-luxury.travel\/en\/wp-json\/wp\/v2\/pages\/29824","targetHints":{"allow":["GET"]}}],"collection":[{"href":"https:\/\/select-luxury.travel\/en\/wp-json\/wp\/v2\/pages"}],"about":[{"href":"https:\/\/select-luxury.travel\/en\/wp-json\/wp\/v2\/types\/page"}],"author":[{"embeddable":true,"href":"https:\/\/select-luxury.travel\/en\/wp-json\/wp\/v2\/users\/4"}],"replies":[{"embeddable":true,"href":"https:\/\/select-luxury.travel\/en\/wp-json\/wp\/v2\/comments?post=29824"}],"version-history":[{"count":38,"href":"https:\/\/select-luxury.travel\/en\/wp-json\/wp\/v2\/pages\/29824\/revisions"}],"predecessor-version":[{"id":64829,"href":"https:\/\/select-luxury.travel\/en\/wp-json\/wp\/v2\/pages\/29824\/revisions\/64829"}],"up":[{"embeddable":true,"href":"https:\/\/select-luxury.travel\/en\/wp-json\/wp\/v2\/pages\/3048"}],"wp:attachment":[{"href":"https:\/\/select-luxury.travel\/en\/wp-json\/wp\/v2\/media?parent=29824"}],"wp:term":[{"taxonomy":"category","embeddable":true,"href":"https:\/\/select-luxury.travel\/en\/wp-json\/wp\/v2\/categories?post=29824"},{"taxonomy":"post_tag","embeddable":true,"href":"https:\/\/select-luxury.travel\/en\/wp-json\/wp\/v2\/tags?post=29824"}],"curies":[{"name":"wp","href":"https:\/\/api.w.org\/{rel}","templated":true}]}}