{"id":29139,"date":"2021-10-12T14:38:02","date_gmt":"2021-10-12T12:38:02","guid":{"rendered":"https:\/\/select-luxury.travel\/?page_id=29139"},"modified":"2022-06-10T10:09:43","modified_gmt":"2022-06-10T08:09:43","slug":"5%e2%98%85-jade-mountain-resort","status":"publish","type":"page","link":"https:\/\/select-luxury.travel\/en\/selections\/island-selections\/5%e2%98%85-jade-mountain-resort","title":{"rendered":"5\u2605 Jade Mountain Resort"},"content":{"rendered":"<p><span class=\"text-braun\">Architectural hideaway in a breathtakingly beautiful landscape with a dream view of Jade Mountain<\/span><\/p>\n<p>This little piece of heaven in the middle of the Caribbean is unbelievably beautiful: a fantastic mix of incredible nature and great beaches makes the dream island of St Lucia a true paradise. The Jade Mountain Resort on the south-western Caribbean coast of St Lucia rises majestically above the 600-hectare beach resort of Anse Chastanet and is an absolute highlight of organic architecture that celebrates the breathtaking scenic beauty of St Lucia. Architect and owner Nick Troubetzkoy has realised his philosophy of building in harmony with Caribbean nature with the creation of Jade Mountain St. Lucia. The bold architectural design - individual bridges leading to extraordinary infinity pool sanctuaries and jagged stone pillars reaching into the sky - make Jade Mountain St Lucia one of the most mesmerising resorts in the Caribbean.<\/p>","protected":false},"excerpt":{"rendered":"<p>Architektonisches Hideaway in atemberaubend sch\u00f6ner Landschaft mit Traumblick auf den Jade Mountain Unfassbar sch\u00f6n ist dieses kleine St\u00fcck Himmel mitten in der Karibik: ein fantastischer Mix aus unglaublicher Natur und tollen Str\u00e4nden macht die Trauminsel St. Lucia zu einem echten Paradies. Das Jade Mountain Resort an der s\u00fcdwestlichen Karibikk\u00fcste von St. Lucia erhebt sich majest\u00e4tisch [&hellip;]<\/p>\n","protected":false},"author":4,"featured_media":0,"parent":3048,"menu_order":0,"comment_status":"closed","ping_status":"closed","template":"page-reise_detail5.php","meta":{"_acf_changed":false,"inline_featured_image":false,"footnotes":""},"categories":[12,8,2],"tags":[],"class_list":["post-29139","page","type-page","status-publish","hentry","category-island-selections","category-reisen","category-unkategorisiert"],"acf":[],"_links":{"self":[{"href":"https:\/\/select-luxury.travel\/en\/wp-json\/wp\/v2\/pages\/29139","targetHints":{"allow":["GET"]}}],"collection":[{"href":"https:\/\/select-luxury.travel\/en\/wp-json\/wp\/v2\/pages"}],"about":[{"href":"https:\/\/select-luxury.travel\/en\/wp-json\/wp\/v2\/types\/page"}],"author":[{"embeddable":true,"href":"https:\/\/select-luxury.travel\/en\/wp-json\/wp\/v2\/users\/4"}],"replies":[{"embeddable":true,"href":"https:\/\/select-luxury.travel\/en\/wp-json\/wp\/v2\/comments?post=29139"}],"version-history":[{"count":31,"href":"https:\/\/select-luxury.travel\/en\/wp-json\/wp\/v2\/pages\/29139\/revisions"}],"predecessor-version":[{"id":35743,"href":"https:\/\/select-luxury.travel\/en\/wp-json\/wp\/v2\/pages\/29139\/revisions\/35743"}],"up":[{"embeddable":true,"href":"https:\/\/select-luxury.travel\/en\/wp-json\/wp\/v2\/pages\/3048"}],"wp:attachment":[{"href":"https:\/\/select-luxury.travel\/en\/wp-json\/wp\/v2\/media?parent=29139"}],"wp:term":[{"taxonomy":"category","embeddable":true,"href":"https:\/\/select-luxury.travel\/en\/wp-json\/wp\/v2\/categories?post=29139"},{"taxonomy":"post_tag","embeddable":true,"href":"https:\/\/select-luxury.travel\/en\/wp-json\/wp\/v2\/tags?post=29139"}],"curies":[{"name":"wp","href":"https:\/\/api.w.org\/{rel}","templated":true}]}}