{"id":28803,"date":"2021-10-19T16:48:56","date_gmt":"2021-10-19T14:48:56","guid":{"rendered":"https:\/\/select-luxury.travel\/?page_id=28803"},"modified":"2025-01-23T10:21:49","modified_gmt":"2025-01-23T09:21:49","slug":"5%e2%98%85-hotel-le-toiny","status":"publish","type":"page","link":"https:\/\/select-luxury.travel\/en\/selections\/island-selections\/5%e2%98%85-hotel-le-toiny","title":{"rendered":"5\u2605 Hotel Le Toiny"},"content":{"rendered":"<p><span class=\"text-braun\">Your dream holiday at Le Toiny<\/span><\/p>\n<p>Hotel Le Toiny on St Barth\u00e9lemy is a place where luxury and nature come together in perfect harmony. This exclusive hideaway offers you the opportunity to completely switch off and discover the raw, unspoilt beauty of the Caribbean - whether in your private villa with infinity pool, with culinary delights in the award-winning restaurant or with unforgettable experiences in the breathtaking surroundings. Here, French elegance meets Caribbean charm, and every moment is designed to be a personalised highlight of your stay.<\/p>\n<p>From the laid-back tranquillity of the C\u00f4te Sauvage to the luxurious experiences of the hotel, Le Toiny is the perfect place for travellers looking for an unrivalled retreat. Whether you want to enjoy time to yourself or experience new adventures, this resort will exceed all your expectations.<\/p>","protected":false},"excerpt":{"rendered":"<p>Ihr Traumaufenthalt im Le Toiny Das Hotel Le Toiny auf St. Barth\u00e9lemy ist ein Ort, an dem sich Luxus und Natur in perfekter Harmonie vereinen. Dieses exklusive Refugium bietet Ihnen die M\u00f6glichkeit, vollkommen abzuschalten und die rauen, unber\u00fchrten Sch\u00f6nheiten der Karibik zu entdecken \u2013 ob in Ihrer privaten Villa mit Infinity-Pool, bei kulinarischen Gen\u00fcssen im [&hellip;]<\/p>","protected":false},"author":4,"featured_media":0,"parent":3048,"menu_order":0,"comment_status":"closed","ping_status":"closed","template":"page-reise_detail5.php","meta":{"_acf_changed":false,"inline_featured_image":false,"footnotes":""},"categories":[12,8],"tags":[],"class_list":["post-28803","page","type-page","status-publish","hentry","category-island-selections","category-reisen"],"acf":[],"_links":{"self":[{"href":"https:\/\/select-luxury.travel\/en\/wp-json\/wp\/v2\/pages\/28803","targetHints":{"allow":["GET"]}}],"collection":[{"href":"https:\/\/select-luxury.travel\/en\/wp-json\/wp\/v2\/pages"}],"about":[{"href":"https:\/\/select-luxury.travel\/en\/wp-json\/wp\/v2\/types\/page"}],"author":[{"embeddable":true,"href":"https:\/\/select-luxury.travel\/en\/wp-json\/wp\/v2\/users\/4"}],"replies":[{"embeddable":true,"href":"https:\/\/select-luxury.travel\/en\/wp-json\/wp\/v2\/comments?post=28803"}],"version-history":[{"count":41,"href":"https:\/\/select-luxury.travel\/en\/wp-json\/wp\/v2\/pages\/28803\/revisions"}],"predecessor-version":[{"id":64782,"href":"https:\/\/select-luxury.travel\/en\/wp-json\/wp\/v2\/pages\/28803\/revisions\/64782"}],"up":[{"embeddable":true,"href":"https:\/\/select-luxury.travel\/en\/wp-json\/wp\/v2\/pages\/3048"}],"wp:attachment":[{"href":"https:\/\/select-luxury.travel\/en\/wp-json\/wp\/v2\/media?parent=28803"}],"wp:term":[{"taxonomy":"category","embeddable":true,"href":"https:\/\/select-luxury.travel\/en\/wp-json\/wp\/v2\/categories?post=28803"},{"taxonomy":"post_tag","embeddable":true,"href":"https:\/\/select-luxury.travel\/en\/wp-json\/wp\/v2\/tags?post=28803"}],"curies":[{"name":"wp","href":"https:\/\/api.w.org\/{rel}","templated":true}]}}