{"id":28724,"date":"2021-10-07T13:42:44","date_gmt":"2021-10-07T11:42:44","guid":{"rendered":"https:\/\/select-luxury.travel\/?page_id=28724"},"modified":"2025-01-17T14:08:52","modified_gmt":"2025-01-17T13:08:52","slug":"5%e2%98%85-rosewood-le-guanahani-st-barth","status":"publish","type":"page","link":"https:\/\/select-luxury.travel\/en\/selections\/private\/5%e2%98%85-rosewood-le-guanahani-st-barth","title":{"rendered":"5\u2605 Rosewood Le Guanahani St. Barth"},"content":{"rendered":"<p><span class=\"text-braun\">Escape to the luxurious paradise of Rosewood Le Guanahani St. Barth and enjoy Caribbean exclusivity in one of the most beautiful corners of the world - your personal retreat awaits you!<\/span><\/p>\n<p>Rosewood Le Guanahani St Barth is the perfect place to immerse yourself in the world of luxury island paradise. With its stunning location, exquisite gastronomy, elegant accommodation and a range of activities and wellness experiences that leave nothing to be desired, it offers everything a discerning traveller's heart desires. Whether you're relaxing on the private beach, feasting in an exclusive restaurant or enjoying a soothing spa treatment, this resort lets you forget everyday life and immerse yourself in a world of beauty and tranquillity.<\/p>","protected":false},"excerpt":{"rendered":"<p>Entfliehen Sie in das luxuri\u00f6se Paradies des Rosewood Le Guanahani St. Barth und genie\u00dfen Sie karibische Exklusivit\u00e4t in einer der sch\u00f6nsten Ecken der Welt \u2013 Ihr pers\u00f6nlicher R\u00fcckzugsort erwartet Sie! Das Rosewood Le Guanahani St. Barth ist der perfekte Ort, um in die Welt des luxuri\u00f6sen Inselparadieses einzutauchen. Mit seiner atemberaubenden Lage, exquisiten Gastronomie, eleganten [&hellip;]<\/p>","protected":false},"author":4,"featured_media":0,"parent":514,"menu_order":0,"comment_status":"closed","ping_status":"closed","template":"page-reise_detail5.php","meta":{"_acf_changed":false,"inline_featured_image":false,"footnotes":""},"categories":[12,8,2],"tags":[],"class_list":["post-28724","page","type-page","status-publish","hentry","category-island-selections","category-reisen","category-unkategorisiert"],"acf":[],"_links":{"self":[{"href":"https:\/\/select-luxury.travel\/en\/wp-json\/wp\/v2\/pages\/28724","targetHints":{"allow":["GET"]}}],"collection":[{"href":"https:\/\/select-luxury.travel\/en\/wp-json\/wp\/v2\/pages"}],"about":[{"href":"https:\/\/select-luxury.travel\/en\/wp-json\/wp\/v2\/types\/page"}],"author":[{"embeddable":true,"href":"https:\/\/select-luxury.travel\/en\/wp-json\/wp\/v2\/users\/4"}],"replies":[{"embeddable":true,"href":"https:\/\/select-luxury.travel\/en\/wp-json\/wp\/v2\/comments?post=28724"}],"version-history":[{"count":34,"href":"https:\/\/select-luxury.travel\/en\/wp-json\/wp\/v2\/pages\/28724\/revisions"}],"predecessor-version":[{"id":64761,"href":"https:\/\/select-luxury.travel\/en\/wp-json\/wp\/v2\/pages\/28724\/revisions\/64761"}],"up":[{"embeddable":true,"href":"https:\/\/select-luxury.travel\/en\/wp-json\/wp\/v2\/pages\/514"}],"wp:attachment":[{"href":"https:\/\/select-luxury.travel\/en\/wp-json\/wp\/v2\/media?parent=28724"}],"wp:term":[{"taxonomy":"category","embeddable":true,"href":"https:\/\/select-luxury.travel\/en\/wp-json\/wp\/v2\/categories?post=28724"},{"taxonomy":"post_tag","embeddable":true,"href":"https:\/\/select-luxury.travel\/en\/wp-json\/wp\/v2\/tags?post=28724"}],"curies":[{"name":"wp","href":"https:\/\/api.w.org\/{rel}","templated":true}]}}