{"id":28292,"date":"2021-09-30T15:47:16","date_gmt":"2021-09-30T13:47:16","guid":{"rendered":"https:\/\/select-luxury.travel\/?page_id=28292"},"modified":"2022-12-21T10:48:03","modified_gmt":"2022-12-21T09:48:03","slug":"5%e2%98%85-rosewood-little-dix-bay-british-virgin-islands","status":"publish","type":"page","link":"https:\/\/select-luxury.travel\/en\/selections\/island-selections\/5%e2%98%85-rosewood-little-dix-bay-british-virgin-islands","title":{"rendered":"5\u2605 Rosewood Little Dix Bay, British Virgin Islands"},"content":{"rendered":"<p><span class=\"text-braun\">Dreamlike island paradise in the small Caribbean, sustainable luxury resort on Virgin Gorda<\/span><\/p>\n<p>A dream come true: the new Rosewood Little Dix Bay on the small, tranquil Caribbean island of Virgin Gorda has been awaiting you on one of the most beautiful coasts in the entire Caribbean since 2020. The extraordinary Rosewood Little Dix Bay Resort is located on a fantastically beautiful, elongated, crescent-shaped bay with a fine white sandy beach. It is surrounded by tropical nature and gentle green hills. The offshore coral reef offers excellent snorkelling opportunities, turquoise waters and a wonderful beach. You can take the free water taxi to 13 other beaches in the surrounding area and enjoy their seclusion with a picnic. The rooms and suites of the Rosewood Little Dix Bay with their colourful interiors blend harmoniously into the natural surroundings and are not visible from the water. The hotel is one of the best addresses in the Caribbean. Just like the restaurants, here you can expect flavours of the highest quality. Great emphasis is placed on healthy dishes with ingredients from the hotel's own cultivation. Sustainability takes centre stage in every aspect of the hotel's operations.<\/p>","protected":false},"excerpt":{"rendered":"<p>Traumhaftes Inselparadies in der kleinen Karibik, nachhaltiges Luxusresort auf Virgin Gorda Ein Traum wird wahr, an einer der sch\u00f6nsten K\u00fcsten der gesamten Karibik erwartet Sie seit 2020 das neue Rosewood Little Dix Bay auf der kleinen, stillen Karibikinsel Virgin Gorda. Das au\u00dfergew\u00f6hnliche Rosewood Little Dix Bay Resort liegt an einer traumhaft sch\u00f6nen, lang gestreckten, sichelf\u00f6rmigen [&hellip;]<\/p>","protected":false},"author":4,"featured_media":0,"parent":3048,"menu_order":0,"comment_status":"closed","ping_status":"closed","template":"page-reise_detail5.php","meta":{"_acf_changed":false,"inline_featured_image":false,"footnotes":""},"categories":[12,8],"tags":[],"class_list":["post-28292","page","type-page","status-publish","hentry","category-island-selections","category-reisen"],"acf":[],"_links":{"self":[{"href":"https:\/\/select-luxury.travel\/en\/wp-json\/wp\/v2\/pages\/28292","targetHints":{"allow":["GET"]}}],"collection":[{"href":"https:\/\/select-luxury.travel\/en\/wp-json\/wp\/v2\/pages"}],"about":[{"href":"https:\/\/select-luxury.travel\/en\/wp-json\/wp\/v2\/types\/page"}],"author":[{"embeddable":true,"href":"https:\/\/select-luxury.travel\/en\/wp-json\/wp\/v2\/users\/4"}],"replies":[{"embeddable":true,"href":"https:\/\/select-luxury.travel\/en\/wp-json\/wp\/v2\/comments?post=28292"}],"version-history":[{"count":27,"href":"https:\/\/select-luxury.travel\/en\/wp-json\/wp\/v2\/pages\/28292\/revisions"}],"predecessor-version":[{"id":36949,"href":"https:\/\/select-luxury.travel\/en\/wp-json\/wp\/v2\/pages\/28292\/revisions\/36949"}],"up":[{"embeddable":true,"href":"https:\/\/select-luxury.travel\/en\/wp-json\/wp\/v2\/pages\/3048"}],"wp:attachment":[{"href":"https:\/\/select-luxury.travel\/en\/wp-json\/wp\/v2\/media?parent=28292"}],"wp:term":[{"taxonomy":"category","embeddable":true,"href":"https:\/\/select-luxury.travel\/en\/wp-json\/wp\/v2\/categories?post=28292"},{"taxonomy":"post_tag","embeddable":true,"href":"https:\/\/select-luxury.travel\/en\/wp-json\/wp\/v2\/tags?post=28292"}],"curies":[{"name":"wp","href":"https:\/\/api.w.org\/{rel}","templated":true}]}}