{"id":27979,"date":"2021-09-27T15:08:39","date_gmt":"2021-09-27T13:08:39","guid":{"rendered":"https:\/\/select-luxury.travel\/?page_id=27979"},"modified":"2026-03-13T16:36:01","modified_gmt":"2026-03-13T15:36:01","slug":"5%e2%98%85-oneonly-palmilla","status":"publish","type":"page","link":"https:\/\/select-luxury.travel\/en\/selections\/island-selections\/5%e2%98%85-oneonly-palmilla","title":{"rendered":"5\u2605 One&amp;Only Palmilla"},"content":{"rendered":"<p><span class=\"text-braun\">An oasis of exclusivity on Mexico's legendary coast.<\/span><br \/>\nAmidst the untamed beauty of Baja California sits One&amp;Only Palmilla, a legendary 5-star resort that has been delighting discerning travellers from all over the world for decades. Located directly on one of Los Cabos' rare swimmable beaches, the resort combines Mexican charm with timeless elegance. At the heart of the resort are lush tropical gardens, immaculate views of the emerald green sea and architecture that reflects the spirit of the old missions.<\/p>","protected":false},"excerpt":{"rendered":"<p>Eine Oase der Exklusivit\u00e4t an Mexikos legend\u00e4rer K\u00fcste. Inmitten der ungez\u00e4hmten Sch\u00f6nheit der Baja California thront das One&#038;Only Palmilla, ein legend\u00e4res 5-Sterne-Resort, das seit Jahrzehnten anspruchsvolle Reisende aus aller Welt begeistert. Direkt an einem der seltenen, schwimmbaren Str\u00e4nde von Los Cabos gelegen, verbindet das Resort mexikanischen Charme mit zeitloser Eleganz. Das Herzst\u00fcck der Anlage sind [&hellip;]<\/p>\n","protected":false},"author":4,"featured_media":0,"parent":3048,"menu_order":0,"comment_status":"closed","ping_status":"closed","template":"page-reise_detail5.php","meta":{"_acf_changed":false,"inline_featured_image":false,"footnotes":""},"categories":[12,8,2],"tags":[],"class_list":["post-27979","page","type-page","status-publish","hentry","category-island-selections","category-reisen","category-unkategorisiert"],"acf":[],"_links":{"self":[{"href":"https:\/\/select-luxury.travel\/en\/wp-json\/wp\/v2\/pages\/27979","targetHints":{"allow":["GET"]}}],"collection":[{"href":"https:\/\/select-luxury.travel\/en\/wp-json\/wp\/v2\/pages"}],"about":[{"href":"https:\/\/select-luxury.travel\/en\/wp-json\/wp\/v2\/types\/page"}],"author":[{"embeddable":true,"href":"https:\/\/select-luxury.travel\/en\/wp-json\/wp\/v2\/users\/4"}],"replies":[{"embeddable":true,"href":"https:\/\/select-luxury.travel\/en\/wp-json\/wp\/v2\/comments?post=27979"}],"version-history":[{"count":39,"href":"https:\/\/select-luxury.travel\/en\/wp-json\/wp\/v2\/pages\/27979\/revisions"}],"predecessor-version":[{"id":69388,"href":"https:\/\/select-luxury.travel\/en\/wp-json\/wp\/v2\/pages\/27979\/revisions\/69388"}],"up":[{"embeddable":true,"href":"https:\/\/select-luxury.travel\/en\/wp-json\/wp\/v2\/pages\/3048"}],"wp:attachment":[{"href":"https:\/\/select-luxury.travel\/en\/wp-json\/wp\/v2\/media?parent=27979"}],"wp:term":[{"taxonomy":"category","embeddable":true,"href":"https:\/\/select-luxury.travel\/en\/wp-json\/wp\/v2\/categories?post=27979"},{"taxonomy":"post_tag","embeddable":true,"href":"https:\/\/select-luxury.travel\/en\/wp-json\/wp\/v2\/tags?post=27979"}],"curies":[{"name":"wp","href":"https:\/\/api.w.org\/{rel}","templated":true}]}}