{"id":27895,"date":"2021-09-27T12:07:47","date_gmt":"2021-09-27T10:07:47","guid":{"rendered":"https:\/\/select-luxury.travel\/?page_id=27895"},"modified":"2022-06-10T10:22:36","modified_gmt":"2022-06-10T08:22:36","slug":"5%e2%98%85-cap-juluca-a-belmond-hotel-anguilla","status":"publish","type":"page","link":"https:\/\/select-luxury.travel\/en\/selections\/island-selections\/5%e2%98%85-cap-juluca-a-belmond-hotel-anguilla","title":{"rendered":"5\u2605 Cap Juluca, A Belmond Hotel, Anguilla"},"content":{"rendered":"<p><span class=\"text-braun\">One of the most beautiful beach hotels in the Caribbean, the ultimate barefoot luxury holiday<\/span><\/p>\n<p>Experience relaxation at the highest level in the most exclusive retreat on the unspoilt coast of Anguilla. The luxury resort Cap Juluca is a dreamlike retreat that stretches across what is probably the most beautiful beach in the Caribbean. Feel the breeze blowing across your private terrace. Each room is an oasis right on the beach. Discover an island famed for its pristine sands, expansive coral reefs and unrivalled culinary diversity. Or simply breathe in the sea air, relax and let the hours pass by. Because of its beauty, the bay has been the setting for famous international adverts. All of the resort's rooms and suites offer you a view of this dreamlike backdrop with its picture-book beach.<\/p>","protected":false},"excerpt":{"rendered":"<p>Eines der sch\u00f6nsten Beach-Hotels in der Karibik, ultimativer Barfu\u00df-Luxusurlaub Erleben Sie Entspannung auf h\u00f6chstem Niveau im exklusivsten Refugium an der unber\u00fchrten K\u00fcste Anguillas. Das Luxusresort Cap Juluca ist ein traumhaftes Refugium, das sich \u00fcber den wohl sch\u00f6nsten Strand der Karibik erstreckt. Sp\u00fcren Sie die Brise, die \u00fcber Ihre private Terrasse weht. Jedes Zimmer ist eine [&hellip;]<\/p>","protected":false},"author":4,"featured_media":0,"parent":3048,"menu_order":0,"comment_status":"closed","ping_status":"closed","template":"page-reise_detail5.php","meta":{"_acf_changed":false,"inline_featured_image":false,"footnotes":""},"categories":[12,8,2],"tags":[],"class_list":["post-27895","page","type-page","status-publish","hentry","category-island-selections","category-reisen","category-unkategorisiert"],"acf":[],"_links":{"self":[{"href":"https:\/\/select-luxury.travel\/en\/wp-json\/wp\/v2\/pages\/27895","targetHints":{"allow":["GET"]}}],"collection":[{"href":"https:\/\/select-luxury.travel\/en\/wp-json\/wp\/v2\/pages"}],"about":[{"href":"https:\/\/select-luxury.travel\/en\/wp-json\/wp\/v2\/types\/page"}],"author":[{"embeddable":true,"href":"https:\/\/select-luxury.travel\/en\/wp-json\/wp\/v2\/users\/4"}],"replies":[{"embeddable":true,"href":"https:\/\/select-luxury.travel\/en\/wp-json\/wp\/v2\/comments?post=27895"}],"version-history":[{"count":44,"href":"https:\/\/select-luxury.travel\/en\/wp-json\/wp\/v2\/pages\/27895\/revisions"}],"predecessor-version":[{"id":35775,"href":"https:\/\/select-luxury.travel\/en\/wp-json\/wp\/v2\/pages\/27895\/revisions\/35775"}],"up":[{"embeddable":true,"href":"https:\/\/select-luxury.travel\/en\/wp-json\/wp\/v2\/pages\/3048"}],"wp:attachment":[{"href":"https:\/\/select-luxury.travel\/en\/wp-json\/wp\/v2\/media?parent=27895"}],"wp:term":[{"taxonomy":"category","embeddable":true,"href":"https:\/\/select-luxury.travel\/en\/wp-json\/wp\/v2\/categories?post=27895"},{"taxonomy":"post_tag","embeddable":true,"href":"https:\/\/select-luxury.travel\/en\/wp-json\/wp\/v2\/tags?post=27895"}],"curies":[{"name":"wp","href":"https:\/\/api.w.org\/{rel}","templated":true}]}}