{"id":27801,"date":"2021-09-27T09:53:02","date_gmt":"2021-09-27T07:53:02","guid":{"rendered":"https:\/\/select-luxury.travel\/?page_id=27801"},"modified":"2026-03-13T16:36:57","modified_gmt":"2026-03-13T15:36:57","slug":"5%e2%98%85-oneonly-mandarina","status":"publish","type":"page","link":"https:\/\/select-luxury.travel\/en\/selections\/island-selections\/5%e2%98%85-oneonly-mandarina","title":{"rendered":"5\u2605 One&amp;Only Mandarina"},"content":{"rendered":"<p><span class=\"text-braun\">A place where nature and luxury embrace each other<\/span><\/p>\n<p>Nestled in the lush wilderness of Mexico, between unspoilt rainforests and the endless blue of the Pacific Ocean, the One&amp;Only Mandarina is an oasis of perfect elegance. In this extraordinary resort, breathtaking nature and architectural masterpieces merge into a symphony of exclusivity and originality. Located directly on the coast of the Riviera Nayarit, the resort offers a spectacular backdrop of rugged cliffs, golden sandy beaches and lush jungle gardens. The architecture is so thoughtfully integrated into the landscape that each villa and tree house feels like a natural extension of its surroundings - stylish, sustainable and equipped with the highest level of comfort.<\/p>","protected":false},"excerpt":{"rendered":"<p>Ein Ort, an dem sich Natur und Luxus umarmen Eingebettet in die \u00fcppige Wildnis Mexikos, zwischen unber\u00fchrten Regenw\u00e4ldern und dem endlosen Blau des Pazifiks, erhebt sich das One&#038;Only Mandarina als eine Oase vollendeter Eleganz. In diesem au\u00dfergew\u00f6hnlichen Resort verschmelzen atemberaubende Natur und architektonische Meisterwerke zu einer Symphonie aus Exklusivit\u00e4t und Urspr\u00fcnglichkeit. Direkt an der K\u00fcste [&hellip;]<\/p>","protected":false},"author":4,"featured_media":0,"parent":3048,"menu_order":0,"comment_status":"closed","ping_status":"closed","template":"page-reise_detail5.php","meta":{"_acf_changed":false,"inline_featured_image":false,"footnotes":""},"categories":[12,61,8],"tags":[],"class_list":["post-27801","page","type-page","status-publish","hentry","category-island-selections","category-luxuryhotels","category-reisen"],"acf":[],"_links":{"self":[{"href":"https:\/\/select-luxury.travel\/en\/wp-json\/wp\/v2\/pages\/27801","targetHints":{"allow":["GET"]}}],"collection":[{"href":"https:\/\/select-luxury.travel\/en\/wp-json\/wp\/v2\/pages"}],"about":[{"href":"https:\/\/select-luxury.travel\/en\/wp-json\/wp\/v2\/types\/page"}],"author":[{"embeddable":true,"href":"https:\/\/select-luxury.travel\/en\/wp-json\/wp\/v2\/users\/4"}],"replies":[{"embeddable":true,"href":"https:\/\/select-luxury.travel\/en\/wp-json\/wp\/v2\/comments?post=27801"}],"version-history":[{"count":42,"href":"https:\/\/select-luxury.travel\/en\/wp-json\/wp\/v2\/pages\/27801\/revisions"}],"predecessor-version":[{"id":69389,"href":"https:\/\/select-luxury.travel\/en\/wp-json\/wp\/v2\/pages\/27801\/revisions\/69389"}],"up":[{"embeddable":true,"href":"https:\/\/select-luxury.travel\/en\/wp-json\/wp\/v2\/pages\/3048"}],"wp:attachment":[{"href":"https:\/\/select-luxury.travel\/en\/wp-json\/wp\/v2\/media?parent=27801"}],"wp:term":[{"taxonomy":"category","embeddable":true,"href":"https:\/\/select-luxury.travel\/en\/wp-json\/wp\/v2\/categories?post=27801"},{"taxonomy":"post_tag","embeddable":true,"href":"https:\/\/select-luxury.travel\/en\/wp-json\/wp\/v2\/tags?post=27801"}],"curies":[{"name":"wp","href":"https:\/\/api.w.org\/{rel}","templated":true}]}}