{"id":27663,"date":"2021-09-21T14:53:25","date_gmt":"2021-09-21T12:53:25","guid":{"rendered":"https:\/\/select-luxury.travel\/?page_id=27663"},"modified":"2026-03-13T16:34:31","modified_gmt":"2026-03-13T15:34:31","slug":"5%e2%98%85-kasiiya-papagayo","status":"publish","type":"page","link":"https:\/\/select-luxury.travel\/en\/selections\/island-selections\/5%e2%98%85-kasiiya-papagayo","title":{"rendered":"5\u2605 Kasiiya Papagayo, Costa Rica"},"content":{"rendered":"<p><span class=\"text-braun\">The hideaway! Kasiiya is not a normal luxury hotel, it is part of nature with fantastic tented suites on a private peninsula on the Pacific Ocean<\/span><\/p>\n<p>The hotel is currently closed. We will be happy to advise you on alternatives.<\/p>\n<p>Kasiiya Papagayo consists of just a handful of award-winning tented suites with gorgeous ocean views, located on a 50-acre private peninsula of unspoilt nature, in the pristine jungle and beach in Guanacaste, Costa Rica. Three knowledgeable local naturalist guides are on hand to introduce you to the wonders of the last tropical dry forest in Central America as well as the extraordinary local communities. Kasiiya's tented suites enhance the sense of place by immersing you in nature. Suites on the beach or on the cliffs overlooking the sunset, Kasiiya offers guests the ultimate escape and privacy. The word 'kasiiya' means 'rhythm of life' in Swahili. We believe that everyone has their own rhythm, and our team empowers guests to find it by strengthening their connection to nature.<\/p>","protected":false},"excerpt":{"rendered":"<p>Das Refugium! Kasiiya ist kein normales Luxushotel, es ist Teil der Natur mit phantastischen Zelt-Suiten auf einer privaten Halbinsel am Pazifik Das Hotel ist aktuell geschlossen. Wir beraten Sie gerne zu Alternativen. Kasiiya Papagayo besteht aus nur einer Handvoll preisgekr\u00f6nter Zeltsuiten mit traumhaften Meerblick, die sich auf einer 50 Hektar gro\u00dfen privaten Halbinsel in unber\u00fchrter [&hellip;]<\/p>","protected":false},"author":4,"featured_media":0,"parent":3048,"menu_order":0,"comment_status":"closed","ping_status":"closed","template":"page-reise_detail5.php","meta":{"_acf_changed":false,"inline_featured_image":false,"footnotes":""},"categories":[12,8,2],"tags":[],"class_list":["post-27663","page","type-page","status-publish","hentry","category-island-selections","category-reisen","category-unkategorisiert"],"acf":[],"_links":{"self":[{"href":"https:\/\/select-luxury.travel\/en\/wp-json\/wp\/v2\/pages\/27663","targetHints":{"allow":["GET"]}}],"collection":[{"href":"https:\/\/select-luxury.travel\/en\/wp-json\/wp\/v2\/pages"}],"about":[{"href":"https:\/\/select-luxury.travel\/en\/wp-json\/wp\/v2\/types\/page"}],"author":[{"embeddable":true,"href":"https:\/\/select-luxury.travel\/en\/wp-json\/wp\/v2\/users\/4"}],"replies":[{"embeddable":true,"href":"https:\/\/select-luxury.travel\/en\/wp-json\/wp\/v2\/comments?post=27663"}],"version-history":[{"count":46,"href":"https:\/\/select-luxury.travel\/en\/wp-json\/wp\/v2\/pages\/27663\/revisions"}],"predecessor-version":[{"id":69387,"href":"https:\/\/select-luxury.travel\/en\/wp-json\/wp\/v2\/pages\/27663\/revisions\/69387"}],"up":[{"embeddable":true,"href":"https:\/\/select-luxury.travel\/en\/wp-json\/wp\/v2\/pages\/3048"}],"wp:attachment":[{"href":"https:\/\/select-luxury.travel\/en\/wp-json\/wp\/v2\/media?parent=27663"}],"wp:term":[{"taxonomy":"category","embeddable":true,"href":"https:\/\/select-luxury.travel\/en\/wp-json\/wp\/v2\/categories?post=27663"},{"taxonomy":"post_tag","embeddable":true,"href":"https:\/\/select-luxury.travel\/en\/wp-json\/wp\/v2\/tags?post=27663"}],"curies":[{"name":"wp","href":"https:\/\/api.w.org\/{rel}","templated":true}]}}