{"id":27046,"date":"2021-09-13T13:50:26","date_gmt":"2021-09-13T11:50:26","guid":{"rendered":"https:\/\/select-luxury.travel\/?page_id=27046"},"modified":"2024-07-12T13:28:35","modified_gmt":"2024-07-12T11:28:35","slug":"5%e2%98%85-the-sandpiper-barbados","status":"publish","type":"page","link":"https:\/\/select-luxury.travel\/en\/selections\/island-selections\/5%e2%98%85-the-sandpiper-barbados","title":{"rendered":"5\u2605 The Sandpiper, Barbados"},"content":{"rendered":"<p><span class=\"text-braun\">By the turquoise-coloured sea, surrounded by tropical fauna<\/span><\/p>\n<p>A dream on the turquoise sea, in the middle of a tropical garden with palm trees, bamboo, ferns and bougainvillea, teeming with colour and birds. Highlights include the open-air restaurant surrounded by koi ponds, an inviting beach bar and a sun terrace on the sandy beach. Many guests are loyal regulars. Located on the outskirts of the west coast town of Holetown, it is ideal for those who like to go out to eat, drink and shop.<\/p>","protected":false},"excerpt":{"rendered":"<p>Am t\u00fcrkisfarbenen Meer, von tropischer Fauna umgeben Ein Traum am t\u00fcrkisfarbenen Meer, inmitten eines tropischen Gartens mit Palmen, Bambus, Farnen und Bougainvillea, in denen es vor Farben und V\u00f6geln nur so wimmelt. Zu den H\u00f6hepunkten geh\u00f6ren das Open-Air-Restaurant, das von Koi-Teichen ges\u00e4umt wird, eine einladende Strandbar und eine Sonnenterrasse am Sandstrand. Viele G\u00e4ste sind treue [&hellip;]<\/p>","protected":false},"author":4,"featured_media":0,"parent":3048,"menu_order":0,"comment_status":"closed","ping_status":"closed","template":"page-reise_detail5.php","meta":{"_acf_changed":false,"inline_featured_image":false,"footnotes":""},"categories":[12,8,2],"tags":[],"class_list":["post-27046","page","type-page","status-publish","hentry","category-island-selections","category-reisen","category-unkategorisiert"],"acf":[],"_links":{"self":[{"href":"https:\/\/select-luxury.travel\/en\/wp-json\/wp\/v2\/pages\/27046","targetHints":{"allow":["GET"]}}],"collection":[{"href":"https:\/\/select-luxury.travel\/en\/wp-json\/wp\/v2\/pages"}],"about":[{"href":"https:\/\/select-luxury.travel\/en\/wp-json\/wp\/v2\/types\/page"}],"author":[{"embeddable":true,"href":"https:\/\/select-luxury.travel\/en\/wp-json\/wp\/v2\/users\/4"}],"replies":[{"embeddable":true,"href":"https:\/\/select-luxury.travel\/en\/wp-json\/wp\/v2\/comments?post=27046"}],"version-history":[{"count":23,"href":"https:\/\/select-luxury.travel\/en\/wp-json\/wp\/v2\/pages\/27046\/revisions"}],"predecessor-version":[{"id":42954,"href":"https:\/\/select-luxury.travel\/en\/wp-json\/wp\/v2\/pages\/27046\/revisions\/42954"}],"up":[{"embeddable":true,"href":"https:\/\/select-luxury.travel\/en\/wp-json\/wp\/v2\/pages\/3048"}],"wp:attachment":[{"href":"https:\/\/select-luxury.travel\/en\/wp-json\/wp\/v2\/media?parent=27046"}],"wp:term":[{"taxonomy":"category","embeddable":true,"href":"https:\/\/select-luxury.travel\/en\/wp-json\/wp\/v2\/categories?post=27046"},{"taxonomy":"post_tag","embeddable":true,"href":"https:\/\/select-luxury.travel\/en\/wp-json\/wp\/v2\/tags?post=27046"}],"curies":[{"name":"wp","href":"https:\/\/api.w.org\/{rel}","templated":true}]}}