{"id":26923,"date":"2021-09-09T14:24:42","date_gmt":"2021-09-09T12:24:42","guid":{"rendered":"https:\/\/select-luxury.travel\/?page_id=26923"},"modified":"2024-06-27T14:29:40","modified_gmt":"2024-06-27T12:29:40","slug":"5%e2%98%85-bucuti-tara-beach-resort-aruba","status":"publish","type":"page","link":"https:\/\/select-luxury.travel\/en\/selections\/island-selections\/5%e2%98%85-bucuti-tara-beach-resort-aruba","title":{"rendered":"5\u2605 Bucuti &amp; Tara Beach Resort, Aruba"},"content":{"rendered":"<p><span class=\"text-braun\">The Bucuti &amp; Tara Beach Resort: an exclusive escape from everyday life <\/span><\/p>\n<p>Welcome to Bucuti &amp; Tara Beach Resort, a jewel in the middle of the Caribbean that offers its guests an exclusive escape from everyday life. Situated on one of the world's award-winning beaches, Eagle Beach, this resort is a true paradise for couples seeking a romantic retreat.<\/p>\n<p>Whether you want to celebrate your love or simply get away from the hustle and bustle of everyday life, Bucuti &amp; Tara Beach Resort promises to not only fulfil your expectations, but exceed them. Experience the beauty and tranquillity of this extraordinary place by making a reservation today. Let yourself be enchanted by the magical atmosphere of this resort and immerse yourself in unforgettable moments of relaxation and indulgence.<\/p>","protected":false},"excerpt":{"rendered":"<p>Das Bucuti &#038; Tara Beach Resort: Eine Exklusive Flucht aus dem Alltag Willkommen im Bucuti &#038; Tara Beach Resort, einem Juwel inmitten der Karibik, das seinen G\u00e4sten eine exklusive Flucht aus dem Alltag bietet. An einem der preisgekr\u00f6nten Str\u00e4nde der Welt, dem Eagle Beach, gelegen, ist dieses Resort ein wahres Paradies f\u00fcr Paare, die einen [&hellip;]<\/p>\n","protected":false},"author":4,"featured_media":0,"parent":3048,"menu_order":0,"comment_status":"closed","ping_status":"closed","template":"page-reise_detail5.php","meta":{"_acf_changed":false,"inline_featured_image":false,"footnotes":""},"categories":[12,8,2],"tags":[],"class_list":["post-26923","page","type-page","status-publish","hentry","category-island-selections","category-reisen","category-unkategorisiert"],"acf":[],"_links":{"self":[{"href":"https:\/\/select-luxury.travel\/en\/wp-json\/wp\/v2\/pages\/26923","targetHints":{"allow":["GET"]}}],"collection":[{"href":"https:\/\/select-luxury.travel\/en\/wp-json\/wp\/v2\/pages"}],"about":[{"href":"https:\/\/select-luxury.travel\/en\/wp-json\/wp\/v2\/types\/page"}],"author":[{"embeddable":true,"href":"https:\/\/select-luxury.travel\/en\/wp-json\/wp\/v2\/users\/4"}],"replies":[{"embeddable":true,"href":"https:\/\/select-luxury.travel\/en\/wp-json\/wp\/v2\/comments?post=26923"}],"version-history":[{"count":46,"href":"https:\/\/select-luxury.travel\/en\/wp-json\/wp\/v2\/pages\/26923\/revisions"}],"predecessor-version":[{"id":42813,"href":"https:\/\/select-luxury.travel\/en\/wp-json\/wp\/v2\/pages\/26923\/revisions\/42813"}],"up":[{"embeddable":true,"href":"https:\/\/select-luxury.travel\/en\/wp-json\/wp\/v2\/pages\/3048"}],"wp:attachment":[{"href":"https:\/\/select-luxury.travel\/en\/wp-json\/wp\/v2\/media?parent=26923"}],"wp:term":[{"taxonomy":"category","embeddable":true,"href":"https:\/\/select-luxury.travel\/en\/wp-json\/wp\/v2\/categories?post=26923"},{"taxonomy":"post_tag","embeddable":true,"href":"https:\/\/select-luxury.travel\/en\/wp-json\/wp\/v2\/tags?post=26923"}],"curies":[{"name":"wp","href":"https:\/\/api.w.org\/{rel}","templated":true}]}}