{"id":26684,"date":"2021-09-06T15:42:47","date_gmt":"2021-09-06T13:42:47","guid":{"rendered":"https:\/\/select-luxury.travel\/?page_id=26684"},"modified":"2024-11-22T13:12:04","modified_gmt":"2024-11-22T12:12:04","slug":"5%e2%98%85-baoase-luxury-resort-curacao-abc-islands","status":"publish","type":"page","link":"https:\/\/select-luxury.travel\/en\/selections\/island-selections\/5%e2%98%85-baoase-luxury-resort-curacao-abc-inseln","title":{"rendered":"5\u2605 Baoase Luxury Resort Cura\u00e7ao"},"content":{"rendered":"<p><span class=\"text-braun\">Caribbean luxury in perfect form<\/span><\/p>\n<p>The Baoase Luxury Resort Cura\u00e7ao is more than just a hotel - it is an oasis of luxury, surrounded by tropical beauty and Caribbean serenity. Let yourself be enchanted by the magic of this place, savour first-class cuisine and experience unforgettable moments of tranquillity and exclusivity. <\/p>\n<p>Your dream holiday starts here - amidst the colours and sounds of the Caribbean!<\/p>","protected":false},"excerpt":{"rendered":"<p>Karibischer Luxus in vollendeter Form Das Baoase Luxury Resort Cura\u00e7ao ist mehr als ein Hotel \u2013 es ist eine Oase des Luxus, umgeben von tropischer Sch\u00f6nheit und karibischer Gelassenheit. Lassen Sie sich von der Magie dieses Ortes verzaubern, genie\u00dfen Sie erstklassige Kulinarik und erleben Sie unvergessliche Momente der Ruhe und Exklusivit\u00e4t. Ihr Traumurlaub beginnt hier [&hellip;]<\/p>\n","protected":false},"author":4,"featured_media":0,"parent":3048,"menu_order":0,"comment_status":"closed","ping_status":"closed","template":"page-reise_detail5.php","meta":{"_acf_changed":false,"inline_featured_image":false,"footnotes":""},"categories":[12,8],"tags":[],"class_list":["post-26684","page","type-page","status-publish","hentry","category-island-selections","category-reisen"],"acf":[],"_links":{"self":[{"href":"https:\/\/select-luxury.travel\/en\/wp-json\/wp\/v2\/pages\/26684","targetHints":{"allow":["GET"]}}],"collection":[{"href":"https:\/\/select-luxury.travel\/en\/wp-json\/wp\/v2\/pages"}],"about":[{"href":"https:\/\/select-luxury.travel\/en\/wp-json\/wp\/v2\/types\/page"}],"author":[{"embeddable":true,"href":"https:\/\/select-luxury.travel\/en\/wp-json\/wp\/v2\/users\/4"}],"replies":[{"embeddable":true,"href":"https:\/\/select-luxury.travel\/en\/wp-json\/wp\/v2\/comments?post=26684"}],"version-history":[{"count":42,"href":"https:\/\/select-luxury.travel\/en\/wp-json\/wp\/v2\/pages\/26684\/revisions"}],"predecessor-version":[{"id":64407,"href":"https:\/\/select-luxury.travel\/en\/wp-json\/wp\/v2\/pages\/26684\/revisions\/64407"}],"up":[{"embeddable":true,"href":"https:\/\/select-luxury.travel\/en\/wp-json\/wp\/v2\/pages\/3048"}],"wp:attachment":[{"href":"https:\/\/select-luxury.travel\/en\/wp-json\/wp\/v2\/media?parent=26684"}],"wp:term":[{"taxonomy":"category","embeddable":true,"href":"https:\/\/select-luxury.travel\/en\/wp-json\/wp\/v2\/categories?post=26684"},{"taxonomy":"post_tag","embeddable":true,"href":"https:\/\/select-luxury.travel\/en\/wp-json\/wp\/v2\/tags?post=26684"}],"curies":[{"name":"wp","href":"https:\/\/api.w.org\/{rel}","templated":true}]}}