{"id":25561,"date":"2021-08-12T12:33:49","date_gmt":"2021-08-12T10:33:49","guid":{"rendered":"https:\/\/select-luxury.travel\/?page_id=25561"},"modified":"2026-03-16T11:54:38","modified_gmt":"2026-03-16T10:54:38","slug":"5%e2%98%85ikos-aria-kos","status":"publish","type":"page","link":"https:\/\/select-luxury.travel\/en\/selections\/island-selections\/5%e2%98%85ikos-aria-kos","title":{"rendered":"5\u2605 Ikos Aria, Kos"},"content":{"rendered":"<p><span class=\"text-braun\">Infinite Lifestyle takes all-inclusive to a whole new level\u00a0\u00a0<\/span><\/p>\n<p>On the south-west coast of the island of Kos, Ikos Aria offers a compelling blend of contemporary style and traditional hospitality. The Infinite Lifestyle makes everyday holiday life easy and luxurious in even the smallest detail.  Breakfast, lunch and dinner by Michelin-awarded chefs, 300 international wines, branded spirits and bartenders who mix delicious cocktails. 24-hour room service and freshly stocked minibar every day. Live music in the bars, theatre and cinema. Steam bath, sauna and hot pools at the Ikos Spa. And: An elegant collection of more than 370 spacious suites and perfectly appointed rooms with a choice of private balconies, gardens and individual pools await you. The golden sandy beach of Kefalos and the azure waters of the Aegean Sea make for a carefree summer holiday.<\/p>","protected":false},"excerpt":{"rendered":"<p>Infinite Lifestyle hebt All inklusive auf v\u00f6llig neues Niveau\u00a0\u00a0 An der S\u00fcdwestk\u00fcste der Insel Kos bietet Ikos Aria eine \u00fcberzeugende Mischung aus zeitgen\u00f6ssischem Stil und traditioneller Gastfreundschaft. Der Infinite Lifestyle macht den Urlaubsalltag leicht und in noch dem kleinsten Detail luxuri\u00f6s.\u00a0 Fr\u00fchst\u00fcck, Mittag und Abendessen von Michelin-pr\u00e4mierten K\u00fcchenchefs, 300 internationale Weine,\u00a0 Markenspirituosen und Barkeeper, die [&hellip;]<\/p>","protected":false},"author":4,"featured_media":0,"parent":3048,"menu_order":0,"comment_status":"closed","ping_status":"closed","template":"page-reise_detail5.php","meta":{"_acf_changed":false,"inline_featured_image":false,"footnotes":""},"categories":[12,8,2],"tags":[],"class_list":["post-25561","page","type-page","status-publish","hentry","category-island-selections","category-reisen","category-unkategorisiert"],"acf":[],"_links":{"self":[{"href":"https:\/\/select-luxury.travel\/en\/wp-json\/wp\/v2\/pages\/25561","targetHints":{"allow":["GET"]}}],"collection":[{"href":"https:\/\/select-luxury.travel\/en\/wp-json\/wp\/v2\/pages"}],"about":[{"href":"https:\/\/select-luxury.travel\/en\/wp-json\/wp\/v2\/types\/page"}],"author":[{"embeddable":true,"href":"https:\/\/select-luxury.travel\/en\/wp-json\/wp\/v2\/users\/4"}],"replies":[{"embeddable":true,"href":"https:\/\/select-luxury.travel\/en\/wp-json\/wp\/v2\/comments?post=25561"}],"version-history":[{"count":40,"href":"https:\/\/select-luxury.travel\/en\/wp-json\/wp\/v2\/pages\/25561\/revisions"}],"predecessor-version":[{"id":69506,"href":"https:\/\/select-luxury.travel\/en\/wp-json\/wp\/v2\/pages\/25561\/revisions\/69506"}],"up":[{"embeddable":true,"href":"https:\/\/select-luxury.travel\/en\/wp-json\/wp\/v2\/pages\/3048"}],"wp:attachment":[{"href":"https:\/\/select-luxury.travel\/en\/wp-json\/wp\/v2\/media?parent=25561"}],"wp:term":[{"taxonomy":"category","embeddable":true,"href":"https:\/\/select-luxury.travel\/en\/wp-json\/wp\/v2\/categories?post=25561"},{"taxonomy":"post_tag","embeddable":true,"href":"https:\/\/select-luxury.travel\/en\/wp-json\/wp\/v2\/tags?post=25561"}],"curies":[{"name":"wp","href":"https:\/\/api.w.org\/{rel}","templated":true}]}}