{"id":25332,"date":"2021-08-09T12:42:59","date_gmt":"2021-08-09T10:42:59","guid":{"rendered":"https:\/\/select-luxury.travel\/?page_id=25332"},"modified":"2026-03-13T14:12:29","modified_gmt":"2026-03-13T13:12:29","slug":"luxury-safari-in-botswana-and-zimbabwe","status":"publish","type":"page","link":"https:\/\/select-luxury.travel\/en\/selections\/private\/luxussafari-in-botswana-und-zimbabwe","title":{"rendered":"Luxury safari in Botswana and Zimbabwe"},"content":{"rendered":"<p><span class=\"text-braun\">Up-close game viewing, exciting safaris, the best lodges - wilderness, remote solitude and exclusive adventure<\/span><\/p>\n<p>For those in the know, Makgadikgadi Pans National Park, Moremi Game Reserve, Linyanti Selinda Reserve and Malilangwe Wildlife Reserve are outstanding places for the very best game viewing of the Big 5 in less travelled regions of the two countries. The Makgadikgadi National Park is the place where the Okavango Delta finally empties into the desert after a long journey. The Boteti River forms the border between the dry Makgadikgadi National Park and the desert landscape of the Kalahari. The Moremi Game Reserve is all about the big animals and their habitats are as multifaceted and diverse as the animals themselves. Antelopes perfectly adapted to life by the water graze alongside vigilant buffalo on floodplains, framed by mighty trees towering into the sky, from whose branches leopard tails and paws dangle. Linyanti is synonymous with wildness, remote solitude and exclusive adventure in an often harsh-looking region. This unspoilt corner of northern Botswana is the stuff of great safari experiences and documentaries.<\/p>","protected":false},"excerpt":{"rendered":"<p>Hautnahe Tierbeobachtungen, spannende Safaris, beste Lodges &#8211; Wildheit, entlegene Einsamkeit und exklusives Abenteuer F\u00fcr Kenner sind Makgadikgadi Pans National Park, Moremi Game Reserve, Linyanti Selinda Reserve und Malilangwe Wildlife Reserve herausragende Pl\u00e4tze f\u00fcr allerbeste Tierbeobachtungen der Big 5 in wenig bereisten Regionen der beiden L\u00e4nder. Der Makgadikgadi National Park ist der Ort, an dem das [&hellip;]<\/p>\n","protected":false},"author":4,"featured_media":0,"parent":514,"menu_order":0,"comment_status":"closed","ping_status":"closed","template":"page-reise_detail.php","meta":{"_acf_changed":false,"inline_featured_image":false,"footnotes":""},"categories":[9,8,2],"tags":[],"class_list":["post-25332","page","type-page","status-publish","hentry","category-private-selections","category-reisen","category-unkategorisiert"],"acf":[],"_links":{"self":[{"href":"https:\/\/select-luxury.travel\/en\/wp-json\/wp\/v2\/pages\/25332","targetHints":{"allow":["GET"]}}],"collection":[{"href":"https:\/\/select-luxury.travel\/en\/wp-json\/wp\/v2\/pages"}],"about":[{"href":"https:\/\/select-luxury.travel\/en\/wp-json\/wp\/v2\/types\/page"}],"author":[{"embeddable":true,"href":"https:\/\/select-luxury.travel\/en\/wp-json\/wp\/v2\/users\/4"}],"replies":[{"embeddable":true,"href":"https:\/\/select-luxury.travel\/en\/wp-json\/wp\/v2\/comments?post=25332"}],"version-history":[{"count":114,"href":"https:\/\/select-luxury.travel\/en\/wp-json\/wp\/v2\/pages\/25332\/revisions"}],"predecessor-version":[{"id":69294,"href":"https:\/\/select-luxury.travel\/en\/wp-json\/wp\/v2\/pages\/25332\/revisions\/69294"}],"up":[{"embeddable":true,"href":"https:\/\/select-luxury.travel\/en\/wp-json\/wp\/v2\/pages\/514"}],"wp:attachment":[{"href":"https:\/\/select-luxury.travel\/en\/wp-json\/wp\/v2\/media?parent=25332"}],"wp:term":[{"taxonomy":"category","embeddable":true,"href":"https:\/\/select-luxury.travel\/en\/wp-json\/wp\/v2\/categories?post=25332"},{"taxonomy":"post_tag","embeddable":true,"href":"https:\/\/select-luxury.travel\/en\/wp-json\/wp\/v2\/tags?post=25332"}],"curies":[{"name":"wp","href":"https:\/\/api.w.org\/{rel}","templated":true}]}}