{"id":25297,"date":"2021-08-10T14:11:39","date_gmt":"2021-08-10T12:11:39","guid":{"rendered":"https:\/\/select-luxury.travel\/?page_id=25297"},"modified":"2026-03-14T16:57:34","modified_gmt":"2026-03-14T15:57:34","slug":"5%e2%98%85the-royal-atlantis-resort-residences-dubai","status":"publish","type":"page","link":"https:\/\/select-luxury.travel\/en\/selections\/island-selections\/5%e2%98%85the-royal-atlantis-resort-residences-dubai","title":{"rendered":"5\u2605 Atlantis The Royal, Dubai"},"content":{"rendered":"<p><span class=\"text-braun\">The new landmark of Dubai: Icon, avant-garde, design at it's best<\/span><\/p>\n<p>It is the new avant-garde luxury hotel with exquisite, unique rooms and breathtaking views of the Dubai skyline and the Arabian Gulf. Atlantis The Royal will change Dubai forever. The distinctive resort, designed and planned by the world's leading designers, architects and artists, will boast magnificent views of the endless ocean and skyline as well as outstanding Michelin-starred restaurants, attractions, entertainment and nightclubs. It will set new standards even in the city of superlatives. One of the many highlights of the Royal Atlantis in Dubai is the sky pool and lounge at a height of 95 metres - including magnificent views over the Palm Island and the Dubai skyline. The silhouette of the billion-dollar project The Royal Atlantis Resort not only resembles a modern interpretation of the Atlantis The Palm hotel, but also incorporates formal elements of old architectural structures such as viaducts or the Roman Colosseum. Aquaventure Waterpark, Lost Chambers Aquarium, Dolphin Bay and Sea Lion Point as well as all the amenities and restaurants of Atlantis, The Palm are available to guests - a globally unique range of experiences.<\/p>","protected":false},"excerpt":{"rendered":"<p>Das neue Wahrzeichen von Dubai: Icon, Avantgarde, Design at it&#8217;s best Es ist das neue avantgardistische Luxushotel mit exquisiten, einmaligen Zimmern und atemberaubender Aussicht auf die Skyline von Dubai und auf den Arabischen Golf. Atlantis The Royal wird Dubai f\u00fcr immer ver\u00e4ndern. Das unverwechselbare Resort, entworfen und geplant von den f\u00fchrenden Designern, Architekten und K\u00fcnstlern [&hellip;]<\/p>\n","protected":false},"author":4,"featured_media":0,"parent":3048,"menu_order":0,"comment_status":"closed","ping_status":"closed","template":"page-reise_detail5.php","meta":{"_acf_changed":false,"inline_featured_image":false,"footnotes":""},"categories":[12,9,8,2],"tags":[],"class_list":["post-25297","page","type-page","status-publish","hentry","category-island-selections","category-private-selections","category-reisen","category-unkategorisiert"],"acf":[],"_links":{"self":[{"href":"https:\/\/select-luxury.travel\/en\/wp-json\/wp\/v2\/pages\/25297","targetHints":{"allow":["GET"]}}],"collection":[{"href":"https:\/\/select-luxury.travel\/en\/wp-json\/wp\/v2\/pages"}],"about":[{"href":"https:\/\/select-luxury.travel\/en\/wp-json\/wp\/v2\/types\/page"}],"author":[{"embeddable":true,"href":"https:\/\/select-luxury.travel\/en\/wp-json\/wp\/v2\/users\/4"}],"replies":[{"embeddable":true,"href":"https:\/\/select-luxury.travel\/en\/wp-json\/wp\/v2\/comments?post=25297"}],"version-history":[{"count":66,"href":"https:\/\/select-luxury.travel\/en\/wp-json\/wp\/v2\/pages\/25297\/revisions"}],"predecessor-version":[{"id":69420,"href":"https:\/\/select-luxury.travel\/en\/wp-json\/wp\/v2\/pages\/25297\/revisions\/69420"}],"up":[{"embeddable":true,"href":"https:\/\/select-luxury.travel\/en\/wp-json\/wp\/v2\/pages\/3048"}],"wp:attachment":[{"href":"https:\/\/select-luxury.travel\/en\/wp-json\/wp\/v2\/media?parent=25297"}],"wp:term":[{"taxonomy":"category","embeddable":true,"href":"https:\/\/select-luxury.travel\/en\/wp-json\/wp\/v2\/categories?post=25297"},{"taxonomy":"post_tag","embeddable":true,"href":"https:\/\/select-luxury.travel\/en\/wp-json\/wp\/v2\/tags?post=25297"}],"curies":[{"name":"wp","href":"https:\/\/api.w.org\/{rel}","templated":true}]}}