{"id":23673,"date":"2021-06-30T17:05:18","date_gmt":"2021-06-30T15:05:18","guid":{"rendered":"https:\/\/select-luxury.travel\/?page_id=23673"},"modified":"2026-03-16T12:00:04","modified_gmt":"2026-03-16T11:00:04","slug":"elix-mar-bella","status":"publish","type":"page","link":"https:\/\/select-luxury.travel\/en\/selections\/island-selections\/elix-mar-bella","title":{"rendered":"5\u2605 Elix, Mar-Bella Collection, Greece"},"content":{"rendered":"<p><span class=\"text-braun\">Large luxury resort on a densely wooded mountain ridge<\/span><\/p>\n<p>Are you looking for the original Greece? You have found it! The Elix Mar-Bella Collection is located on the unspoilt north-west coast of the mainland opposite the holiday island of Corfu. The surrounding landscape is characterised by hills, forests and small towns and is only visited by a few tourists: a real insider tip! The rooms and suites are spread over several buildings and, thanks to their location on the hill, they all have a fantastic sea view. The modern, airy design creates a relaxed flair. Four restaurants spoil you with Greek-Mediterranean and international cuisine, as a buffet, \u00e0 la carte or at gourmet level. You can reach the fine sandy beach and the turquoise-coloured sea via steps or a cable car. Relax in the large spa or spend an active holiday with fitness, tennis, volleyball, beach volleyball or badminton. Children are very welcome at the Elix Mar-Bella Collection.<\/p>","protected":false},"excerpt":{"rendered":"<p>Gro\u00dfes Luxusresort auf dicht bewaldetem Bergr\u00fccken Sie suchen das urspr\u00fcngliche Griechenland? Sie haben es gefunden! Das Elix Mar-Bella Collection liegt an der\u00a0 unber\u00fchrten Nordwestk\u00fcste des Festlandes gegen\u00fcber der Ferieninsel Korfu. Die umgebende Landschaft ist durch H\u00fcgel, W\u00e4lder und kleine St\u00e4dtchen gepr\u00e4gt und nur von wenigen Touristen besucht: ein echter Geheimtipp! Die Zimmer und Suiten teilen [&hellip;]<\/p>\n","protected":false},"author":4,"featured_media":0,"parent":3048,"menu_order":0,"comment_status":"closed","ping_status":"closed","template":"page-reise_detail5.php","meta":{"_acf_changed":false,"inline_featured_image":false,"footnotes":""},"categories":[12,8,2],"tags":[],"class_list":["post-23673","page","type-page","status-publish","hentry","category-island-selections","category-reisen","category-unkategorisiert"],"acf":[],"_links":{"self":[{"href":"https:\/\/select-luxury.travel\/en\/wp-json\/wp\/v2\/pages\/23673","targetHints":{"allow":["GET"]}}],"collection":[{"href":"https:\/\/select-luxury.travel\/en\/wp-json\/wp\/v2\/pages"}],"about":[{"href":"https:\/\/select-luxury.travel\/en\/wp-json\/wp\/v2\/types\/page"}],"author":[{"embeddable":true,"href":"https:\/\/select-luxury.travel\/en\/wp-json\/wp\/v2\/users\/4"}],"replies":[{"embeddable":true,"href":"https:\/\/select-luxury.travel\/en\/wp-json\/wp\/v2\/comments?post=23673"}],"version-history":[{"count":34,"href":"https:\/\/select-luxury.travel\/en\/wp-json\/wp\/v2\/pages\/23673\/revisions"}],"predecessor-version":[{"id":69510,"href":"https:\/\/select-luxury.travel\/en\/wp-json\/wp\/v2\/pages\/23673\/revisions\/69510"}],"up":[{"embeddable":true,"href":"https:\/\/select-luxury.travel\/en\/wp-json\/wp\/v2\/pages\/3048"}],"wp:attachment":[{"href":"https:\/\/select-luxury.travel\/en\/wp-json\/wp\/v2\/media?parent=23673"}],"wp:term":[{"taxonomy":"category","embeddable":true,"href":"https:\/\/select-luxury.travel\/en\/wp-json\/wp\/v2\/categories?post=23673"},{"taxonomy":"post_tag","embeddable":true,"href":"https:\/\/select-luxury.travel\/en\/wp-json\/wp\/v2\/tags?post=23673"}],"curies":[{"name":"wp","href":"https:\/\/api.w.org\/{rel}","templated":true}]}}