{"id":23569,"date":"2021-06-28T13:26:42","date_gmt":"2021-06-28T11:26:42","guid":{"rendered":"https:\/\/select-luxury.travel\/?page_id=23569"},"modified":"2026-03-16T10:29:04","modified_gmt":"2026-03-16T09:29:04","slug":"5%e2%98%85-katikies-mykonos","status":"publish","type":"page","link":"https:\/\/select-luxury.travel\/en\/selections\/island-selections\/5%e2%98%85-katikies-mykonos","title":{"rendered":"5\u2605 Katikies Mykonos"},"content":{"rendered":"<p><span class=\"text-braun\">Uncompromising luxury &amp; relaxed beach life at the elegant 5-star beach hotel in Agios Ioannis on Mykonos<\/span><\/p>\n<p>The Katikies Mykonos, a member of the Leading Hotels of the World, is located in a dreamlike setting above the sun-kissed beach of Agios Ioannis on Mykonos. In bright aqua colours, stylishly staged with snow-white and sand-coloured nuances, it captures the essence of life by the sea. Quietly located in the most romantic part of the island, just 4 kilometres from Mykonos Town, Agios Ioannis offers a relaxed atmosphere with fine dining, privileged views of Delos Island and beautiful sandy beaches. The new jewel of Mykonos with only 35 superbly appointed suites, vibrates with the vibrant spirit of its guests. Discover a modern interpretation of authenticity and originality, full of colour and movement.<\/p>","protected":false},"excerpt":{"rendered":"<p>Kompromissloser Luxus &amp; entspanntes Beach-life im eleganten 5-Sterne-Strandhotel in Agios Ioannis auf Mykonos Das Katikies Mykonos, Mitglied der Leading Hotels of the World, liegt in einer traumhaften Umgebung oberhalb des sonnenverw\u00f6hnten Strandes von Agios Ioannis auf Mykonos. In hellen Aqua-Farben, stylisch in Szene gesetzt mit schneewei\u00dfen und sandfarbenen Nuancen, f\u00e4ngt es die Essenz des Lebens [&hellip;]<\/p>","protected":false},"author":4,"featured_media":0,"parent":3048,"menu_order":0,"comment_status":"closed","ping_status":"closed","template":"page-reise_detail5.php","meta":{"_acf_changed":false,"inline_featured_image":false,"footnotes":""},"categories":[12,8,2],"tags":[],"class_list":["post-23569","page","type-page","status-publish","hentry","category-island-selections","category-reisen","category-unkategorisiert"],"acf":[],"_links":{"self":[{"href":"https:\/\/select-luxury.travel\/en\/wp-json\/wp\/v2\/pages\/23569","targetHints":{"allow":["GET"]}}],"collection":[{"href":"https:\/\/select-luxury.travel\/en\/wp-json\/wp\/v2\/pages"}],"about":[{"href":"https:\/\/select-luxury.travel\/en\/wp-json\/wp\/v2\/types\/page"}],"author":[{"embeddable":true,"href":"https:\/\/select-luxury.travel\/en\/wp-json\/wp\/v2\/users\/4"}],"replies":[{"embeddable":true,"href":"https:\/\/select-luxury.travel\/en\/wp-json\/wp\/v2\/comments?post=23569"}],"version-history":[{"count":51,"href":"https:\/\/select-luxury.travel\/en\/wp-json\/wp\/v2\/pages\/23569\/revisions"}],"predecessor-version":[{"id":69457,"href":"https:\/\/select-luxury.travel\/en\/wp-json\/wp\/v2\/pages\/23569\/revisions\/69457"}],"up":[{"embeddable":true,"href":"https:\/\/select-luxury.travel\/en\/wp-json\/wp\/v2\/pages\/3048"}],"wp:attachment":[{"href":"https:\/\/select-luxury.travel\/en\/wp-json\/wp\/v2\/media?parent=23569"}],"wp:term":[{"taxonomy":"category","embeddable":true,"href":"https:\/\/select-luxury.travel\/en\/wp-json\/wp\/v2\/categories?post=23569"},{"taxonomy":"post_tag","embeddable":true,"href":"https:\/\/select-luxury.travel\/en\/wp-json\/wp\/v2\/tags?post=23569"}],"curies":[{"name":"wp","href":"https:\/\/api.w.org\/{rel}","templated":true}]}}