{"id":23326,"date":"2021-06-24T10:53:14","date_gmt":"2021-06-24T08:53:14","guid":{"rendered":"https:\/\/select-luxury.travel\/?page_id=23326"},"modified":"2026-03-13T16:45:45","modified_gmt":"2026-03-13T15:45:45","slug":"5%e2%98%85-islas-secas-resort-panama","status":"publish","type":"page","link":"https:\/\/select-luxury.travel\/en\/selections\/island-selections\/5%e2%98%85-islas-secas-resort-panama","title":{"rendered":"5\u2605 Islas Secas, Panama"},"content":{"rendered":"<p><span class=\"text-braun\">Islas Secas: the secluded luxury private island resort is THE (!) island paradise in Panama with pristine dream beaches<\/span><\/p>\n<p>This secluded island paradise is the perfect getaway to unwind, with pristine beaches, unrivalled cuisine and exquisite accommodation. Located in small island archipelago in the Gulf of Chiriqu\u00ed on the Pacific coast of Panama, the luxury resort opened in December 2018. Only 8 casita villas offer the best privacy for a maximum of 18 guests. A secluded paradise with a passion for nature conservation.<\/p>","protected":false},"excerpt":{"rendered":"<p>Islas Secas: das abgelegene luxuri\u00f6se Private Island Resort ist DAS (!) Inselparadies in Panama mit makellosen Traumstr\u00e4nden Dieses abgelegene Inselparadies ist der perfekte Zufluchtsort, um sich zu entspannen, mit makellosen Str\u00e4nden, einer unvergleichlichen K\u00fcche und exquisiten Unterk\u00fcnften. Das Luxusresort liegt in kleinen Insel-Archipel im Golf von Chiriqu\u00ed an der Pazifikk\u00fcste von Panama, wurde im Dezember [&hellip;]<\/p>\n","protected":false},"author":4,"featured_media":0,"parent":3048,"menu_order":0,"comment_status":"closed","ping_status":"closed","template":"page-reise_detail5.php","meta":{"_acf_changed":false,"inline_featured_image":false,"footnotes":""},"categories":[12,8,2],"tags":[],"class_list":["post-23326","page","type-page","status-publish","hentry","category-island-selections","category-reisen","category-unkategorisiert"],"acf":[],"_links":{"self":[{"href":"https:\/\/select-luxury.travel\/en\/wp-json\/wp\/v2\/pages\/23326","targetHints":{"allow":["GET"]}}],"collection":[{"href":"https:\/\/select-luxury.travel\/en\/wp-json\/wp\/v2\/pages"}],"about":[{"href":"https:\/\/select-luxury.travel\/en\/wp-json\/wp\/v2\/types\/page"}],"author":[{"embeddable":true,"href":"https:\/\/select-luxury.travel\/en\/wp-json\/wp\/v2\/users\/4"}],"replies":[{"embeddable":true,"href":"https:\/\/select-luxury.travel\/en\/wp-json\/wp\/v2\/comments?post=23326"}],"version-history":[{"count":64,"href":"https:\/\/select-luxury.travel\/en\/wp-json\/wp\/v2\/pages\/23326\/revisions"}],"predecessor-version":[{"id":69396,"href":"https:\/\/select-luxury.travel\/en\/wp-json\/wp\/v2\/pages\/23326\/revisions\/69396"}],"up":[{"embeddable":true,"href":"https:\/\/select-luxury.travel\/en\/wp-json\/wp\/v2\/pages\/3048"}],"wp:attachment":[{"href":"https:\/\/select-luxury.travel\/en\/wp-json\/wp\/v2\/media?parent=23326"}],"wp:term":[{"taxonomy":"category","embeddable":true,"href":"https:\/\/select-luxury.travel\/en\/wp-json\/wp\/v2\/categories?post=23326"},{"taxonomy":"post_tag","embeddable":true,"href":"https:\/\/select-luxury.travel\/en\/wp-json\/wp\/v2\/tags?post=23326"}],"curies":[{"name":"wp","href":"https:\/\/api.w.org\/{rel}","templated":true}]}}