{"id":23233,"date":"2021-06-17T12:18:29","date_gmt":"2021-06-17T10:18:29","guid":{"rendered":"https:\/\/select-luxury.travel\/?page_id=23233"},"modified":"2026-03-16T12:01:26","modified_gmt":"2026-03-16T11:01:26","slug":"5%e2%98%85-oku-kos-greece","status":"publish","type":"page","link":"https:\/\/select-luxury.travel\/en\/selections\/island-selections\/5%e2%98%85-oku-kos-greece","title":{"rendered":"5\u2605 OKU Kos, Greece"},"content":{"rendered":"<p>Relaxed, slow-living beach retreat for adults only, inspired by the Greek way of life with spacious rooms, suites and private villas<\/p>\n<p>OKU Kos - adults only - is a relaxed adults-only beach retreat inspired by the Greek way of life, offering spacious guest rooms and suites as well as a handful of private 2-bedroom villas for the ultimate in secluded luxury. Inspired by traditional Greek island architecture, OKU Kos has a village feel with one and two-storey cubic houses clustered around gardens and courtyards where large terraces extend into the private outdoor space. Surrounding the hotel is an indoor-outdoor restaurant with open kitchen, central bar and DJ sessions, with poolside and beachfront terraces from which to enjoy the sunset. An indulgent spa offers a pool, sauna and hammam as well as a range of relaxing treatments. Clean furniture is combined with raw, natural textures and exotic accessories to create the perfect sanctuary for a getaway centred around slow living, mindfulness and minimalism.<\/p>\n<p>&nbsp;<\/p>","protected":false},"excerpt":{"rendered":"<p>Entspanntes, slow-living Strand-Refugium nur f\u00fcr Erwachsene, inspiriert von der griechischen Lebensart mit ger\u00e4umigen Zimmern, Suiten und Privatvillen OKU Kos &#8211; adults only &#8211; ist ein entspanntes Strand-Refugium nur f\u00fcr Erwachsene, das von der griechischen Lebensart inspiriert ist und ger\u00e4umige G\u00e4stezimmer und Suiten sowie eine Handvoll privater Villen mit 2 Schlafzimmern f\u00fcr den ultimativen Luxus in [&hellip;]<\/p>","protected":false},"author":4,"featured_media":0,"parent":3048,"menu_order":0,"comment_status":"closed","ping_status":"closed","template":"page-reise_detail5.php","meta":{"_acf_changed":false,"inline_featured_image":false,"footnotes":""},"categories":[12,8,2],"tags":[],"class_list":["post-23233","page","type-page","status-publish","hentry","category-island-selections","category-reisen","category-unkategorisiert"],"acf":[],"_links":{"self":[{"href":"https:\/\/select-luxury.travel\/en\/wp-json\/wp\/v2\/pages\/23233","targetHints":{"allow":["GET"]}}],"collection":[{"href":"https:\/\/select-luxury.travel\/en\/wp-json\/wp\/v2\/pages"}],"about":[{"href":"https:\/\/select-luxury.travel\/en\/wp-json\/wp\/v2\/types\/page"}],"author":[{"embeddable":true,"href":"https:\/\/select-luxury.travel\/en\/wp-json\/wp\/v2\/users\/4"}],"replies":[{"embeddable":true,"href":"https:\/\/select-luxury.travel\/en\/wp-json\/wp\/v2\/comments?post=23233"}],"version-history":[{"count":39,"href":"https:\/\/select-luxury.travel\/en\/wp-json\/wp\/v2\/pages\/23233\/revisions"}],"predecessor-version":[{"id":69511,"href":"https:\/\/select-luxury.travel\/en\/wp-json\/wp\/v2\/pages\/23233\/revisions\/69511"}],"up":[{"embeddable":true,"href":"https:\/\/select-luxury.travel\/en\/wp-json\/wp\/v2\/pages\/3048"}],"wp:attachment":[{"href":"https:\/\/select-luxury.travel\/en\/wp-json\/wp\/v2\/media?parent=23233"}],"wp:term":[{"taxonomy":"category","embeddable":true,"href":"https:\/\/select-luxury.travel\/en\/wp-json\/wp\/v2\/categories?post=23233"},{"taxonomy":"post_tag","embeddable":true,"href":"https:\/\/select-luxury.travel\/en\/wp-json\/wp\/v2\/tags?post=23233"}],"curies":[{"name":"wp","href":"https:\/\/api.w.org\/{rel}","templated":true}]}}