{"id":23008,"date":"2021-06-09T15:29:54","date_gmt":"2021-06-09T13:29:54","guid":{"rendered":"https:\/\/select-luxury.travel\/?page_id=23008"},"modified":"2026-03-16T12:17:58","modified_gmt":"2026-03-16T11:17:58","slug":"5%e2%98%85-oku-ibiza","status":"publish","type":"page","link":"https:\/\/select-luxury.travel\/en\/selections\/island-selections\/5%e2%98%85-oku-ibiza","title":{"rendered":"5\u2605 OKU IBIZA"},"content":{"rendered":"<p><span class=\"text-braun\">Brand new design retreat with a relaxed luxury soul<\/span><\/p>\n<p>OKU Ibiza opened its doors in summer 2022 and offers a five-star retreat just a few minutes' walk from the beautiful Cala Gracio bay and beaches.<\/p>\n<p>OKU Ibiza is a stylish hotel for those who appreciate flavourful fusion cuisine, appreciate nature-inspired design and want the best of the Ibizan lifestyle right on their doorstep. If you want to start the day with a boost of energy, you can do free yoga in the morning, followed by an artisan coffee and a perfect breakfast bowl. Afterwards, relax by one of the two swimming pools and soak up the atmosphere of the \"white island\" of Ibiza. Treat yourself to a spa treatment or a personal training session. Ibiza evenings are brought to life by the DJ as the sun goes down.<\/p>","protected":false},"excerpt":{"rendered":"<p>Nagelneues Design-Retreat mit entspannter Luxus-Seele Das OKU Ibiza hat im Sommer 2022 seine Pforten ge\u00f6ffnet und bietet einen F\u00fcnf-Sterne-R\u00fcckzugsort nur wenige Gehminuten von der wundersch\u00f6nen Bucht Cala Gracio und den Str\u00e4nden entfernt. Das OKU Ibiza ist ein stilvolles Hotel f\u00fcr alle, die geschmackvolle Fusionsk\u00fcche sch\u00e4tzen, von der Natur inspiriertes Design sch\u00e4tzen und das Beste des [&hellip;]<\/p>","protected":false},"author":4,"featured_media":0,"parent":3048,"menu_order":0,"comment_status":"closed","ping_status":"closed","template":"page-reise_detail5.php","meta":{"_acf_changed":false,"inline_featured_image":false,"footnotes":""},"categories":[12,8,2],"tags":[],"class_list":["post-23008","page","type-page","status-publish","hentry","category-island-selections","category-reisen","category-unkategorisiert"],"acf":[],"_links":{"self":[{"href":"https:\/\/select-luxury.travel\/en\/wp-json\/wp\/v2\/pages\/23008","targetHints":{"allow":["GET"]}}],"collection":[{"href":"https:\/\/select-luxury.travel\/en\/wp-json\/wp\/v2\/pages"}],"about":[{"href":"https:\/\/select-luxury.travel\/en\/wp-json\/wp\/v2\/types\/page"}],"author":[{"embeddable":true,"href":"https:\/\/select-luxury.travel\/en\/wp-json\/wp\/v2\/users\/4"}],"replies":[{"embeddable":true,"href":"https:\/\/select-luxury.travel\/en\/wp-json\/wp\/v2\/comments?post=23008"}],"version-history":[{"count":48,"href":"https:\/\/select-luxury.travel\/en\/wp-json\/wp\/v2\/pages\/23008\/revisions"}],"predecessor-version":[{"id":69522,"href":"https:\/\/select-luxury.travel\/en\/wp-json\/wp\/v2\/pages\/23008\/revisions\/69522"}],"up":[{"embeddable":true,"href":"https:\/\/select-luxury.travel\/en\/wp-json\/wp\/v2\/pages\/3048"}],"wp:attachment":[{"href":"https:\/\/select-luxury.travel\/en\/wp-json\/wp\/v2\/media?parent=23008"}],"wp:term":[{"taxonomy":"category","embeddable":true,"href":"https:\/\/select-luxury.travel\/en\/wp-json\/wp\/v2\/categories?post=23008"},{"taxonomy":"post_tag","embeddable":true,"href":"https:\/\/select-luxury.travel\/en\/wp-json\/wp\/v2\/tags?post=23008"}],"curies":[{"name":"wp","href":"https:\/\/api.w.org\/{rel}","templated":true}]}}