{"id":22928,"date":"2021-06-07T12:52:56","date_gmt":"2021-06-07T10:52:56","guid":{"rendered":"https:\/\/select-luxury.travel\/?page_id=22928"},"modified":"2026-03-21T15:18:03","modified_gmt":"2026-03-21T14:18:03","slug":"5%e2%98%85-can-bordoy-grand-house-garden-mallorca","status":"publish","type":"page","link":"https:\/\/select-luxury.travel\/en\/selections\/island-selections\/5%e2%98%85-can-bordoy-grand-house-garden-mallorca","title":{"rendered":"5\u2605 Can Bordoy Grand House &amp; Garden, Mallorca"},"content":{"rendered":"<p><span class=\"text-braun\">The art of quiet elegance in a medieval building in the heart of Palma<\/span><\/p>\n<p>Arrive, marvel, feel good - walls in nostalgic velvet, majestic curtains, art deco elements and antiques from all over the world: the history of Palma lives on at Can Bordoy Grand House &amp; Garden. A passion for art, architecture and design pervades the medieval building. The extensive private garden, the largest private garden in Palma de Mallorca, is also a gem, rich in lush vegetation and where you can lose yourself on winding paths between olive and fruit trees. In 24 individually designed, playful and lovingly detailed suites, you will find a relaxing home away from home in the La Lonja district of Palma.<\/p>","protected":false},"excerpt":{"rendered":"<p>Die Kunst der stillen Eleganz in mittelalterlichem Geb\u00e4ude im Herzen Palmas Ankommen, Staunen, Wohlf\u00fchlen &#8211; W\u00e4nde in nostalgischem Samt, majest\u00e4tische Vorh\u00e4nge, Art-d\u00e9co-Elemente und Antiquit\u00e4ten aus aller Welt: Im Can Bordoy Grand House &amp; Garden lebt die Geschichte Palmas fort. Die Leidenschaft f\u00fcr Kunst, Architektur und Design durchweht das mittelalterliche Geb\u00e4ude. Ein Kleinod auch der weitl\u00e4ufige [&hellip;]<\/p>","protected":false},"author":4,"featured_media":0,"parent":3048,"menu_order":0,"comment_status":"closed","ping_status":"closed","template":"page-reise_detail5.php","meta":{"_acf_changed":false,"inline_featured_image":false,"footnotes":""},"categories":[12,8,2],"tags":[],"class_list":["post-22928","page","type-page","status-publish","hentry","category-island-selections","category-reisen","category-unkategorisiert"],"acf":[],"_links":{"self":[{"href":"https:\/\/select-luxury.travel\/en\/wp-json\/wp\/v2\/pages\/22928","targetHints":{"allow":["GET"]}}],"collection":[{"href":"https:\/\/select-luxury.travel\/en\/wp-json\/wp\/v2\/pages"}],"about":[{"href":"https:\/\/select-luxury.travel\/en\/wp-json\/wp\/v2\/types\/page"}],"author":[{"embeddable":true,"href":"https:\/\/select-luxury.travel\/en\/wp-json\/wp\/v2\/users\/4"}],"replies":[{"embeddable":true,"href":"https:\/\/select-luxury.travel\/en\/wp-json\/wp\/v2\/comments?post=22928"}],"version-history":[{"count":43,"href":"https:\/\/select-luxury.travel\/en\/wp-json\/wp\/v2\/pages\/22928\/revisions"}],"predecessor-version":[{"id":69566,"href":"https:\/\/select-luxury.travel\/en\/wp-json\/wp\/v2\/pages\/22928\/revisions\/69566"}],"up":[{"embeddable":true,"href":"https:\/\/select-luxury.travel\/en\/wp-json\/wp\/v2\/pages\/3048"}],"wp:attachment":[{"href":"https:\/\/select-luxury.travel\/en\/wp-json\/wp\/v2\/media?parent=22928"}],"wp:term":[{"taxonomy":"category","embeddable":true,"href":"https:\/\/select-luxury.travel\/en\/wp-json\/wp\/v2\/categories?post=22928"},{"taxonomy":"post_tag","embeddable":true,"href":"https:\/\/select-luxury.travel\/en\/wp-json\/wp\/v2\/tags?post=22928"}],"curies":[{"name":"wp","href":"https:\/\/api.w.org\/{rel}","templated":true}]}}