{"id":22436,"date":"2021-05-31T11:43:52","date_gmt":"2021-05-31T09:43:52","guid":{"rendered":"https:\/\/select-luxury.travel\/?page_id=22436"},"modified":"2026-03-16T10:30:12","modified_gmt":"2026-03-16T09:30:12","slug":"5%e2%98%85-kalesma-mykonos","status":"publish","type":"page","link":"https:\/\/select-luxury.travel\/en\/selections\/island-selections\/5%e2%98%85-kalesma-mykonos","title":{"rendered":"5\u2605 Kalesma Mykonos"},"content":{"rendered":"<p><span class=\"text-braun\">The new luxury retreat on Mykonos: exceptional private villas with plenty of privacy, a private pool and breathtaking views <\/span><\/p>\n<p>The Mykonian region of Aleomandra is named after the sacred stables of Delia, which, according to legend, housed the horses of the Olympian god Apollo. Centuries later, Kalesma Mykonos rises from this same Mykonian earth and becomes one with the legends. \"Kalesma\" means \"welcoming\" in Greek, a word that best expresses the ethos of this privately owned luxury boutique hotel. Welcome to one of the most exclusive hideaways on Mykonos. The whitewashed, thoughtfully designed cluster of houses that make up Kalesma has been designed to resemble a charming Mykonian village. The property is nestled on a hillside overlooking the bay of Ornos and is just a short walk from Ornos beach. The exceptional location of Kalesma offers a 360\u00b0 view, giving guests the unique opportunity to enjoy both sunrise and sunset from the same spot - with a dream view of Delos!<\/p>\n<p>&nbsp;<\/p>","protected":false},"excerpt":{"rendered":"<p>Das neue Luxusrefugium auf Mykonos: aussergew\u00f6hnliche private Villen mit viel Privatsph\u00e4re, Privatpool und atemberaubendem Ausblick Die mykonische Region Aleomandra ist nach den heiligen St\u00e4llen von Delia benannt, die der Sage nach die Pferde des olympischen Gottes Apollo beherbergten. Jahrhunderte sp\u00e4ter erhebt sich Kalesma Mykonos aus eben dieser mykonischen Erde und wird eins mit den Legenden. [&hellip;]<\/p>","protected":false},"author":4,"featured_media":0,"parent":3048,"menu_order":0,"comment_status":"closed","ping_status":"closed","template":"page-reise_detail5.php","meta":{"_acf_changed":false,"inline_featured_image":false,"footnotes":""},"categories":[12,8,2],"tags":[],"class_list":["post-22436","page","type-page","status-publish","hentry","category-island-selections","category-reisen","category-unkategorisiert"],"acf":[],"_links":{"self":[{"href":"https:\/\/select-luxury.travel\/en\/wp-json\/wp\/v2\/pages\/22436","targetHints":{"allow":["GET"]}}],"collection":[{"href":"https:\/\/select-luxury.travel\/en\/wp-json\/wp\/v2\/pages"}],"about":[{"href":"https:\/\/select-luxury.travel\/en\/wp-json\/wp\/v2\/types\/page"}],"author":[{"embeddable":true,"href":"https:\/\/select-luxury.travel\/en\/wp-json\/wp\/v2\/users\/4"}],"replies":[{"embeddable":true,"href":"https:\/\/select-luxury.travel\/en\/wp-json\/wp\/v2\/comments?post=22436"}],"version-history":[{"count":40,"href":"https:\/\/select-luxury.travel\/en\/wp-json\/wp\/v2\/pages\/22436\/revisions"}],"predecessor-version":[{"id":69458,"href":"https:\/\/select-luxury.travel\/en\/wp-json\/wp\/v2\/pages\/22436\/revisions\/69458"}],"up":[{"embeddable":true,"href":"https:\/\/select-luxury.travel\/en\/wp-json\/wp\/v2\/pages\/3048"}],"wp:attachment":[{"href":"https:\/\/select-luxury.travel\/en\/wp-json\/wp\/v2\/media?parent=22436"}],"wp:term":[{"taxonomy":"category","embeddable":true,"href":"https:\/\/select-luxury.travel\/en\/wp-json\/wp\/v2\/categories?post=22436"},{"taxonomy":"post_tag","embeddable":true,"href":"https:\/\/select-luxury.travel\/en\/wp-json\/wp\/v2\/tags?post=22436"}],"curies":[{"name":"wp","href":"https:\/\/api.w.org\/{rel}","templated":true}]}}