{"id":22127,"date":"2021-05-26T15:53:39","date_gmt":"2021-05-26T13:53:39","guid":{"rendered":"https:\/\/select-luxury.travel\/?page_id=22127"},"modified":"2026-03-16T12:03:03","modified_gmt":"2026-03-16T11:03:03","slug":"the-rooster-wellness-lifestyle-resort-antiparos-greece","status":"publish","type":"page","link":"https:\/\/select-luxury.travel\/en\/selections\/island-selections\/the-rooster-wellness-lifestyle-resort-antiparos-greece","title":{"rendered":"5\u2605 The Rooster Wellness &#038; Lifestyle Resort, Antiparos"},"content":{"rendered":"<p><span class=\"text-braun\">The new retreat The Rooster on the unspoilt, authentic Greek island of Antiparos<\/span><\/p>\n<p>\"The secret of happiness is not to seek more, but to develop the ability to enjoy less,\" says Socrates. The Rooster's \"Wake Up Call\" on tranquil Antiparos is all about switching off from the hustle and bustle of everyday life, getting away from it all and enjoying the luxury of \"slow living\" through sustainable, local and organic wellness, fun and energising experiences. Everything revolves around lightness, pleasure and fulfilment - like waking up with a view of the sea, sharing tasty food prepared with love and care and soaking up the euphoric energy of the island. The new, unique luxury hotel The Rooster, is the secluded retreat for discerning travellers who appreciate naturalness, deceleration and well-being in an unspoilt landscape on the Greek island of Antiparos. In the southern Aegean, in the heart of the Cyclades, a top-class hideaway awaits stress-ridden travellers who are looking for peace and quiet and want to recharge their batteries. Athanasia Comninos, the owner, fell in love with the island many years ago and opened this holistic, authentic paradise with only 17 residential units with the best privacy in summer 2021. Authentic architecture that blends perfectly into the dramatic landscape, casual nature style with high-quality, elegant materials, the Greek farm with organic garden for slow cooking and farm-to-table style... Understatement is the new interpretation of luxury here. Enjoy the peace and quiet, the rooster's crow in the morning, the dream view over the blue Mediterranean, high-quality wellbeing and treatments in the House of Healing with meditation, Ayurveda massages or yoga, the unspoilt beach and fantastic sunsets. A combination with the Greek Cyclades islands of Paros, Mykonos, Santorini or Naxos is ideal for a stay at The Rooster on Antiparos.<\/p>","protected":false},"excerpt":{"rendered":"<p>Das neue Refugium The Rooster auf der naturbelassenen, authentischen griechischen Insel Antiparos &#8222;Das Geheimnis des Gl\u00fccks liegt nicht darin, mehr zu suchen, sondern die F\u00e4higkeit zu entwickeln, weniger zu genie\u00dfen&#8220;, sagt Sokrates. Beim &#8222;Wake Up Call&#8220; von The Rooster auf dem beschaulichen Antiparos geht es darum, vom hektischen Alltag abzuschalten, fernab von allem sein, den [&hellip;]<\/p>","protected":false},"author":4,"featured_media":0,"parent":3048,"menu_order":0,"comment_status":"closed","ping_status":"closed","template":"page-reise_detail5.php","meta":{"_acf_changed":false,"inline_featured_image":false,"footnotes":""},"categories":[12,8,2],"tags":[],"class_list":["post-22127","page","type-page","status-publish","hentry","category-island-selections","category-reisen","category-unkategorisiert"],"acf":[],"_links":{"self":[{"href":"https:\/\/select-luxury.travel\/en\/wp-json\/wp\/v2\/pages\/22127","targetHints":{"allow":["GET"]}}],"collection":[{"href":"https:\/\/select-luxury.travel\/en\/wp-json\/wp\/v2\/pages"}],"about":[{"href":"https:\/\/select-luxury.travel\/en\/wp-json\/wp\/v2\/types\/page"}],"author":[{"embeddable":true,"href":"https:\/\/select-luxury.travel\/en\/wp-json\/wp\/v2\/users\/4"}],"replies":[{"embeddable":true,"href":"https:\/\/select-luxury.travel\/en\/wp-json\/wp\/v2\/comments?post=22127"}],"version-history":[{"count":51,"href":"https:\/\/select-luxury.travel\/en\/wp-json\/wp\/v2\/pages\/22127\/revisions"}],"predecessor-version":[{"id":69512,"href":"https:\/\/select-luxury.travel\/en\/wp-json\/wp\/v2\/pages\/22127\/revisions\/69512"}],"up":[{"embeddable":true,"href":"https:\/\/select-luxury.travel\/en\/wp-json\/wp\/v2\/pages\/3048"}],"wp:attachment":[{"href":"https:\/\/select-luxury.travel\/en\/wp-json\/wp\/v2\/media?parent=22127"}],"wp:term":[{"taxonomy":"category","embeddable":true,"href":"https:\/\/select-luxury.travel\/en\/wp-json\/wp\/v2\/categories?post=22127"},{"taxonomy":"post_tag","embeddable":true,"href":"https:\/\/select-luxury.travel\/en\/wp-json\/wp\/v2\/tags?post=22127"}],"curies":[{"name":"wp","href":"https:\/\/api.w.org\/{rel}","templated":true}]}}