{"id":21988,"date":"2021-05-20T16:11:52","date_gmt":"2021-05-20T14:11:52","guid":{"rendered":"https:\/\/select-luxury.travel\/?page_id=21988"},"modified":"2026-03-16T12:18:52","modified_gmt":"2026-03-16T11:18:52","slug":"5%e2%98%85-six-senses-ibiza","status":"publish","type":"page","link":"https:\/\/select-luxury.travel\/en\/selections\/island-selections\/5%e2%98%85-six-senses-ibiza","title":{"rendered":"5\u2605 Six Senses Ibiza"},"content":{"rendered":"<p><span class=\"text-braun\">The new Six Senses on Ibiza, the sustainable bohemian hideaway<\/span><\/p>\n<p>At its northern tip, Ibiza harbours a long-hidden secret, Cala Xarraca with its white rocks and crystal-clear sea. In this magical cove, the golden hour lasts longer than anywhere else. Journeys here do not lead to a destination, they take travellers to a different frequency of life. Such a meaningful place must be protected, which is why Six Senses Ibiza was the first sustainably certified resort in the Balearic Islands when it opened in July 2021. Ibiza is much more than a destination, Ibiza is a lifestyle of deep, spiritual experiences rooted in the local culture. Sustainability, music, art, fashion, wellness and spirituality - experiencing the synonyms of the island in a new dimension. The Beach Caves, located on the coast, belong to the hotel's creatives. They are a meeting place for joie de vivre, with live music acts taking to the stage almost every evening.<\/p>","protected":false},"excerpt":{"rendered":"<p>Das neue Six Senses auf Ibiza, das nachhaltige Boh\u00e8me-Hideaway An seiner Nordspitze h\u00fctet Ibiza ein lange verborgenes Geheimnis, die Cala Xarraca mit ihren wei\u00dfen Felsen und kristallklarem Meer. In dieser magischen Bucht dauert die goldene Stunde l\u00e4nger als anderswo. Reisen hierher f\u00fchren nicht an ein Ziel, mit ihnen gelangen die Reisenden in eine andere Frequenz [&hellip;]<\/p>","protected":false},"author":4,"featured_media":0,"parent":3048,"menu_order":0,"comment_status":"closed","ping_status":"closed","template":"page-reise_detail5.php","meta":{"_acf_changed":false,"inline_featured_image":false,"footnotes":""},"categories":[12,8,2],"tags":[],"class_list":["post-21988","page","type-page","status-publish","hentry","category-island-selections","category-reisen","category-unkategorisiert"],"acf":[],"_links":{"self":[{"href":"https:\/\/select-luxury.travel\/en\/wp-json\/wp\/v2\/pages\/21988","targetHints":{"allow":["GET"]}}],"collection":[{"href":"https:\/\/select-luxury.travel\/en\/wp-json\/wp\/v2\/pages"}],"about":[{"href":"https:\/\/select-luxury.travel\/en\/wp-json\/wp\/v2\/types\/page"}],"author":[{"embeddable":true,"href":"https:\/\/select-luxury.travel\/en\/wp-json\/wp\/v2\/users\/4"}],"replies":[{"embeddable":true,"href":"https:\/\/select-luxury.travel\/en\/wp-json\/wp\/v2\/comments?post=21988"}],"version-history":[{"count":34,"href":"https:\/\/select-luxury.travel\/en\/wp-json\/wp\/v2\/pages\/21988\/revisions"}],"predecessor-version":[{"id":69523,"href":"https:\/\/select-luxury.travel\/en\/wp-json\/wp\/v2\/pages\/21988\/revisions\/69523"}],"up":[{"embeddable":true,"href":"https:\/\/select-luxury.travel\/en\/wp-json\/wp\/v2\/pages\/3048"}],"wp:attachment":[{"href":"https:\/\/select-luxury.travel\/en\/wp-json\/wp\/v2\/media?parent=21988"}],"wp:term":[{"taxonomy":"category","embeddable":true,"href":"https:\/\/select-luxury.travel\/en\/wp-json\/wp\/v2\/categories?post=21988"},{"taxonomy":"post_tag","embeddable":true,"href":"https:\/\/select-luxury.travel\/en\/wp-json\/wp\/v2\/tags?post=21988"}],"curies":[{"name":"wp","href":"https:\/\/api.w.org\/{rel}","templated":true}]}}