{"id":21443,"date":"2021-05-12T18:21:14","date_gmt":"2021-05-12T16:21:14","guid":{"rendered":"https:\/\/select-luxury.travel\/?page_id=21443"},"modified":"2026-03-16T11:08:48","modified_gmt":"2026-03-16T10:08:48","slug":"vila-vita-private-villas-algarve-portugal","status":"publish","type":"page","link":"https:\/\/select-luxury.travel\/en\/selections\/private\/vila-vita-private-villas-algarve-portugal","title":{"rendered":"5\u2605 Vila Vita Private Villas, Algarve"},"content":{"rendered":"<p><span class=\"text-braun\">Hand-picked villas with a pampering character<\/span><\/p>\n<p>What are we doing today? Sunbathe on one of the golden beaches framed by brightly coloured rocks? A game of golf on one of the internationally recognised golf courses? An excursion into the mountains, a stroll through traditional alleyways in one of the many historic towns? The Algarve is Portugal's finest coastline, sun-kissed and full of variety.<\/p>\n<p>You will find your luxurious, individual residence in a direct beach location in the VILA VITA Collection. Exclusive properties combine the traditional Algarve lifestyle with the highest standards. Each hand-picked villa offers the ultimate in comfort, style and complete privacy. Casual style and sophistication on the most beautiful natural beaches in Europe - the choice is yours!<\/p>","protected":false},"excerpt":{"rendered":"<p>Handverlesene Villen mit Verw\u00f6hncharakter Was unternehmen wir heute? Ein Sonnenbad an einem der goldenen Str\u00e4nde, die von hellen Felsen umrahmt werden? Eine Partie Golf auf einem der international ausgezeichneten Golfpl\u00e4tze? Ein Ausflug in die Berge, ein Spaziergang durch traditionelle G\u00e4sschen in einer der vielen historischen St\u00e4dte? Die Algarve ist Portugals feinste K\u00fcste, sonnenverw\u00f6hnt und abwechslungsreich. [&hellip;]<\/p>\n","protected":false},"author":4,"featured_media":0,"parent":514,"menu_order":0,"comment_status":"closed","ping_status":"closed","template":"page-reise_detail5.php","meta":{"_acf_changed":false,"inline_featured_image":false,"footnotes":""},"categories":[12,9,8,2],"tags":[],"class_list":["post-21443","page","type-page","status-publish","hentry","category-island-selections","category-private-selections","category-reisen","category-unkategorisiert"],"acf":[],"_links":{"self":[{"href":"https:\/\/select-luxury.travel\/en\/wp-json\/wp\/v2\/pages\/21443","targetHints":{"allow":["GET"]}}],"collection":[{"href":"https:\/\/select-luxury.travel\/en\/wp-json\/wp\/v2\/pages"}],"about":[{"href":"https:\/\/select-luxury.travel\/en\/wp-json\/wp\/v2\/types\/page"}],"author":[{"embeddable":true,"href":"https:\/\/select-luxury.travel\/en\/wp-json\/wp\/v2\/users\/4"}],"replies":[{"embeddable":true,"href":"https:\/\/select-luxury.travel\/en\/wp-json\/wp\/v2\/comments?post=21443"}],"version-history":[{"count":60,"href":"https:\/\/select-luxury.travel\/en\/wp-json\/wp\/v2\/pages\/21443\/revisions"}],"predecessor-version":[{"id":69480,"href":"https:\/\/select-luxury.travel\/en\/wp-json\/wp\/v2\/pages\/21443\/revisions\/69480"}],"up":[{"embeddable":true,"href":"https:\/\/select-luxury.travel\/en\/wp-json\/wp\/v2\/pages\/514"}],"wp:attachment":[{"href":"https:\/\/select-luxury.travel\/en\/wp-json\/wp\/v2\/media?parent=21443"}],"wp:term":[{"taxonomy":"category","embeddable":true,"href":"https:\/\/select-luxury.travel\/en\/wp-json\/wp\/v2\/categories?post=21443"},{"taxonomy":"post_tag","embeddable":true,"href":"https:\/\/select-luxury.travel\/en\/wp-json\/wp\/v2\/tags?post=21443"}],"curies":[{"name":"wp","href":"https:\/\/api.w.org\/{rel}","templated":true}]}}