{"id":21301,"date":"2021-05-17T11:35:34","date_gmt":"2021-05-17T09:35:34","guid":{"rendered":"https:\/\/select-luxury.travel\/?page_id=21301"},"modified":"2024-10-31T12:05:16","modified_gmt":"2024-10-31T11:05:16","slug":"astove-atoll-resort-seychelles","status":"publish","type":"page","link":"https:\/\/select-luxury.travel\/en\/selections\/island-selections\/astove-atoll-resort-seychellen","title":{"rendered":"Astove Atoll Resort, Seychelles"},"content":{"rendered":"<p><span class=\"text-braun\">A natural paradise for adventurers and those seeking relaxation<\/span><\/p>\n<p>Astove Coral House is a retreat in harmony with nature. Instead of luxury and high-tech, the focus here is on preserving nature. Guests are invited to explore the island by snorkelling, diving, kayaking or walking along the beach and get to know the Creole way of life up close. All meals are served in the communal dining room or directly on the beach, ensuring that the experience remains close to nature.<\/p>","protected":false},"excerpt":{"rendered":"<p>Ein Naturparadies f\u00fcr Abenteurer und Erholungssuchende Astove Coral House ist ein R\u00fcckzugsort im Einklang mit der Natur. Statt Luxus und High-Tech steht hier die Erhaltung der Natur im Mittelpunkt. G\u00e4ste sind eingeladen, die Insel beim Schnorcheln, Tauchen, Kayaking oder bei Strandspazierg\u00e4ngen zu erkunden und die kreolische Lebensweise hautnah kennenzulernen. Alle Mahlzeiten werden im Gemeinschaftsraum oder [&hellip;]<\/p>\n","protected":false},"author":4,"featured_media":0,"parent":3048,"menu_order":0,"comment_status":"closed","ping_status":"closed","template":"page-reise_detail5.php","meta":{"_acf_changed":false,"inline_featured_image":false,"footnotes":""},"categories":[12,8,2],"tags":[],"class_list":["post-21301","page","type-page","status-publish","hentry","category-island-selections","category-reisen","category-unkategorisiert"],"acf":[],"_links":{"self":[{"href":"https:\/\/select-luxury.travel\/en\/wp-json\/wp\/v2\/pages\/21301","targetHints":{"allow":["GET"]}}],"collection":[{"href":"https:\/\/select-luxury.travel\/en\/wp-json\/wp\/v2\/pages"}],"about":[{"href":"https:\/\/select-luxury.travel\/en\/wp-json\/wp\/v2\/types\/page"}],"author":[{"embeddable":true,"href":"https:\/\/select-luxury.travel\/en\/wp-json\/wp\/v2\/users\/4"}],"replies":[{"embeddable":true,"href":"https:\/\/select-luxury.travel\/en\/wp-json\/wp\/v2\/comments?post=21301"}],"version-history":[{"count":24,"href":"https:\/\/select-luxury.travel\/en\/wp-json\/wp\/v2\/pages\/21301\/revisions"}],"predecessor-version":[{"id":64207,"href":"https:\/\/select-luxury.travel\/en\/wp-json\/wp\/v2\/pages\/21301\/revisions\/64207"}],"up":[{"embeddable":true,"href":"https:\/\/select-luxury.travel\/en\/wp-json\/wp\/v2\/pages\/3048"}],"wp:attachment":[{"href":"https:\/\/select-luxury.travel\/en\/wp-json\/wp\/v2\/media?parent=21301"}],"wp:term":[{"taxonomy":"category","embeddable":true,"href":"https:\/\/select-luxury.travel\/en\/wp-json\/wp\/v2\/categories?post=21301"},{"taxonomy":"post_tag","embeddable":true,"href":"https:\/\/select-luxury.travel\/en\/wp-json\/wp\/v2\/tags?post=21301"}],"curies":[{"name":"wp","href":"https:\/\/api.w.org\/{rel}","templated":true}]}}