{"id":21216,"date":"2021-05-10T12:12:46","date_gmt":"2021-05-10T10:12:46","guid":{"rendered":"https:\/\/select-luxury.travel\/?page_id=21216"},"modified":"2026-03-21T14:35:52","modified_gmt":"2026-03-21T13:35:52","slug":"5%e2%98%85-verdura-golf-spa-resort-sicily","status":"publish","type":"page","link":"https:\/\/select-luxury.travel\/en\/selections\/private\/5%e2%98%85-verdura-golf-spa-resort-sicily","title":{"rendered":"5\u2605 Verdura Resort, a Rocco Forte Hotel, Sicily"},"content":{"rendered":"<p><span class=\"text-braun\">Relaxed luxury resort on almost two kilometres of private coastline in the south of the island of Sicily<\/span><br \/>\nThe Verdura Resort, a Rocco Forte Hotel, is an oasis of well-being, relaxation and enjoyment set against the backdrop of enchanting Sicilian villages, ancient Greek and Roman sites and the beautiful blue Mediterranean Sea in the south of the Italian island of Sicily. A first-class hotel with spa and golf awaits you on the sun-kissed Mediterranean coast in a rural setting. Olive trees, orange groves, lavender, rosemary and white sandy beaches. Tennis courts, water sports, championship golf and children's clubs. Infinity pools, thalassotherapy and the flagship spa. The farm-to-table concept is also popular: fine dining, healthy eating with organic ingredients grown here and world-famous local wines. The luxurious eco-architecture by architect Flavio Albanese and the fine materials used, with designer lamps and modern four-poster beds in dark wood, create a wonderful environment in the style of Sicilian manor houses. Great attention is paid to sustainability and environmental protection, specifically through solar technology and the use of rainwater to supply the golf course.<\/p>","protected":false},"excerpt":{"rendered":"<p>Entspanntes Luxusresort an einem fast zwei Kilometer langen privaten K\u00fcstenabschnitt im S\u00fcden der Insel Sizilien Das Verdura Resort, a Rocco Forte Hotel, ist eine Oase des Wohlbefindens, der Entspannung und des Genusses vor der Kulisse bezaubernder sizilianischer D\u00f6rfer, antiker griechischer und r\u00f6mischer St\u00e4tten und des wundersch\u00f6nen, blauen Mittelmeers im S\u00fcden der italienischen Insel Sizilien. An [&hellip;]<\/p>","protected":false},"author":4,"featured_media":0,"parent":514,"menu_order":0,"comment_status":"closed","ping_status":"closed","template":"page-reise_detail5.php","meta":{"_acf_changed":false,"inline_featured_image":false,"footnotes":""},"categories":[12,8,2],"tags":[],"class_list":["post-21216","page","type-page","status-publish","hentry","category-island-selections","category-reisen","category-unkategorisiert"],"acf":[],"_links":{"self":[{"href":"https:\/\/select-luxury.travel\/en\/wp-json\/wp\/v2\/pages\/21216","targetHints":{"allow":["GET"]}}],"collection":[{"href":"https:\/\/select-luxury.travel\/en\/wp-json\/wp\/v2\/pages"}],"about":[{"href":"https:\/\/select-luxury.travel\/en\/wp-json\/wp\/v2\/types\/page"}],"author":[{"embeddable":true,"href":"https:\/\/select-luxury.travel\/en\/wp-json\/wp\/v2\/users\/4"}],"replies":[{"embeddable":true,"href":"https:\/\/select-luxury.travel\/en\/wp-json\/wp\/v2\/comments?post=21216"}],"version-history":[{"count":41,"href":"https:\/\/select-luxury.travel\/en\/wp-json\/wp\/v2\/pages\/21216\/revisions"}],"predecessor-version":[{"id":69535,"href":"https:\/\/select-luxury.travel\/en\/wp-json\/wp\/v2\/pages\/21216\/revisions\/69535"}],"up":[{"embeddable":true,"href":"https:\/\/select-luxury.travel\/en\/wp-json\/wp\/v2\/pages\/514"}],"wp:attachment":[{"href":"https:\/\/select-luxury.travel\/en\/wp-json\/wp\/v2\/media?parent=21216"}],"wp:term":[{"taxonomy":"category","embeddable":true,"href":"https:\/\/select-luxury.travel\/en\/wp-json\/wp\/v2\/categories?post=21216"},{"taxonomy":"post_tag","embeddable":true,"href":"https:\/\/select-luxury.travel\/en\/wp-json\/wp\/v2\/tags?post=21216"}],"curies":[{"name":"wp","href":"https:\/\/api.w.org\/{rel}","templated":true}]}}