{"id":2121,"date":"2018-06-13T15:25:08","date_gmt":"2018-06-13T13:25:08","guid":{"rendered":"https:\/\/select-luxury.travel\/?page_id=2121"},"modified":"2026-03-21T15:53:39","modified_gmt":"2026-03-21T14:53:39","slug":"india-spiritual-luxury","status":"publish","type":"page","link":"https:\/\/select-luxury.travel\/en\/selections\/private\/indien-spiritual-luxury","title":{"rendered":"India Spiritual Luxury"},"content":{"rendered":"<p><span class=\"text-braun\">Spiritual life in a land of contrasts<\/span><\/p>\n<p>The believer's lips move slowly, praying and begging for salvation. The water slowly rolls off his body. He stands there as if enraptured. Calm, deeply immersed in prayer. In the water. In the midst of many others who have come to Varanasi and the Ganges for the same reason today. They are all asking to be washed clean of their sins. Many come here in the hope of finding their final resting place in the holy waters and thus a direct path to Nirvana. Varanasi is the holiest city in India and one of the holiest cities in the world. The spiritual centre of the Hindu faith is a highlight of your trip to India. Experience how faith is celebrated daily on the Indian subcontinent and immerse yourself in the spiritual side of this unique country.<\/p>","protected":false},"excerpt":{"rendered":"<p>Spirituelles Leben im Land der Gegens\u00e4tze Langsam bewegen sich die Lippen des Gl\u00e4ubigen, beten und bitten um Erl\u00f6sung. Langsam perlt das Wasser an seinem K\u00f6rper ab. Wie entr\u00fcckt steht er da. Ruhig, tief ins Gebet versunken. Im Wasser. Inmitten vieler anderer, die am heutigen Tag aus dem gleichen Grund nach Varanasi und an den Ganges [&hellip;]<\/p>\n","protected":false},"author":3,"featured_media":0,"parent":514,"menu_order":21,"comment_status":"closed","ping_status":"closed","template":"page-reise_detail.php","meta":{"_acf_changed":false,"inline_featured_image":false,"footnotes":""},"categories":[9,8],"tags":[],"class_list":["post-2121","page","type-page","status-publish","hentry","category-private-selections","category-reisen"],"acf":[],"_links":{"self":[{"href":"https:\/\/select-luxury.travel\/en\/wp-json\/wp\/v2\/pages\/2121","targetHints":{"allow":["GET"]}}],"collection":[{"href":"https:\/\/select-luxury.travel\/en\/wp-json\/wp\/v2\/pages"}],"about":[{"href":"https:\/\/select-luxury.travel\/en\/wp-json\/wp\/v2\/types\/page"}],"author":[{"embeddable":true,"href":"https:\/\/select-luxury.travel\/en\/wp-json\/wp\/v2\/users\/3"}],"replies":[{"embeddable":true,"href":"https:\/\/select-luxury.travel\/en\/wp-json\/wp\/v2\/comments?post=2121"}],"version-history":[{"count":17,"href":"https:\/\/select-luxury.travel\/en\/wp-json\/wp\/v2\/pages\/2121\/revisions"}],"predecessor-version":[{"id":69586,"href":"https:\/\/select-luxury.travel\/en\/wp-json\/wp\/v2\/pages\/2121\/revisions\/69586"}],"up":[{"embeddable":true,"href":"https:\/\/select-luxury.travel\/en\/wp-json\/wp\/v2\/pages\/514"}],"wp:attachment":[{"href":"https:\/\/select-luxury.travel\/en\/wp-json\/wp\/v2\/media?parent=2121"}],"wp:term":[{"taxonomy":"category","embeddable":true,"href":"https:\/\/select-luxury.travel\/en\/wp-json\/wp\/v2\/categories?post=2121"},{"taxonomy":"post_tag","embeddable":true,"href":"https:\/\/select-luxury.travel\/en\/wp-json\/wp\/v2\/tags?post=2121"}],"curies":[{"name":"wp","href":"https:\/\/api.w.org\/{rel}","templated":true}]}}