{"id":20771,"date":"2021-05-04T11:16:11","date_gmt":"2021-05-04T09:16:11","guid":{"rendered":"https:\/\/select-luxury.travel\/?page_id=20771"},"modified":"2026-03-21T15:19:05","modified_gmt":"2026-03-21T14:19:05","slug":"jumeirah-port-soller-hotel-spa-mallorca","status":"publish","type":"page","link":"https:\/\/select-luxury.travel\/en\/selections\/island-selections\/jumeirah-port-soller-hotel-spa-mallorca","title":{"rendered":"5\u2605 Jumeirah Port Soller Hotel &amp; Spa, Mallorca"},"content":{"rendered":"<p><span class=\"text-braun\">Luxury hotel in a quiet dream location high above the sea with wonderful panoramic views on the idyllic Mediterranean island of Mallorca<\/span><\/p>\n<p>In the tranquil and very charming harbour town of Port de Soller on the edge of the UNESCO-protected Tramuntana mountains on Mallorca, a box seat and impressive retreat above the harbour and the cliffs of Port de Soller with fantastic panoramic views of the Mediterranean and the mountains awaits you. The exclusive luxury hotel is located in the midst of marvellous nature, away from the hustle and bustle. The Jumeirah Port Soller Hotel &amp; Spa offers 18,000 square metres of peace and comfort with beautiful paths, flowering gardens, modern design, exclusive light-flooded rooms and suites, a spacious spa and top restaurants. Here you can enjoy excellent tapas and trendy cuisine with breathtaking views in the Es Fanals restaurant.<\/p>","protected":false},"excerpt":{"rendered":"<p>Luxushotel in ruhiger Traumlage hoch \u00fcber dem Meer mit wundervollem Panoramablick auf der idyllischen Mittelmeerinsel Mallorca Im beschaulichen und sehr charmanten Hafenst\u00e4dtchen Port de Soller am Rande des UNESCO-gesch\u00fctzten Tramuntana Gebirges auf Mallorca erwartet Sie ein Logenplatz und beeindruckender R\u00fcckzugsort oberhalb des Hafens und der Klippen von Port de Soller mit traumhaftem Panoramablick auf das [&hellip;]<\/p>\n","protected":false},"author":4,"featured_media":0,"parent":3048,"menu_order":0,"comment_status":"closed","ping_status":"closed","template":"page-reise_detail5.php","meta":{"_acf_changed":false,"inline_featured_image":false,"footnotes":""},"categories":[12,8,2],"tags":[],"class_list":["post-20771","page","type-page","status-publish","hentry","category-island-selections","category-reisen","category-unkategorisiert"],"acf":[],"_links":{"self":[{"href":"https:\/\/select-luxury.travel\/en\/wp-json\/wp\/v2\/pages\/20771","targetHints":{"allow":["GET"]}}],"collection":[{"href":"https:\/\/select-luxury.travel\/en\/wp-json\/wp\/v2\/pages"}],"about":[{"href":"https:\/\/select-luxury.travel\/en\/wp-json\/wp\/v2\/types\/page"}],"author":[{"embeddable":true,"href":"https:\/\/select-luxury.travel\/en\/wp-json\/wp\/v2\/users\/4"}],"replies":[{"embeddable":true,"href":"https:\/\/select-luxury.travel\/en\/wp-json\/wp\/v2\/comments?post=20771"}],"version-history":[{"count":53,"href":"https:\/\/select-luxury.travel\/en\/wp-json\/wp\/v2\/pages\/20771\/revisions"}],"predecessor-version":[{"id":69567,"href":"https:\/\/select-luxury.travel\/en\/wp-json\/wp\/v2\/pages\/20771\/revisions\/69567"}],"up":[{"embeddable":true,"href":"https:\/\/select-luxury.travel\/en\/wp-json\/wp\/v2\/pages\/3048"}],"wp:attachment":[{"href":"https:\/\/select-luxury.travel\/en\/wp-json\/wp\/v2\/media?parent=20771"}],"wp:term":[{"taxonomy":"category","embeddable":true,"href":"https:\/\/select-luxury.travel\/en\/wp-json\/wp\/v2\/categories?post=20771"},{"taxonomy":"post_tag","embeddable":true,"href":"https:\/\/select-luxury.travel\/en\/wp-json\/wp\/v2\/tags?post=20771"}],"curies":[{"name":"wp","href":"https:\/\/api.w.org\/{rel}","templated":true}]}}