{"id":20513,"date":"2021-04-29T12:01:57","date_gmt":"2021-04-29T10:01:57","guid":{"rendered":"https:\/\/select-luxury.travel\/?page_id=20513"},"modified":"2025-01-16T14:41:54","modified_gmt":"2025-01-16T13:41:54","slug":"amanera-dominican-republic","status":"publish","type":"page","link":"https:\/\/select-luxury.travel\/en\/selections\/luxus-im-urlaubsparadiesdie-dominikanische-republik\/amanera-dominikanische-republik","title":{"rendered":"5\u2605 Amanera, Dominican Republic"},"content":{"rendered":"<p><span class=\"text-braun\">Luxury hotel on the Caribbean dream beach of Playa Grande with turquoise-coloured sea, green jungle and high cliffs<\/span><\/p>\n<p>Behind the jungle and overlooking the Caribbean Sea, the Amanera is perched on a cliff with panoramic views on the unspoilt north coast of the Dominican Republic. Perched above the famous golden sands of Playa Grande, it offers unrivalled access to water sports and nature experiences, infused with the spice and flavour of Dominican life. Amanera's location at the intersection of jungle and sea offers endless opportunities for recreation. Water sports such as surfing, kayaking or paddle boarding, discovering the island's wildlife on guided jungle hikes or enriching cultural encounters by exploring the colonial architecture and local fishing villages. Amanera's dining facilities showcase seasonal and sustainable local ingredients combined with international techniques. Casa Grande, overlooking the sea from the cliff top, offers cuisine at it's best with a box seat, complemented by a relaxed lunch atmosphere at the Beach Club down by the beach.<\/p>","protected":false},"excerpt":{"rendered":"<p>Luxushotel am Karibik-Traumstrand von Playa Grande mit t\u00fcrkisfarbenen Meer, gr\u00fcnem Dschungel und hohen Klippen Hinter dem Dschungel und mit Blick auf die Karibik liegt das Amanera auf einer Klippe mit Panoramablick an der unber\u00fchrten Nordk\u00fcste der Dominikanischen Republik. \u00dcber dem ber\u00fchmten goldenen Sandstrand von Playa Grande gelegen, bietet es einen unvergleichlichen Zugang zu Wassersport und [&hellip;]<\/p>\n","protected":false},"author":4,"featured_media":0,"parent":3213,"menu_order":0,"comment_status":"closed","ping_status":"closed","template":"page-reise_detail5.php","meta":{"_acf_changed":false,"inline_featured_image":false,"footnotes":""},"categories":[13,12,8,2],"tags":[],"class_list":["post-20513","page","type-page","status-publish","hentry","category-dominikanische-republik","category-island-selections","category-reisen","category-unkategorisiert"],"acf":[],"_links":{"self":[{"href":"https:\/\/select-luxury.travel\/en\/wp-json\/wp\/v2\/pages\/20513","targetHints":{"allow":["GET"]}}],"collection":[{"href":"https:\/\/select-luxury.travel\/en\/wp-json\/wp\/v2\/pages"}],"about":[{"href":"https:\/\/select-luxury.travel\/en\/wp-json\/wp\/v2\/types\/page"}],"author":[{"embeddable":true,"href":"https:\/\/select-luxury.travel\/en\/wp-json\/wp\/v2\/users\/4"}],"replies":[{"embeddable":true,"href":"https:\/\/select-luxury.travel\/en\/wp-json\/wp\/v2\/comments?post=20513"}],"version-history":[{"count":39,"href":"https:\/\/select-luxury.travel\/en\/wp-json\/wp\/v2\/pages\/20513\/revisions"}],"predecessor-version":[{"id":64740,"href":"https:\/\/select-luxury.travel\/en\/wp-json\/wp\/v2\/pages\/20513\/revisions\/64740"}],"up":[{"embeddable":true,"href":"https:\/\/select-luxury.travel\/en\/wp-json\/wp\/v2\/pages\/3213"}],"wp:attachment":[{"href":"https:\/\/select-luxury.travel\/en\/wp-json\/wp\/v2\/media?parent=20513"}],"wp:term":[{"taxonomy":"category","embeddable":true,"href":"https:\/\/select-luxury.travel\/en\/wp-json\/wp\/v2\/categories?post=20513"},{"taxonomy":"post_tag","embeddable":true,"href":"https:\/\/select-luxury.travel\/en\/wp-json\/wp\/v2\/tags?post=20513"}],"curies":[{"name":"wp","href":"https:\/\/api.w.org\/{rel}","templated":true}]}}