{"id":20453,"date":"2021-05-03T11:29:35","date_gmt":"2021-05-03T09:29:35","guid":{"rendered":"https:\/\/select-luxury.travel\/?page_id=20453"},"modified":"2024-11-01T11:52:03","modified_gmt":"2024-11-01T10:52:03","slug":"denis-private-island-seychelles","status":"publish","type":"page","link":"https:\/\/select-luxury.travel\/en\/selections\/island-selections\/denis-private-island-seychellen","title":{"rendered":"Denis Private Island, Seychelles"},"content":{"rendered":"<p><span class=\"text-braun\">Discover paradise on Denis Island - a retreat of everlasting beauty<\/span><\/p>\n<p>The exclusive 5-star resort on Denis Island, a private luxury island in the Seychelles, has won numerous awards for good reason. Here you will experience the perfect balance between unspoilt nature and sustainable luxury. The 24 detached accommodations, open-plan and flooded with sunlight, offer an ideal retreat and let you enjoy the peaceful, snow-white beaches within easy reach - as if they had sprung from a dream.<\/p>","protected":false},"excerpt":{"rendered":"<p>Entdecken Sie das Paradies auf Denis Island \u2013 Ein R\u00fcckzugsort von unverg\u00e4nglicher Sch\u00f6nheit Das exklusive 5-Sterne-Resort auf Denis Island, einer privaten Luxusinsel der Seychellen, ist nicht ohne Grund vielfach pr\u00e4miert. Hier erleben Sie die perfekte Balance zwischen unber\u00fchrter Natur und nachhaltigem Luxus. Die 24 freistehenden Unterk\u00fcnfte, offen gestaltet und von Sonnenlicht durchflutet, bieten einen idealen [&hellip;]<\/p>\n","protected":false},"author":4,"featured_media":0,"parent":3048,"menu_order":0,"comment_status":"closed","ping_status":"closed","template":"page-reise_detail5.php","meta":{"_acf_changed":false,"inline_featured_image":false,"footnotes":""},"categories":[12,8,2],"tags":[],"class_list":["post-20453","page","type-page","status-publish","hentry","category-island-selections","category-reisen","category-unkategorisiert"],"acf":[],"_links":{"self":[{"href":"https:\/\/select-luxury.travel\/en\/wp-json\/wp\/v2\/pages\/20453","targetHints":{"allow":["GET"]}}],"collection":[{"href":"https:\/\/select-luxury.travel\/en\/wp-json\/wp\/v2\/pages"}],"about":[{"href":"https:\/\/select-luxury.travel\/en\/wp-json\/wp\/v2\/types\/page"}],"author":[{"embeddable":true,"href":"https:\/\/select-luxury.travel\/en\/wp-json\/wp\/v2\/users\/4"}],"replies":[{"embeddable":true,"href":"https:\/\/select-luxury.travel\/en\/wp-json\/wp\/v2\/comments?post=20453"}],"version-history":[{"count":25,"href":"https:\/\/select-luxury.travel\/en\/wp-json\/wp\/v2\/pages\/20453\/revisions"}],"predecessor-version":[{"id":64229,"href":"https:\/\/select-luxury.travel\/en\/wp-json\/wp\/v2\/pages\/20453\/revisions\/64229"}],"up":[{"embeddable":true,"href":"https:\/\/select-luxury.travel\/en\/wp-json\/wp\/v2\/pages\/3048"}],"wp:attachment":[{"href":"https:\/\/select-luxury.travel\/en\/wp-json\/wp\/v2\/media?parent=20453"}],"wp:term":[{"taxonomy":"category","embeddable":true,"href":"https:\/\/select-luxury.travel\/en\/wp-json\/wp\/v2\/categories?post=20453"},{"taxonomy":"post_tag","embeddable":true,"href":"https:\/\/select-luxury.travel\/en\/wp-json\/wp\/v2\/tags?post=20453"}],"curies":[{"name":"wp","href":"https:\/\/api.w.org\/{rel}","templated":true}]}}