{"id":20342,"date":"2021-04-28T12:16:19","date_gmt":"2021-04-28T10:16:19","guid":{"rendered":"https:\/\/select-luxury.travel\/?page_id=20342"},"modified":"2024-11-15T11:08:27","modified_gmt":"2024-11-15T10:08:27","slug":"5%e2%98%85-hilton-labriz-resort-spa-silhouette-seychelles","status":"publish","type":"page","link":"https:\/\/select-luxury.travel\/en\/selections\/island-selections\/5%e2%98%85-hilton-labriz-resort-spa-silhouette-seychelles","title":{"rendered":"5\u2605 Hilton Labriz Resort &amp; Spa, Silhouette, Seychelles"},"content":{"rendered":"<p><span class=\"text-braun\">Discover paradise on Silhouette Island<\/span><\/p>\n<p>Welcome to the only resort on enchanting Silhouette Island, where 93 % of the island is protected as a national park. Nestled in the Silhouette Marine Park, you will experience a tropical paradise surrounded by white sandy beaches and lush forested mountains. Hike through the rainforest or dive into the colourful underwater world - an adventure you won't soon forget.<\/p>","protected":false},"excerpt":{"rendered":"<p>Entdecken Sie das Paradies auf Silhouette Island Willkommen im einzigen Resort auf der bezaubernden Silhouette Island, wo 93 % der Insel als Nationalpark gesch\u00fctzt sind. Eingebettet in den Silhouette Marine Park erleben Sie ein tropisches Paradies, das von wei\u00dfen Sandstr\u00e4nden und \u00fcppig bewaldeten Bergen umgeben ist. Wandern Sie durch den Regenwald oder tauchen Sie ein [&hellip;]<\/p>","protected":false},"author":4,"featured_media":0,"parent":3048,"menu_order":0,"comment_status":"closed","ping_status":"closed","template":"page-reise_detail5.php","meta":{"_acf_changed":false,"inline_featured_image":false,"footnotes":""},"categories":[12],"tags":[],"class_list":["post-20342","page","type-page","status-publish","hentry","category-island-selections"],"acf":[],"_links":{"self":[{"href":"https:\/\/select-luxury.travel\/en\/wp-json\/wp\/v2\/pages\/20342","targetHints":{"allow":["GET"]}}],"collection":[{"href":"https:\/\/select-luxury.travel\/en\/wp-json\/wp\/v2\/pages"}],"about":[{"href":"https:\/\/select-luxury.travel\/en\/wp-json\/wp\/v2\/types\/page"}],"author":[{"embeddable":true,"href":"https:\/\/select-luxury.travel\/en\/wp-json\/wp\/v2\/users\/4"}],"replies":[{"embeddable":true,"href":"https:\/\/select-luxury.travel\/en\/wp-json\/wp\/v2\/comments?post=20342"}],"version-history":[{"count":35,"href":"https:\/\/select-luxury.travel\/en\/wp-json\/wp\/v2\/pages\/20342\/revisions"}],"predecessor-version":[{"id":64300,"href":"https:\/\/select-luxury.travel\/en\/wp-json\/wp\/v2\/pages\/20342\/revisions\/64300"}],"up":[{"embeddable":true,"href":"https:\/\/select-luxury.travel\/en\/wp-json\/wp\/v2\/pages\/3048"}],"wp:attachment":[{"href":"https:\/\/select-luxury.travel\/en\/wp-json\/wp\/v2\/media?parent=20342"}],"wp:term":[{"taxonomy":"category","embeddable":true,"href":"https:\/\/select-luxury.travel\/en\/wp-json\/wp\/v2\/categories?post=20342"},{"taxonomy":"post_tag","embeddable":true,"href":"https:\/\/select-luxury.travel\/en\/wp-json\/wp\/v2\/tags?post=20342"}],"curies":[{"name":"wp","href":"https:\/\/api.w.org\/{rel}","templated":true}]}}