{"id":20114,"date":"2021-04-14T09:41:32","date_gmt":"2021-04-14T07:41:32","guid":{"rendered":"https:\/\/select-luxury.travel\/?page_id=20114"},"modified":"2024-11-15T11:33:02","modified_gmt":"2024-11-15T10:33:02","slug":"5%e2%98%85-hilton-northolme-resort-spa-mahe-seychelles","status":"publish","type":"page","link":"https:\/\/select-luxury.travel\/en\/selections\/island-selections\/5%e2%98%85-hilton-northolme-resort-spa-mahe-seychelles","title":{"rendered":"5\u2605 Hilton Northolme Resort &amp; Spa, Mah\u00e9, Seychelles"},"content":{"rendered":"<p><span class=\"text-braun\">Exclusive luxury for adults<\/span><\/p>\n<p>Experience pure relaxation in the peaceful villas of the Hilton Seychelles Northolme Resort &amp; Spa, nestled between tropical gardens and the turquoise Indian Ocean. Just seven kilometres from Victoria, this luxurious retreat offers complimentary snorkelling and kayaking, an impressive infinity pool and an award-winning spa. Stay in private villas with breathtaking ocean views.<\/p>","protected":false},"excerpt":{"rendered":"<p>Exklusiver Luxus f\u00fcr Erwachsene Erleben Sie pure Entspannung in den friedlichen Villen des Hilton Seychelles Northolme Resort &#038; Spa, eingebettet zwischen tropischen G\u00e4rten und dem t\u00fcrkisblauen Indischen Ozean. Nur sieben Kilometer von Victoria entfernt, bietet dieses luxuri\u00f6se Refugium kostenfreies Schnorcheln und Kajakfahren, einen beeindruckenden Infinity Pool und ein preisgekr\u00f6ntes Spa. Hier wohnen Sie in privaten [&hellip;]<\/p>","protected":false},"author":4,"featured_media":0,"parent":3048,"menu_order":0,"comment_status":"closed","ping_status":"closed","template":"page-reise_detail5.php","meta":{"_acf_changed":false,"inline_featured_image":false,"footnotes":""},"categories":[12,8,2],"tags":[],"class_list":["post-20114","page","type-page","status-publish","hentry","category-island-selections","category-reisen","category-unkategorisiert"],"acf":[],"_links":{"self":[{"href":"https:\/\/select-luxury.travel\/en\/wp-json\/wp\/v2\/pages\/20114","targetHints":{"allow":["GET"]}}],"collection":[{"href":"https:\/\/select-luxury.travel\/en\/wp-json\/wp\/v2\/pages"}],"about":[{"href":"https:\/\/select-luxury.travel\/en\/wp-json\/wp\/v2\/types\/page"}],"author":[{"embeddable":true,"href":"https:\/\/select-luxury.travel\/en\/wp-json\/wp\/v2\/users\/4"}],"replies":[{"embeddable":true,"href":"https:\/\/select-luxury.travel\/en\/wp-json\/wp\/v2\/comments?post=20114"}],"version-history":[{"count":30,"href":"https:\/\/select-luxury.travel\/en\/wp-json\/wp\/v2\/pages\/20114\/revisions"}],"predecessor-version":[{"id":64308,"href":"https:\/\/select-luxury.travel\/en\/wp-json\/wp\/v2\/pages\/20114\/revisions\/64308"}],"up":[{"embeddable":true,"href":"https:\/\/select-luxury.travel\/en\/wp-json\/wp\/v2\/pages\/3048"}],"wp:attachment":[{"href":"https:\/\/select-luxury.travel\/en\/wp-json\/wp\/v2\/media?parent=20114"}],"wp:term":[{"taxonomy":"category","embeddable":true,"href":"https:\/\/select-luxury.travel\/en\/wp-json\/wp\/v2\/categories?post=20114"},{"taxonomy":"post_tag","embeddable":true,"href":"https:\/\/select-luxury.travel\/en\/wp-json\/wp\/v2\/tags?post=20114"}],"curies":[{"name":"wp","href":"https:\/\/api.w.org\/{rel}","templated":true}]}}