{"id":20001,"date":"2021-04-09T13:05:24","date_gmt":"2021-04-09T11:05:24","guid":{"rendered":"https:\/\/select-luxury.travel\/?page_id=20001"},"modified":"2024-11-15T11:47:40","modified_gmt":"2024-11-15T10:47:40","slug":"5%e2%98%85-anantara-maia-villas-mahe-seychelles","status":"publish","type":"page","link":"https:\/\/select-luxury.travel\/en\/selections\/island-selections\/5%e2%98%85-anantara-maia-villas-mahe-seychelles","title":{"rendered":"5\u2605 Anantara Maia Villas, Mah\u00e9, Seychelles"},"content":{"rendered":"<p><span class=\"text-braun\">An exclusive paradise in the Seychelles<\/span><\/p>\n<p>Anantara Maia Villas is a Seychelles gem, tucked away on the coast of Mah\u00e9, where the unspoilt beauty of tropical nature meets the inimitable luxury of a private oasis. Nestled between lush hills and a shimmering beach on the Indian Ocean, this exclusive resort offers an atmosphere of absolute seclusion and tranquillity. The harmonious architecture, which blends seamlessly into the surroundings, invites guests to experience a stay that touches both the soul and the senses.<\/p>","protected":false},"excerpt":{"rendered":"<p>Ein exklusives Paradies der Seychellen Die Anantara Maia Villas sind ein Juwel der Seychellen, versteckt an der K\u00fcste von Mah\u00e9, wo die unber\u00fchrte Sch\u00f6nheit tropischer Natur auf den unnachahmlichen Luxus einer privaten Oase trifft. Eingebettet zwischen \u00fcppigen H\u00fcgeln und einem schimmernden Strand am Indischen Ozean, bietet dieses exklusive Resort eine Atmosph\u00e4re von absoluter Abgeschiedenheit und [&hellip;]<\/p>","protected":false},"author":4,"featured_media":0,"parent":3048,"menu_order":0,"comment_status":"closed","ping_status":"closed","template":"page-reise_detail5.php","meta":{"_acf_changed":false,"inline_featured_image":false,"footnotes":""},"categories":[12],"tags":[],"class_list":["post-20001","page","type-page","status-publish","hentry","category-island-selections"],"acf":[],"_links":{"self":[{"href":"https:\/\/select-luxury.travel\/en\/wp-json\/wp\/v2\/pages\/20001","targetHints":{"allow":["GET"]}}],"collection":[{"href":"https:\/\/select-luxury.travel\/en\/wp-json\/wp\/v2\/pages"}],"about":[{"href":"https:\/\/select-luxury.travel\/en\/wp-json\/wp\/v2\/types\/page"}],"author":[{"embeddable":true,"href":"https:\/\/select-luxury.travel\/en\/wp-json\/wp\/v2\/users\/4"}],"replies":[{"embeddable":true,"href":"https:\/\/select-luxury.travel\/en\/wp-json\/wp\/v2\/comments?post=20001"}],"version-history":[{"count":28,"href":"https:\/\/select-luxury.travel\/en\/wp-json\/wp\/v2\/pages\/20001\/revisions"}],"predecessor-version":[{"id":64314,"href":"https:\/\/select-luxury.travel\/en\/wp-json\/wp\/v2\/pages\/20001\/revisions\/64314"}],"up":[{"embeddable":true,"href":"https:\/\/select-luxury.travel\/en\/wp-json\/wp\/v2\/pages\/3048"}],"wp:attachment":[{"href":"https:\/\/select-luxury.travel\/en\/wp-json\/wp\/v2\/media?parent=20001"}],"wp:term":[{"taxonomy":"category","embeddable":true,"href":"https:\/\/select-luxury.travel\/en\/wp-json\/wp\/v2\/categories?post=20001"},{"taxonomy":"post_tag","embeddable":true,"href":"https:\/\/select-luxury.travel\/en\/wp-json\/wp\/v2\/tags?post=20001"}],"curies":[{"name":"wp","href":"https:\/\/api.w.org\/{rel}","templated":true}]}}