{"id":19940,"date":"2021-04-08T11:58:12","date_gmt":"2021-04-08T09:58:12","guid":{"rendered":"https:\/\/select-luxury.travel\/?page_id=19940"},"modified":"2024-11-15T11:57:20","modified_gmt":"2024-11-15T10:57:20","slug":"5%e2%98%85-four-seasons-resort-mahe-seychelles","status":"publish","type":"page","link":"https:\/\/select-luxury.travel\/en\/selections\/island-selections\/5%e2%98%85-four-seasons-resort-mahe-seychellen","title":{"rendered":"5\u2605 Four Seasons Resort, Mah\u00e9, Seychelles"},"content":{"rendered":"<p><span class=\"text-braun\">A place where dreams meet reality<\/span><\/p>\n<p>Welcome to the Four Seasons Resort Seychelles, a heavenly retreat on the island of Mah\u00e9, where unspoilt nature and luxurious comfort blend in perfect harmony. Perched high above the crystal-clear bay of Petite Anse, this resort offers a backdrop that will tantalise your senses: golden sandy beaches, lush green hills and the deep blue sea stretching to the horizon. Here you can expect a stay that will make you forget the world around you and leave you with only one thought: pure joy.<\/p>","protected":false},"excerpt":{"rendered":"<p>Ein Ort, an dem Tr\u00e4ume auf die Wirklichkeit treffen Willkommen im Four Seasons Resort Seychelles, einem himmlischen R\u00fcckzugsort auf der Insel Mah\u00e9, wo unber\u00fchrte Natur und luxuri\u00f6ser Komfort in perfekter Harmonie verschmelzen. Hoch \u00fcber der kristallklaren Bucht von Petite Anse gelegen, bietet dieses Resort eine Kulisse, die Ihre Sinne bet\u00f6rt: goldene Sandstr\u00e4nde, \u00fcppig gr\u00fcne H\u00fcgel [&hellip;]<\/p>\n","protected":false},"author":4,"featured_media":0,"parent":3048,"menu_order":0,"comment_status":"closed","ping_status":"closed","template":"page-reise_detail5.php","meta":{"_acf_changed":false,"inline_featured_image":false,"footnotes":""},"categories":[12,8,2],"tags":[],"class_list":["post-19940","page","type-page","status-publish","hentry","category-island-selections","category-reisen","category-unkategorisiert"],"acf":[],"_links":{"self":[{"href":"https:\/\/select-luxury.travel\/en\/wp-json\/wp\/v2\/pages\/19940","targetHints":{"allow":["GET"]}}],"collection":[{"href":"https:\/\/select-luxury.travel\/en\/wp-json\/wp\/v2\/pages"}],"about":[{"href":"https:\/\/select-luxury.travel\/en\/wp-json\/wp\/v2\/types\/page"}],"author":[{"embeddable":true,"href":"https:\/\/select-luxury.travel\/en\/wp-json\/wp\/v2\/users\/4"}],"replies":[{"embeddable":true,"href":"https:\/\/select-luxury.travel\/en\/wp-json\/wp\/v2\/comments?post=19940"}],"version-history":[{"count":22,"href":"https:\/\/select-luxury.travel\/en\/wp-json\/wp\/v2\/pages\/19940\/revisions"}],"predecessor-version":[{"id":64317,"href":"https:\/\/select-luxury.travel\/en\/wp-json\/wp\/v2\/pages\/19940\/revisions\/64317"}],"up":[{"embeddable":true,"href":"https:\/\/select-luxury.travel\/en\/wp-json\/wp\/v2\/pages\/3048"}],"wp:attachment":[{"href":"https:\/\/select-luxury.travel\/en\/wp-json\/wp\/v2\/media?parent=19940"}],"wp:term":[{"taxonomy":"category","embeddable":true,"href":"https:\/\/select-luxury.travel\/en\/wp-json\/wp\/v2\/categories?post=19940"},{"taxonomy":"post_tag","embeddable":true,"href":"https:\/\/select-luxury.travel\/en\/wp-json\/wp\/v2\/tags?post=19940"}],"curies":[{"name":"wp","href":"https:\/\/api.w.org\/{rel}","templated":true}]}}