{"id":19879,"date":"2021-04-07T16:43:34","date_gmt":"2021-04-07T14:43:34","guid":{"rendered":"https:\/\/select-luxury.travel\/?page_id=19879"},"modified":"2024-11-15T12:07:02","modified_gmt":"2024-11-15T11:07:02","slug":"5%e2%98%85-hotel-raffles-praslin-seychelles","status":"publish","type":"page","link":"https:\/\/select-luxury.travel\/en\/selections\/island-selections\/5%e2%98%85-hotel-raffles-praslin-seychellen","title":{"rendered":"5\u2605 Raffles Hotel, Praslin, Seychelles"},"content":{"rendered":"<p><span class=\"text-braun\">A resort like no other<\/span><\/p>\n<p>Raffles Seychelles on Praslin is a masterpiece of elegance and sophistication, nestled in the unrivalled beauty of the Seychelles. This luxurious resort is spread over 30 hectares of tropical gardens and rolling hills that lead down to the picturesque Anse Takamaka. Direct access to this dream beach makes it a paradise for sun worshippers and nature lovers alike.<\/p>","protected":false},"excerpt":{"rendered":"<p>Ein Resort wie kein anderes Das Raffles Seychelles auf Praslin ist ein Meisterwerk der Eleganz und Raffinesse, eingebettet in die unvergleichliche Sch\u00f6nheit der Seychellen. Dieses luxuri\u00f6se Resort erstreckt sich \u00fcber 30 Hektar tropische G\u00e4rten und sanfte H\u00fcgel, die zur malerischen Anse Takamaka hinabf\u00fchren. Der direkte Zugang zu diesem Traumstrand macht es zu einem Paradies f\u00fcr [&hellip;]<\/p>\n","protected":false},"author":4,"featured_media":0,"parent":3048,"menu_order":0,"comment_status":"closed","ping_status":"closed","template":"page-reise_detail5.php","meta":{"_acf_changed":false,"inline_featured_image":false,"footnotes":""},"categories":[12,8,2],"tags":[],"class_list":["post-19879","page","type-page","status-publish","hentry","category-island-selections","category-reisen","category-unkategorisiert"],"acf":[],"_links":{"self":[{"href":"https:\/\/select-luxury.travel\/en\/wp-json\/wp\/v2\/pages\/19879","targetHints":{"allow":["GET"]}}],"collection":[{"href":"https:\/\/select-luxury.travel\/en\/wp-json\/wp\/v2\/pages"}],"about":[{"href":"https:\/\/select-luxury.travel\/en\/wp-json\/wp\/v2\/types\/page"}],"author":[{"embeddable":true,"href":"https:\/\/select-luxury.travel\/en\/wp-json\/wp\/v2\/users\/4"}],"replies":[{"embeddable":true,"href":"https:\/\/select-luxury.travel\/en\/wp-json\/wp\/v2\/comments?post=19879"}],"version-history":[{"count":28,"href":"https:\/\/select-luxury.travel\/en\/wp-json\/wp\/v2\/pages\/19879\/revisions"}],"predecessor-version":[{"id":64319,"href":"https:\/\/select-luxury.travel\/en\/wp-json\/wp\/v2\/pages\/19879\/revisions\/64319"}],"up":[{"embeddable":true,"href":"https:\/\/select-luxury.travel\/en\/wp-json\/wp\/v2\/pages\/3048"}],"wp:attachment":[{"href":"https:\/\/select-luxury.travel\/en\/wp-json\/wp\/v2\/media?parent=19879"}],"wp:term":[{"taxonomy":"category","embeddable":true,"href":"https:\/\/select-luxury.travel\/en\/wp-json\/wp\/v2\/categories?post=19879"},{"taxonomy":"post_tag","embeddable":true,"href":"https:\/\/select-luxury.travel\/en\/wp-json\/wp\/v2\/tags?post=19879"}],"curies":[{"name":"wp","href":"https:\/\/api.w.org\/{rel}","templated":true}]}}