{"id":19811,"date":"2021-04-07T15:12:42","date_gmt":"2021-04-07T13:12:42","guid":{"rendered":"https:\/\/select-luxury.travel\/?page_id=19811"},"modified":"2026-03-14T16:46:53","modified_gmt":"2026-03-14T15:46:53","slug":"5%e2%98%85-the-oberoi-beach-resort-al-zorah-ajman-uae","status":"publish","type":"page","link":"https:\/\/select-luxury.travel\/en\/selections\/private\/5%e2%98%85-the-oberoi-beach-resort-al-zorah-ajman-uae","title":{"rendered":"5\u2605 Al Zorah Beach Resort, Ajman, UAE"},"content":{"rendered":"<p><span class=\"text-braun\">Luxury resort directly on the dream beach in the heart of the Al Zorah nature reserve<\/span><\/p>\n<p>The Al Zorah Beach Resort in Ajman (formerly Oberoi) is located on one of the most beautiful, unspoilt dream beaches in the United Arab Emirates. Nestled in the Al Zorah Nature Reserve, in the heart of the Arab Emirates, the resort offers a welcome change from the rest of the desert region. Here you will find protected mangrove forests and beautiful lagoons. Play golf on an 18-hole, 72 par championship golf course designed by Jack Nicklaus.<br \/>\nThe top location, the remarkable design and, of course, the very highest, multi-award-winning service undoubtedly make this resort a destination in its own right that is unrivalled in the Emirates.<\/p>","protected":false},"excerpt":{"rendered":"<p>Luxusresort direkt am Traumsatrnd im Herzen des Al Zorah Naturreservats Das Al Zorah Beach Resort in Ajman (ehemals Oberoi) liegt an einem der sch\u00f6nsten, naturbelassenen Traumstr\u00e4nde der Arabischen Emirate. Eingebettet im Naturreservat Al Zorah, im Herzen der Arabischen Emirate, bietet das Resort eine willkommene Abwechslung zum Rest der W\u00fcstenregion. Hier finden Sie gesch\u00fctzte Mangrovenw\u00e4lder und [&hellip;]<\/p>","protected":false},"author":4,"featured_media":0,"parent":514,"menu_order":0,"comment_status":"closed","ping_status":"closed","template":"page-reise_detail3.php","meta":{"_acf_changed":false,"inline_featured_image":false,"footnotes":""},"categories":[12,9,8,2],"tags":[],"class_list":["post-19811","page","type-page","status-publish","hentry","category-island-selections","category-private-selections","category-reisen","category-unkategorisiert"],"acf":[],"_links":{"self":[{"href":"https:\/\/select-luxury.travel\/en\/wp-json\/wp\/v2\/pages\/19811","targetHints":{"allow":["GET"]}}],"collection":[{"href":"https:\/\/select-luxury.travel\/en\/wp-json\/wp\/v2\/pages"}],"about":[{"href":"https:\/\/select-luxury.travel\/en\/wp-json\/wp\/v2\/types\/page"}],"author":[{"embeddable":true,"href":"https:\/\/select-luxury.travel\/en\/wp-json\/wp\/v2\/users\/4"}],"replies":[{"embeddable":true,"href":"https:\/\/select-luxury.travel\/en\/wp-json\/wp\/v2\/comments?post=19811"}],"version-history":[{"count":38,"href":"https:\/\/select-luxury.travel\/en\/wp-json\/wp\/v2\/pages\/19811\/revisions"}],"predecessor-version":[{"id":69410,"href":"https:\/\/select-luxury.travel\/en\/wp-json\/wp\/v2\/pages\/19811\/revisions\/69410"}],"up":[{"embeddable":true,"href":"https:\/\/select-luxury.travel\/en\/wp-json\/wp\/v2\/pages\/514"}],"wp:attachment":[{"href":"https:\/\/select-luxury.travel\/en\/wp-json\/wp\/v2\/media?parent=19811"}],"wp:term":[{"taxonomy":"category","embeddable":true,"href":"https:\/\/select-luxury.travel\/en\/wp-json\/wp\/v2\/categories?post=19811"},{"taxonomy":"post_tag","embeddable":true,"href":"https:\/\/select-luxury.travel\/en\/wp-json\/wp\/v2\/tags?post=19811"}],"curies":[{"name":"wp","href":"https:\/\/api.w.org\/{rel}","templated":true}]}}