{"id":19735,"date":"2021-04-07T11:43:50","date_gmt":"2021-04-07T09:43:50","guid":{"rendered":"https:\/\/select-luxury.travel\/?page_id=19735"},"modified":"2024-11-15T12:14:11","modified_gmt":"2024-11-15T11:14:11","slug":"5%e2%98%85-constance-ephelia-resort-mahe-seychelles","status":"publish","type":"page","link":"https:\/\/select-luxury.travel\/en\/selections\/island-selections\/5%e2%98%85-constance-ephelia-resort-mahe-seychelles","title":{"rendered":"5\u2605 Constance Ephelia Resort, Mah\u00e9, Seychelles"},"content":{"rendered":"<p><span class=\"text-braun\">A paradise between two bays<\/span><\/p>\n<p>Nestled in the lush tropical beauty of Mah\u00e9, the Constance Ephelia Resort is a true jewel of the Seychelles. The sprawling resort is nestled between two stunning bays characterised by turquoise waters and fine white sand. Overlooking the lush Morne Seychellois National Park and surrounded by lush vegetation, the resort combines luxurious comfort with the unspoilt nature of the island.<\/p>","protected":false},"excerpt":{"rendered":"<p>Ein Paradies zwischen zwei Buchten Eingebettet in die \u00fcppige tropische Sch\u00f6nheit von Mah\u00e9, ist das Constance Ephelia Resort ein wahres Juwel der Seychellen. Das weitl\u00e4ufige Resort liegt zwischen zwei atemberaubenden Buchten, die von t\u00fcrkisblauem Wasser und feinem, wei\u00dfem Sand gepr\u00e4gt sind. Mit Blick auf den \u00fcppigen Morne-Seychellois-Nationalpark und umgeben von \u00fcppiger Vegetation, vereint das Resort [&hellip;]<\/p>","protected":false},"author":4,"featured_media":0,"parent":3048,"menu_order":0,"comment_status":"closed","ping_status":"closed","template":"page-reise_detail5.php","meta":{"_acf_changed":false,"inline_featured_image":false,"footnotes":""},"categories":[12,8,2],"tags":[],"class_list":["post-19735","page","type-page","status-publish","hentry","category-island-selections","category-reisen","category-unkategorisiert"],"acf":[],"_links":{"self":[{"href":"https:\/\/select-luxury.travel\/en\/wp-json\/wp\/v2\/pages\/19735","targetHints":{"allow":["GET"]}}],"collection":[{"href":"https:\/\/select-luxury.travel\/en\/wp-json\/wp\/v2\/pages"}],"about":[{"href":"https:\/\/select-luxury.travel\/en\/wp-json\/wp\/v2\/types\/page"}],"author":[{"embeddable":true,"href":"https:\/\/select-luxury.travel\/en\/wp-json\/wp\/v2\/users\/4"}],"replies":[{"embeddable":true,"href":"https:\/\/select-luxury.travel\/en\/wp-json\/wp\/v2\/comments?post=19735"}],"version-history":[{"count":33,"href":"https:\/\/select-luxury.travel\/en\/wp-json\/wp\/v2\/pages\/19735\/revisions"}],"predecessor-version":[{"id":64321,"href":"https:\/\/select-luxury.travel\/en\/wp-json\/wp\/v2\/pages\/19735\/revisions\/64321"}],"up":[{"embeddable":true,"href":"https:\/\/select-luxury.travel\/en\/wp-json\/wp\/v2\/pages\/3048"}],"wp:attachment":[{"href":"https:\/\/select-luxury.travel\/en\/wp-json\/wp\/v2\/media?parent=19735"}],"wp:term":[{"taxonomy":"category","embeddable":true,"href":"https:\/\/select-luxury.travel\/en\/wp-json\/wp\/v2\/categories?post=19735"},{"taxonomy":"post_tag","embeddable":true,"href":"https:\/\/select-luxury.travel\/en\/wp-json\/wp\/v2\/tags?post=19735"}],"curies":[{"name":"wp","href":"https:\/\/api.w.org\/{rel}","templated":true}]}}