{"id":19429,"date":"2021-03-30T14:21:12","date_gmt":"2021-03-30T12:21:12","guid":{"rendered":"https:\/\/select-luxury.travel\/?page_id=19429"},"modified":"2026-03-16T10:25:03","modified_gmt":"2026-03-16T09:25:03","slug":"5%e2%98%85-hotel-aman-sveti-stefan","status":"publish","type":"page","link":"https:\/\/select-luxury.travel\/en\/selections\/island-selections\/5%e2%98%85-hotel-aman-sveti-stefan","title":{"rendered":"5\u2605 Hotel Aman Sveti Stefan - currently closed"},"content":{"rendered":"<p><span class=\"text-braun\"><strong>Aman Sveti Stefan and Villa Milo\u010der are currently closed. We hope to be able to announce reopening dates soon. <\/strong><\/span><\/p>\n<p>Montenegro's most famous tourist destination is the small island of Sveti Stefan, which is overlooked by Villa Milo\u010der, a graceful stone residence on a pink sandy beach. A former summer residence of Queen Marija Kara\u0111or\u0111evi\u0107, Villa Milo\u010der offers several elegant suites, while the island provides accommodation in stone cottages dating back to the 15th century. Together they form the incomparable Aman Sveti Stefan. The fortified village offers a unique atmosphere with cobbled streets, pretty courtyards and tranquil sea views. The hand-restored stone buildings house the island's 51 rooms, cottages and suites, all individually designed to highlight original details and harmonise with the centuries of history that give the island its inimitable charm. Aman Sveti Stefan's three magnificent beaches provide an idyllic setting for sunbathing, swimming and water sports in the warm, clear waters of the Adriatic.<\/p>\n<p>&nbsp;<\/p>","protected":false},"excerpt":{"rendered":"<p>Aman Sveti Stefan und Villa Milo\u010der sind derzeit geschlossen. Wir hoffen, bald Wiederer\u00f6ffnungstermine bekannt geben zu k\u00f6nnen. Montenegros bekanntestes Reiseziel ist die kleine Insel Sveti Stefan, die von der Villa Milo\u010der \u00fcberragt wird, einer anmutigen Steinresidenz an einem rosa Sandstrand. Als ehemalige Sommerresidenz der K\u00f6nigin Marija Kara\u0111or\u0111evi\u0107 bietet die Villa Milo\u010der mehrere elegante Suiten, w\u00e4hrend [&hellip;]<\/p>\n","protected":false},"author":4,"featured_media":0,"parent":3048,"menu_order":0,"comment_status":"closed","ping_status":"closed","template":"page-reise_detail5.php","meta":{"_acf_changed":false,"inline_featured_image":false,"footnotes":""},"categories":[12,8,2],"tags":[],"class_list":["post-19429","page","type-page","status-publish","hentry","category-island-selections","category-reisen","category-unkategorisiert"],"acf":[],"_links":{"self":[{"href":"https:\/\/select-luxury.travel\/en\/wp-json\/wp\/v2\/pages\/19429","targetHints":{"allow":["GET"]}}],"collection":[{"href":"https:\/\/select-luxury.travel\/en\/wp-json\/wp\/v2\/pages"}],"about":[{"href":"https:\/\/select-luxury.travel\/en\/wp-json\/wp\/v2\/types\/page"}],"author":[{"embeddable":true,"href":"https:\/\/select-luxury.travel\/en\/wp-json\/wp\/v2\/users\/4"}],"replies":[{"embeddable":true,"href":"https:\/\/select-luxury.travel\/en\/wp-json\/wp\/v2\/comments?post=19429"}],"version-history":[{"count":23,"href":"https:\/\/select-luxury.travel\/en\/wp-json\/wp\/v2\/pages\/19429\/revisions"}],"predecessor-version":[{"id":69454,"href":"https:\/\/select-luxury.travel\/en\/wp-json\/wp\/v2\/pages\/19429\/revisions\/69454"}],"up":[{"embeddable":true,"href":"https:\/\/select-luxury.travel\/en\/wp-json\/wp\/v2\/pages\/3048"}],"wp:attachment":[{"href":"https:\/\/select-luxury.travel\/en\/wp-json\/wp\/v2\/media?parent=19429"}],"wp:term":[{"taxonomy":"category","embeddable":true,"href":"https:\/\/select-luxury.travel\/en\/wp-json\/wp\/v2\/categories?post=19429"},{"taxonomy":"post_tag","embeddable":true,"href":"https:\/\/select-luxury.travel\/en\/wp-json\/wp\/v2\/tags?post=19429"}],"curies":[{"name":"wp","href":"https:\/\/api.w.org\/{rel}","templated":true}]}}