{"id":19368,"date":"2021-03-30T11:45:58","date_gmt":"2021-03-30T09:45:58","guid":{"rendered":"https:\/\/select-luxury.travel\/?page_id=19368"},"modified":"2026-03-21T14:56:16","modified_gmt":"2026-03-21T13:56:16","slug":"5%e2%98%85-falkensteiner-hotel-spa-iadera","status":"publish","type":"page","link":"https:\/\/select-luxury.travel\/en\/selections\/island-selections\/5%e2%98%85-falkensteiner-hotel-spa-iadera","title":{"rendered":"5\u2605 Falkensteiner Hotel &#038; Spa Iadera, Luxushotel Kroatien"},"content":{"rendered":"<p><span class=\"text-braun\">Exclusive luxury hotel in Croatia, wellness hotel with high-end spa on a private peninsula on the Adriatic Sea<\/span><\/p>\n<p>This extraordinary, modern luxury hotel in Croatia with a panoramic location and spectacular views is situated in one of Croatia's most beautiful locations directly by the sea with a private beach on the Punta Skala peninsula, near the harbour town of Zadar. The star architect duo Boris Podrecca and Matteo Thun have built this spectacular wellness hotel in Istria. Luxury in a panoramic location with a huge spa, infinity pool and three top restaurants. Outstanding design, open rooms, first-class furnishings and Mediterranean flair paired with great service and a fantastic location guarantee a pure holiday feeling. Surrounded by the turquoise blue Adriatic Sea, it is certainly one of the most beautiful places in Croatia. It is the perfect combination of luxury and lifestyle with Mediterranean flair. Cool design, a breathtaking backdrop and a fantastic wellness world crown the Falkensteiner Hotel &amp; Spa Iadera the best spa hotel in Croatia. <\/p>","protected":false},"excerpt":{"rendered":"<p>Exklusives Luxushotel in Kroatien, Wellnesshotel mit Highend-Spa auf privater Halbinsel an der Adria Dieses au\u00dfergew\u00f6hnliche, moderne Luxushotel in Kroatien in Panoramalage und mit spektakul\u00e4rer Aussicht liegt an einem der sch\u00f6nsten Pl\u00e4tze Kroatiens direkt am Meer mit Privatstrand auf der Halbinsel Punta Skala, nahe der Hafenstadt Zadar. Das Stararchitekten-Duo Boris Podrecca und Matteo Thun haben dieses [&hellip;]<\/p>\n","protected":false},"author":4,"featured_media":0,"parent":3048,"menu_order":0,"comment_status":"closed","ping_status":"closed","template":"page-reise_detail5.php","meta":{"_acf_changed":false,"inline_featured_image":false,"footnotes":""},"categories":[12,8,2],"tags":[],"class_list":["post-19368","page","type-page","status-publish","hentry","category-island-selections","category-reisen","category-unkategorisiert"],"acf":[],"_links":{"self":[{"href":"https:\/\/select-luxury.travel\/en\/wp-json\/wp\/v2\/pages\/19368","targetHints":{"allow":["GET"]}}],"collection":[{"href":"https:\/\/select-luxury.travel\/en\/wp-json\/wp\/v2\/pages"}],"about":[{"href":"https:\/\/select-luxury.travel\/en\/wp-json\/wp\/v2\/types\/page"}],"author":[{"embeddable":true,"href":"https:\/\/select-luxury.travel\/en\/wp-json\/wp\/v2\/users\/4"}],"replies":[{"embeddable":true,"href":"https:\/\/select-luxury.travel\/en\/wp-json\/wp\/v2\/comments?post=19368"}],"version-history":[{"count":36,"href":"https:\/\/select-luxury.travel\/en\/wp-json\/wp\/v2\/pages\/19368\/revisions"}],"predecessor-version":[{"id":69549,"href":"https:\/\/select-luxury.travel\/en\/wp-json\/wp\/v2\/pages\/19368\/revisions\/69549"}],"up":[{"embeddable":true,"href":"https:\/\/select-luxury.travel\/en\/wp-json\/wp\/v2\/pages\/3048"}],"wp:attachment":[{"href":"https:\/\/select-luxury.travel\/en\/wp-json\/wp\/v2\/media?parent=19368"}],"wp:term":[{"taxonomy":"category","embeddable":true,"href":"https:\/\/select-luxury.travel\/en\/wp-json\/wp\/v2\/categories?post=19368"},{"taxonomy":"post_tag","embeddable":true,"href":"https:\/\/select-luxury.travel\/en\/wp-json\/wp\/v2\/tags?post=19368"}],"curies":[{"name":"wp","href":"https:\/\/api.w.org\/{rel}","templated":true}]}}