{"id":19312,"date":"2021-03-29T15:31:22","date_gmt":"2021-03-29T13:31:22","guid":{"rendered":"https:\/\/select-luxury.travel\/?page_id=19312"},"modified":"2026-03-21T14:42:14","modified_gmt":"2026-03-21T13:42:14","slug":"5%e2%98%85-falkensteiner-resort-capo-boi","status":"publish","type":"page","link":"https:\/\/select-luxury.travel\/en\/selections\/island-selections\/5%e2%98%85-falkensteiner-resort-capo-boi","title":{"rendered":"5\u2605 Falkensteiner Resort Capo Boi Sardinien"},"content":{"rendered":"<p><span class=\"text-braun\">Perfect ambience, dream bay, fine white sandy beach in the south of Sardinia<\/span><\/p>\n<p>Escape from everyday life and arrive at the new, completely renovated luxury Falkensteiner Resort Capo Boi in the south of Sardinia - a paradise in the middle of a beautiful green nature reserve, surrounded by marvellous gardens, embraced by striking granite rocks and green hills against the perfect backdrop of the blue Mediterranean Sea. It is located in the centre of the protected marine area of Marina Protetta Capo Carbonara, between the typical Sardinian granite mountains and the shallow beach adjacent to the hotel complex. It is particularly suitable for children and boasts crystal-clear, turquoise-coloured water. Inspired by Mediterranean architecture, all guest rooms are pleasantly quiet and airy. The Falkensteiner Resort Capo Boi combines an atmosphere of serenity and is equally suitable for couples and families. Service and catering are of the highest standard and a wide range of activities are on offer. Opened in June 2016, this lifestyle resort in Sardinia offers countless opportunities for small adventures, relaxation and recreation in wonderful surroundings right on the Mediterranean.<\/p>","protected":false},"excerpt":{"rendered":"<p>Perfektes Ambiente, Traumbucht, wei\u00dfer feiner Sandstrand im S\u00fcden von Sardinien Dem Alltag entfliehen und im neuen, rundum erneuerten luxuri\u00f6sen Falkensteiner Resort Capo Boi im S\u00fcden von Sardinien ankommen &#8211; ein Paradies inmitten eines wundersch\u00f6nen gr\u00fcnen Naturschutzgebietes, inmitten herrlicher G\u00e4rten, umarmt von markanten Granitfelsen und gr\u00fcnen H\u00fcgeln vor der perfekten Kulisse des blauen Mittelmeeres. Es liegt [&hellip;]<\/p>\n","protected":false},"author":4,"featured_media":0,"parent":3048,"menu_order":0,"comment_status":"closed","ping_status":"closed","template":"page-reise_detail5.php","meta":{"_acf_changed":false,"inline_featured_image":false,"footnotes":""},"categories":[12,8,2],"tags":[],"class_list":["post-19312","page","type-page","status-publish","hentry","category-island-selections","category-reisen","category-unkategorisiert"],"acf":[],"_links":{"self":[{"href":"https:\/\/select-luxury.travel\/en\/wp-json\/wp\/v2\/pages\/19312","targetHints":{"allow":["GET"]}}],"collection":[{"href":"https:\/\/select-luxury.travel\/en\/wp-json\/wp\/v2\/pages"}],"about":[{"href":"https:\/\/select-luxury.travel\/en\/wp-json\/wp\/v2\/types\/page"}],"author":[{"embeddable":true,"href":"https:\/\/select-luxury.travel\/en\/wp-json\/wp\/v2\/users\/4"}],"replies":[{"embeddable":true,"href":"https:\/\/select-luxury.travel\/en\/wp-json\/wp\/v2\/comments?post=19312"}],"version-history":[{"count":30,"href":"https:\/\/select-luxury.travel\/en\/wp-json\/wp\/v2\/pages\/19312\/revisions"}],"predecessor-version":[{"id":69540,"href":"https:\/\/select-luxury.travel\/en\/wp-json\/wp\/v2\/pages\/19312\/revisions\/69540"}],"up":[{"embeddable":true,"href":"https:\/\/select-luxury.travel\/en\/wp-json\/wp\/v2\/pages\/3048"}],"wp:attachment":[{"href":"https:\/\/select-luxury.travel\/en\/wp-json\/wp\/v2\/media?parent=19312"}],"wp:term":[{"taxonomy":"category","embeddable":true,"href":"https:\/\/select-luxury.travel\/en\/wp-json\/wp\/v2\/categories?post=19312"},{"taxonomy":"post_tag","embeddable":true,"href":"https:\/\/select-luxury.travel\/en\/wp-json\/wp\/v2\/tags?post=19312"}],"curies":[{"name":"wp","href":"https:\/\/api.w.org\/{rel}","templated":true}]}}