{"id":19220,"date":"2021-03-29T14:05:42","date_gmt":"2021-03-29T12:05:42","guid":{"rendered":"https:\/\/select-luxury.travel\/?page_id=19220"},"modified":"2026-03-21T14:43:12","modified_gmt":"2026-03-21T13:43:12","slug":"5%e2%98%85-abi-doru-sardinia-beach-hotel-spa","status":"publish","type":"page","link":"https:\/\/select-luxury.travel\/en\/selections\/island-selections\/5%e2%98%85-abi-doru-sardinien-beach-hotel-spa","title":{"rendered":"5\u2605 Abi D&#8217;Oru Sardinien Beach Hotel &#038; Spa"},"content":{"rendered":"<p><span class=\"text-braun\">Unique boutique hotel in a privileged location in Porto Rotondo overlooking the Golfo di Marinella on the Costa Smeralda<\/span><\/p>\n<p>Enjoy wonderful views of the glamorous, turquoise-coloured Costa Smeralda in an extremely cosy and familiar atmosphere. The elegant and sporty Abi d'Oru Hotel &amp; Spa (Sardinian for \"golden bee\") overlooks a beach of fine white sand from its privileged position above the Golfo di Marinella on the island of Sardinia. The beach can be easily reached via a short walk through the lush, fragrant Mediterranean garden with a natural pond and a heated pool. This historic hotel, which was the first to be built in Porto Rotondo and on the Costa Smeralda, has been creating relaxation and happy memories at 5-star level since 1963. It is not only a paradise for sun worshippers, but also for all guests interested in cultural and gastronomic tours as well as sports and entertainment. Sardinia is rich in history, culture and traditions waiting to be discovered. The Costa Smeralda is characterised by clear, warm water, turquoise sea, bizarre rocks and the nearby nature reserve of the La Maddalena archipelago with dreamy beaches, just like in the Caribbean.<\/p>","protected":false},"excerpt":{"rendered":"<p>Einzigartiges Boutiquehotel in privilegierter Lage in Porto Rotondo \u00fcber dem Golfo di Marinella an der Costa Smeralda Genie\u00dfen Sie wunderbare Ausblicke auf die mond\u00e4ne, t\u00fcrkisfarbene Costa Smeralda und das in einer \u00fcberaus behaglichen und famili\u00e4ren Atmosph\u00e4re. Das elegant-sportliche Abi d&#8217;Oru Hotel &amp; Spa (sardisch f\u00fcr \u201egoldene Biene\u201c) \u00fcberblickt von seiner privilegierten Lage \u00fcber dem Golfo [&hellip;]<\/p>\n","protected":false},"author":4,"featured_media":0,"parent":3048,"menu_order":0,"comment_status":"closed","ping_status":"closed","template":"page-reise_detail5.php","meta":{"_acf_changed":false,"inline_featured_image":false,"footnotes":""},"categories":[12,8,2],"tags":[],"class_list":["post-19220","page","type-page","status-publish","hentry","category-island-selections","category-reisen","category-unkategorisiert"],"acf":[],"_links":{"self":[{"href":"https:\/\/select-luxury.travel\/en\/wp-json\/wp\/v2\/pages\/19220","targetHints":{"allow":["GET"]}}],"collection":[{"href":"https:\/\/select-luxury.travel\/en\/wp-json\/wp\/v2\/pages"}],"about":[{"href":"https:\/\/select-luxury.travel\/en\/wp-json\/wp\/v2\/types\/page"}],"author":[{"embeddable":true,"href":"https:\/\/select-luxury.travel\/en\/wp-json\/wp\/v2\/users\/4"}],"replies":[{"embeddable":true,"href":"https:\/\/select-luxury.travel\/en\/wp-json\/wp\/v2\/comments?post=19220"}],"version-history":[{"count":33,"href":"https:\/\/select-luxury.travel\/en\/wp-json\/wp\/v2\/pages\/19220\/revisions"}],"predecessor-version":[{"id":69541,"href":"https:\/\/select-luxury.travel\/en\/wp-json\/wp\/v2\/pages\/19220\/revisions\/69541"}],"up":[{"embeddable":true,"href":"https:\/\/select-luxury.travel\/en\/wp-json\/wp\/v2\/pages\/3048"}],"wp:attachment":[{"href":"https:\/\/select-luxury.travel\/en\/wp-json\/wp\/v2\/media?parent=19220"}],"wp:term":[{"taxonomy":"category","embeddable":true,"href":"https:\/\/select-luxury.travel\/en\/wp-json\/wp\/v2\/categories?post=19220"},{"taxonomy":"post_tag","embeddable":true,"href":"https:\/\/select-luxury.travel\/en\/wp-json\/wp\/v2\/tags?post=19220"}],"curies":[{"name":"wp","href":"https:\/\/api.w.org\/{rel}","templated":true}]}}