{"id":1919,"date":"2018-05-28T14:06:24","date_gmt":"2018-05-28T12:06:24","guid":{"rendered":"https:\/\/select-luxury.travel\/?page_id=1919"},"modified":"2024-06-11T14:50:05","modified_gmt":"2024-06-11T12:50:05","slug":"north-thailand-luxury","status":"publish","type":"page","link":"https:\/\/select-luxury.travel\/en\/selections\/private\/north-thailand-luxury","title":{"rendered":"North Thailand Luxury"},"content":{"rendered":"<p><span class=\"text-braun\">Local cuisine, real elephants and marvellous temples.<\/span><\/p>\n<p>He stands there, huge, the giant of the animal world. You step closer and closer to the animal, carefully placing one foot in front of the other, until you are standing right in front of it and can feel and smell it. Your hand gently rests against the elephant's side, touching the rough leathery skin of the colossus. You are right in the middle of a highlight of your journey. It will not be the only one. Even bigger than the elephant, Bangkok's skyline with its glittering temples and skyscrapers rises up before you, impressing you with its fast pace and colourful mix of culture and modernity. The Prapat family's garden is full of odours. Not only will you get to know the Thai family in the north of the country, they will also reveal the secrets of Thai cuisine to you. Three of the countless highlights of an unforgettable luxury dream holiday.<\/p>","protected":false},"excerpt":{"rendered":"<p>Lokale K\u00fcche, echte Elefanten und traumhafte Tempel. Riesengro\u00df steht er da, der Gigant der Tierwelt. Immer n\u00e4her treten Sie an das Tier heran, setzen vorsichtig einen Fu\u00df vor den anderen, bis Sie direkt vor ihm stehen, ihn sp\u00fcren und riechen k\u00f6nnen. Ihre Hand legt sich behutsam an die Seite des Elefanten, ber\u00fchrt die raue ledrige [&hellip;]<\/p>","protected":false},"author":3,"featured_media":0,"parent":514,"menu_order":32,"comment_status":"closed","ping_status":"closed","template":"page-reise_detail.php","meta":{"_acf_changed":false,"inline_featured_image":false,"footnotes":""},"categories":[9,8],"tags":[],"class_list":["post-1919","page","type-page","status-publish","hentry","category-private-selections","category-reisen"],"acf":[],"_links":{"self":[{"href":"https:\/\/select-luxury.travel\/en\/wp-json\/wp\/v2\/pages\/1919","targetHints":{"allow":["GET"]}}],"collection":[{"href":"https:\/\/select-luxury.travel\/en\/wp-json\/wp\/v2\/pages"}],"about":[{"href":"https:\/\/select-luxury.travel\/en\/wp-json\/wp\/v2\/types\/page"}],"author":[{"embeddable":true,"href":"https:\/\/select-luxury.travel\/en\/wp-json\/wp\/v2\/users\/3"}],"replies":[{"embeddable":true,"href":"https:\/\/select-luxury.travel\/en\/wp-json\/wp\/v2\/comments?post=1919"}],"version-history":[{"count":29,"href":"https:\/\/select-luxury.travel\/en\/wp-json\/wp\/v2\/pages\/1919\/revisions"}],"predecessor-version":[{"id":1963,"href":"https:\/\/select-luxury.travel\/en\/wp-json\/wp\/v2\/pages\/1919\/revisions\/1963"}],"up":[{"embeddable":true,"href":"https:\/\/select-luxury.travel\/en\/wp-json\/wp\/v2\/pages\/514"}],"wp:attachment":[{"href":"https:\/\/select-luxury.travel\/en\/wp-json\/wp\/v2\/media?parent=1919"}],"wp:term":[{"taxonomy":"category","embeddable":true,"href":"https:\/\/select-luxury.travel\/en\/wp-json\/wp\/v2\/categories?post=1919"},{"taxonomy":"post_tag","embeddable":true,"href":"https:\/\/select-luxury.travel\/en\/wp-json\/wp\/v2\/tags?post=1919"}],"curies":[{"name":"wp","href":"https:\/\/api.w.org\/{rel}","templated":true}]}}