{"id":19103,"date":"2021-03-26T13:37:06","date_gmt":"2021-03-26T12:37:06","guid":{"rendered":"https:\/\/select-luxury.travel\/?page_id=19103"},"modified":"2026-03-16T11:38:54","modified_gmt":"2026-03-16T10:38:54","slug":"5%e2%98%85-annabelle-hotel-cyprus","status":"publish","type":"page","link":"https:\/\/select-luxury.travel\/en\/selections\/island-selections\/5%e2%98%85-annabelle-hotel-zypern","title":{"rendered":"5\u2605 Annabelle Hotel, Zypern"},"content":{"rendered":"<p><span class=\"text-braun\">Welcome to Hotel Annabelle - luxury for the soul!<\/span><\/p>\n<p>On the coast of Paphos, the Hotel Annabelle has been run by the Michaelides family since 1985 and epitomises the warmth of the people of Cyprus, the beauty of nature and attentive hospitality. Cool, harmonious interiors, understated design and warm, attentive service combined with a personalised atmosphere of understated elegance are the attributes of this beautiful hotel on the Mediterranean. Four restaurants and five bars serve seasonal delicacies and excellent local wines in traditional Cypriot charm. There is also live music and entertainment almost every evening. Sparkling waterfalls in the pools reflect the seductive blue of the Mediterranean. The gentle swaying of the palm leaves slows life down to a pleasant pace as a cosy day turns into a leisurely evening.<\/p>","protected":false},"excerpt":{"rendered":"<p>Willkommen im Hotel Annabelle \u2013 Luxus f\u00fcr die Seele! An der K\u00fcste von Paphos erwartet Sie das seit 1985 unter der Obhut der Familie Michaelides gef\u00fchrte Hotel Annabelle, das die Herzlichkeit der Menschen auf Zypern, die Sch\u00f6nheit der Natur und die aufmerksame Gastfreundschaft verk\u00f6rpert. Cooles, harmonisches Interieur, dezentes Design und herzlicher, aufmerksamer Service kombiniert mit [&hellip;]<\/p>\n","protected":false},"author":4,"featured_media":0,"parent":3048,"menu_order":0,"comment_status":"closed","ping_status":"closed","template":"page-reise_detail5.php","meta":{"_acf_changed":false,"inline_featured_image":false,"footnotes":""},"categories":[12,8,2],"tags":[],"class_list":["post-19103","page","type-page","status-publish","hentry","category-island-selections","category-reisen","category-unkategorisiert"],"acf":[],"_links":{"self":[{"href":"https:\/\/select-luxury.travel\/en\/wp-json\/wp\/v2\/pages\/19103","targetHints":{"allow":["GET"]}}],"collection":[{"href":"https:\/\/select-luxury.travel\/en\/wp-json\/wp\/v2\/pages"}],"about":[{"href":"https:\/\/select-luxury.travel\/en\/wp-json\/wp\/v2\/types\/page"}],"author":[{"embeddable":true,"href":"https:\/\/select-luxury.travel\/en\/wp-json\/wp\/v2\/users\/4"}],"replies":[{"embeddable":true,"href":"https:\/\/select-luxury.travel\/en\/wp-json\/wp\/v2\/comments?post=19103"}],"version-history":[{"count":27,"href":"https:\/\/select-luxury.travel\/en\/wp-json\/wp\/v2\/pages\/19103\/revisions"}],"predecessor-version":[{"id":69495,"href":"https:\/\/select-luxury.travel\/en\/wp-json\/wp\/v2\/pages\/19103\/revisions\/69495"}],"up":[{"embeddable":true,"href":"https:\/\/select-luxury.travel\/en\/wp-json\/wp\/v2\/pages\/3048"}],"wp:attachment":[{"href":"https:\/\/select-luxury.travel\/en\/wp-json\/wp\/v2\/media?parent=19103"}],"wp:term":[{"taxonomy":"category","embeddable":true,"href":"https:\/\/select-luxury.travel\/en\/wp-json\/wp\/v2\/categories?post=19103"},{"taxonomy":"post_tag","embeddable":true,"href":"https:\/\/select-luxury.travel\/en\/wp-json\/wp\/v2\/tags?post=19103"}],"curies":[{"name":"wp","href":"https:\/\/api.w.org\/{rel}","templated":true}]}}