{"id":19016,"date":"2021-03-25T16:45:06","date_gmt":"2021-03-25T15:45:06","guid":{"rendered":"https:\/\/select-luxury.travel\/?page_id=19016"},"modified":"2026-03-16T11:40:15","modified_gmt":"2026-03-16T10:40:15","slug":"5%e2%98%85-anassa-hotel-cyprus","status":"publish","type":"page","link":"https:\/\/select-luxury.travel\/en\/selections\/island-selections\/5%e2%98%85-anassa-hotel-cyprus","title":{"rendered":"5\u2605 Anassa Hotel, Cyprus"},"content":{"rendered":"<p><span class=\"text-braun\">The ultimate Mediterranean retreat, the jewel in Cyprus' hotel crown<\/span><\/p>\n<p>Escape to a sophisticated Mediterranean retreat surrounded by mountains, where dreams become reality against a backdrop of Mediterranean blue. Stroll along the secluded, picturesque beach, savour fresh, seasonal dishes, meet in elegant rooms and enjoy the impeccable service of a true Cypriot sanctuary. Anassa - the name comes from the ancient Greek for \"queen\". And indeed, the Anassa Hotel is the jewel in the crown of Cyprus' hotel industry: like a palace, the luxury hotel, which is open all year round, exudes the very special charm of a traditional Cypriot village. On the edge of a secluded hilly landscape with a view of the endless blue of the eastern Mediterranean, small villas in a classic style are nestled in tropical gardens around an idyllic village square with a Byzantine chapel. The impressive, beautiful natural landscape surrounding the hotel is the model and inspiration for the facilities, from the luxurious, Roman ambience of the Thalassa Spa with its extensive thalassotherapy programme to the local and seasonal produce served fresh in the five restaurants.<\/p>","protected":false},"excerpt":{"rendered":"<p>Der ultimative R\u00fcckzugsort im Mittelmeer, das Juwel in Zyperns Hotellerie Entfliehen Sie in einen raffinierten R\u00fcckzugsort am Mittelmeer, umringt von Bergen, wo Tr\u00e4ume vor dem Hintergrund des mediterranen Blaus Wirklichkeit werden. Spazieren Sie am abgelegenen, malerischen Strand, genie\u00dfen Sie frische, saisonale Gerichte, treffen Sie sich in eleganten R\u00e4umen und genie\u00dfen Sie den tadellosen Service eines [&hellip;]<\/p>","protected":false},"author":4,"featured_media":0,"parent":3048,"menu_order":0,"comment_status":"closed","ping_status":"closed","template":"page-reise_detail5.php","meta":{"_acf_changed":false,"inline_featured_image":false,"footnotes":""},"categories":[54,12,8],"tags":[],"class_list":["post-19016","page","type-page","status-publish","hentry","category-alleinige-kreuzfahrt","category-island-selections","category-reisen"],"acf":[],"_links":{"self":[{"href":"https:\/\/select-luxury.travel\/en\/wp-json\/wp\/v2\/pages\/19016","targetHints":{"allow":["GET"]}}],"collection":[{"href":"https:\/\/select-luxury.travel\/en\/wp-json\/wp\/v2\/pages"}],"about":[{"href":"https:\/\/select-luxury.travel\/en\/wp-json\/wp\/v2\/types\/page"}],"author":[{"embeddable":true,"href":"https:\/\/select-luxury.travel\/en\/wp-json\/wp\/v2\/users\/4"}],"replies":[{"embeddable":true,"href":"https:\/\/select-luxury.travel\/en\/wp-json\/wp\/v2\/comments?post=19016"}],"version-history":[{"count":44,"href":"https:\/\/select-luxury.travel\/en\/wp-json\/wp\/v2\/pages\/19016\/revisions"}],"predecessor-version":[{"id":69496,"href":"https:\/\/select-luxury.travel\/en\/wp-json\/wp\/v2\/pages\/19016\/revisions\/69496"}],"up":[{"embeddable":true,"href":"https:\/\/select-luxury.travel\/en\/wp-json\/wp\/v2\/pages\/3048"}],"wp:attachment":[{"href":"https:\/\/select-luxury.travel\/en\/wp-json\/wp\/v2\/media?parent=19016"}],"wp:term":[{"taxonomy":"category","embeddable":true,"href":"https:\/\/select-luxury.travel\/en\/wp-json\/wp\/v2\/categories?post=19016"},{"taxonomy":"post_tag","embeddable":true,"href":"https:\/\/select-luxury.travel\/en\/wp-json\/wp\/v2\/tags?post=19016"}],"curies":[{"name":"wp","href":"https:\/\/api.w.org\/{rel}","templated":true}]}}