{"id":18895,"date":"2021-03-25T12:17:16","date_gmt":"2021-03-25T11:17:16","guid":{"rendered":"https:\/\/select-luxury.travel\/?page_id=18895"},"modified":"2026-03-14T17:18:24","modified_gmt":"2026-03-14T16:18:24","slug":"5%e2%98%85-eagles-villas-halkidiki","status":"publish","type":"page","link":"https:\/\/select-luxury.travel\/en\/selections\/island-selections\/5%e2%98%85-eagles-villas-halkidiki","title":{"rendered":"5\u2605 Eagles Villas Chalkidiki"},"content":{"rendered":"<p><span class=\"text-braun\">Family-run luxury resort surrounded by beautiful Mediterranean gardens by the sea<\/span><\/p>\n<p>Eagles Villas in Halkidiki is the embodiment of luxury, freedom, exclusivity and privacy under the glittering Mediterranean sun of Greece. Savour luxury in a private villa in the charming village of Ourounapolis on the Athos Peninsula and enjoy your own private paradise. The family-friendly villas with fascinating Mediterranean landscape and sea views make holiday dreams come true. Surrounded by lush Mediterranean gardens and with stunning views of the cobalt blue sea, Eagles Villas offer the luxury and ideal setting for a relaxing holiday in Greece in a prime coastal location. The family-run beachfront resort with a diverse selection of luxury Halkidiki villas in the enchanting region of Ouranoupoli, Halkidiki, takes holidays to the next level. Here, guests immerse themselves in an oasis of peace and tranquillity and experience the epitome of chic sophistication in brilliantly appointed, modern luxury villas with the most beautiful sea and sunset views. The villas have heated private pools and your butler service is always available.<\/p>","protected":false},"excerpt":{"rendered":"<p>Familiengef\u00fchrtes Luxusresort inmitten herrlicher mediterraner G\u00e4rten am Meer Eagles Villas in Chalkidiki ist die Verk\u00f6rperung von Luxus, Freiheit, Exklusivit\u00e4t und Privatsph\u00e4re unter der glitzernden Mittelmeersonne Griechenlands. Genie\u00dfen Sie den Luxus in einer privaten Villen im charmanten Dorf Ourounapolis auf der Halbinsel Athos und genie\u00dfen Sie Ihr eigenes privates Paradies. Die familienfreundlichen Villen mit faszinierender mediterraner [&hellip;]<\/p>\n","protected":false},"author":4,"featured_media":0,"parent":3048,"menu_order":0,"comment_status":"closed","ping_status":"closed","template":"page-reise_detail5.php","meta":{"_acf_changed":false,"inline_featured_image":false,"footnotes":""},"categories":[12,8,2],"tags":[],"class_list":["post-18895","page","type-page","status-publish","hentry","category-island-selections","category-reisen","category-unkategorisiert"],"acf":[],"_links":{"self":[{"href":"https:\/\/select-luxury.travel\/en\/wp-json\/wp\/v2\/pages\/18895","targetHints":{"allow":["GET"]}}],"collection":[{"href":"https:\/\/select-luxury.travel\/en\/wp-json\/wp\/v2\/pages"}],"about":[{"href":"https:\/\/select-luxury.travel\/en\/wp-json\/wp\/v2\/types\/page"}],"author":[{"embeddable":true,"href":"https:\/\/select-luxury.travel\/en\/wp-json\/wp\/v2\/users\/4"}],"replies":[{"embeddable":true,"href":"https:\/\/select-luxury.travel\/en\/wp-json\/wp\/v2\/comments?post=18895"}],"version-history":[{"count":52,"href":"https:\/\/select-luxury.travel\/en\/wp-json\/wp\/v2\/pages\/18895\/revisions"}],"predecessor-version":[{"id":69431,"href":"https:\/\/select-luxury.travel\/en\/wp-json\/wp\/v2\/pages\/18895\/revisions\/69431"}],"up":[{"embeddable":true,"href":"https:\/\/select-luxury.travel\/en\/wp-json\/wp\/v2\/pages\/3048"}],"wp:attachment":[{"href":"https:\/\/select-luxury.travel\/en\/wp-json\/wp\/v2\/media?parent=18895"}],"wp:term":[{"taxonomy":"category","embeddable":true,"href":"https:\/\/select-luxury.travel\/en\/wp-json\/wp\/v2\/categories?post=18895"},{"taxonomy":"post_tag","embeddable":true,"href":"https:\/\/select-luxury.travel\/en\/wp-json\/wp\/v2\/tags?post=18895"}],"curies":[{"name":"wp","href":"https:\/\/api.w.org\/{rel}","templated":true}]}}