{"id":18151,"date":"2021-03-03T20:38:36","date_gmt":"2021-03-03T19:38:36","guid":{"rendered":"https:\/\/select-luxury.travel\/?page_id=18151"},"modified":"2026-03-14T16:58:33","modified_gmt":"2026-03-14T15:58:33","slug":"5%e2%98%85-the-ritz-carlton-dubai","status":"publish","type":"page","link":"https:\/\/select-luxury.travel\/en\/selections\/private\/5%e2%98%85-the-ritz-carlton-dubai","title":{"rendered":"5\u2605 The Ritz-Carlton Dubai"},"content":{"rendered":"<p><span class=\"text-braun\">Exclusive luxury resort with its own white sandy beach right by the sea<\/span><\/p>\n<p>Spacious suites, a world-class spa and a large selection of international restaurants await guests at The Ritz-Carlton Dubai. With its Mediterranean-style architecture, the luxury hotel stands out from Dubai's typical skyscrapers and offers its guests an oasis of calm in the midst of a vibrant global metropolis. The mixture of Arabian flair and internationally recognised Ritz-Carlton charm is impressive at all levels. Six pools, nine restaurants and bars, a luxurious spa and a private sandy beach promise guests absolute comfort. The direct location on the exclusive waterfront promenade The Walk in the Jumeirah Beach Residence district invites guests to go on extensive shopping tours with its numerous shops and boutiques. The Mediterranean-style luxury hotel is quite small by Dubai standards. Here you can enjoy traditional Arabian hospitality combined with the amenities of a modern 5-star hotel. <\/p>","protected":false},"excerpt":{"rendered":"<p>Exklusives Luxus-Resort mit hauseigenem wei\u00dfen Sandstrand direkt am Meer Gro\u00dfz\u00fcgige Suiten, ein Weltklasse Spa sowie eine gro\u00dfe Auswahl an internationalen Restaurants erwartet G\u00e4ste des The Ritz-Carlton Dubai. Mit seiner mediterran anmutenden Architektur hebt sich das Luxushotel von den typischen Wolkenkratzern Dubais ab und offeriert seinen G\u00e4sten eine Oase der Ruhe inmitten einer pulsierenden Weltmetropole. Die [&hellip;]<\/p>\n","protected":false},"author":4,"featured_media":0,"parent":514,"menu_order":0,"comment_status":"closed","ping_status":"closed","template":"page-reise_detail3.php","meta":{"_acf_changed":false,"inline_featured_image":false,"footnotes":""},"categories":[12,9,8,2],"tags":[],"class_list":["post-18151","page","type-page","status-publish","hentry","category-island-selections","category-private-selections","category-reisen","category-unkategorisiert"],"acf":[],"_links":{"self":[{"href":"https:\/\/select-luxury.travel\/en\/wp-json\/wp\/v2\/pages\/18151","targetHints":{"allow":["GET"]}}],"collection":[{"href":"https:\/\/select-luxury.travel\/en\/wp-json\/wp\/v2\/pages"}],"about":[{"href":"https:\/\/select-luxury.travel\/en\/wp-json\/wp\/v2\/types\/page"}],"author":[{"embeddable":true,"href":"https:\/\/select-luxury.travel\/en\/wp-json\/wp\/v2\/users\/4"}],"replies":[{"embeddable":true,"href":"https:\/\/select-luxury.travel\/en\/wp-json\/wp\/v2\/comments?post=18151"}],"version-history":[{"count":21,"href":"https:\/\/select-luxury.travel\/en\/wp-json\/wp\/v2\/pages\/18151\/revisions"}],"predecessor-version":[{"id":69421,"href":"https:\/\/select-luxury.travel\/en\/wp-json\/wp\/v2\/pages\/18151\/revisions\/69421"}],"up":[{"embeddable":true,"href":"https:\/\/select-luxury.travel\/en\/wp-json\/wp\/v2\/pages\/514"}],"wp:attachment":[{"href":"https:\/\/select-luxury.travel\/en\/wp-json\/wp\/v2\/media?parent=18151"}],"wp:term":[{"taxonomy":"category","embeddable":true,"href":"https:\/\/select-luxury.travel\/en\/wp-json\/wp\/v2\/categories?post=18151"},{"taxonomy":"post_tag","embeddable":true,"href":"https:\/\/select-luxury.travel\/en\/wp-json\/wp\/v2\/tags?post=18151"}],"curies":[{"name":"wp","href":"https:\/\/api.w.org\/{rel}","templated":true}]}}